{"id":57776,"date":"2025-11-06T15:09:29","date_gmt":"2025-11-06T15:09:29","guid":{"rendered":"https:\/\/skinstudio.ee\/?post_type=product&#038;p=57776"},"modified":"2025-12-18T13:31:31","modified_gmt":"2025-12-18T13:31:31","slug":"endocare-hyaluboost-age-barrier-serum","status":"publish","type":"product","link":"https:\/\/skinstudio.ee\/lt\/catalog\/cantabria-labs\/endocare-hyaluboost-age-barrier-serum\/","title":{"rendered":"Endocare Hyaluboost Age Barrier Serum"},"content":{"rendered":"<p data-start=\"1427\" data-end=\"1819\"><strong data-start=\"1434\" data-end=\"1475\">Endocare Hyaluboost Age Barrier Serum<\/strong> \u2013 tai didelio veiksmingumo sen\u0117jim\u0105 stabdantis serumas, skirtas stiprinti odos apsaugin\u012f barjer\u0105, intensyviai dr\u0117kinti ir atkurti elastingum\u0105. Formul\u0117je derinami <strong data-start=\"1638\" data-end=\"1659\">hialurono r\u016bg\u0161tis<\/strong>, <strong data-start=\"1661\" data-end=\"1677\">vitaminas B5<\/strong>, <strong data-start=\"1679\" data-end=\"1695\">niacinamidas<\/strong> ir unikali <strong data-start=\"1707\" data-end=\"1733\">EDAFENCE\u00ae technologija<\/strong>, apsauganti od\u0105 nuo aplinkos poveikio ir padedanti i\u0161vengti prie\u0161laikinio sen\u0117jimo.<\/p>\n<p data-start=\"1821\" data-end=\"2048\">Serumas idealiai tinka dehidratuotai, pavargusiai ir brand\u017eiai odai, taip pat jaunai odai sveiko barjero palaikymui. Jis suteikia gili\u0105 dr\u0117gm\u0119, ma\u017eina smulkias rauk\u0161les, gerina elastingum\u0105 ir suteikia odai nat\u016bral\u0173 \u0161vyt\u0117jim\u0105.<\/p>\n<p data-start=\"2050\" data-end=\"2206\"><strong data-start=\"2050\" data-end=\"2083\">Klini\u0161kai \u012frodyti rezultatai:<\/strong><br data-start=\"2083\" data-end=\"2086\" \/>Po 1 savait\u0117s:<br data-start=\"2100\" data-end=\"2103\" \/>\u2022 Sustiprintas odos barjeras<br data-start=\"2131\" data-end=\"2134\" \/>\u2022 Intensyvus dr\u0117kinimas<br data-start=\"2157\" data-end=\"2160\" \/>\u2022 Naudojant toliau, rezultatai nuolat ger\u0117ja<\/p>\n<p data-start=\"2208\" data-end=\"2352\">Po 28 dien\u0173:<br data-start=\"2220\" data-end=\"2223\" \/>\u2022 Oda tapo stangresn\u0117 ir elastingesn\u0117<br data-start=\"2260\" data-end=\"2263\" \/>\u2022 Suma\u017e\u0117jo rauk\u0161li\u0173 gylis<br data-start=\"2288\" data-end=\"2291\" \/>\u2022 90% naudotoj\u0173 pasteb\u0117jo gaivesn\u0119 ir labiau pamaitint\u0105 od\u0105<\/p>\n<p data-start=\"2354\" data-end=\"2372\"><strong data-start=\"2354\" data-end=\"2364\">T\u016bris:<\/strong> 30 ml<\/p>\n","protected":false},"excerpt":{"rendered":"<p data-start=\"2495\" data-end=\"2548\">Sen\u0117jim\u0105 stabdantis serumas odos barjerui stiprinti<\/p>\n<h2 data-start=\"2550\" data-end=\"2825\"><strong data-start=\"2550\" data-end=\"2616\">Cantabria Labs &#8211; Endocare Hyaluboost Age Barrier Serum <\/strong><strong data-start=\"2550\" data-end=\"2616\">Savyb\u0117s<\/strong><\/h2>\n<p data-start=\"2550\" data-end=\"2825\" data-is-last-node=\"\" data-is-only-node=\"\">\u2714\ufe0fStiprina ir atkuria odos barjer\u0105<br data-start=\"2653\" data-end=\"2656\" \/>\u2714\ufe0fGiliai dr\u0117kina ir didina odos tank\u012f<br data-start=\"2693\" data-end=\"2696\" \/>\u2714\ufe0fMa\u017eina rauk\u0161les ir gerina elastingum\u0105<br data-start=\"2735\" data-end=\"2738\" \/>\u2714\ufe0fApsaugo nuo aplinkos streso veiksni\u0173<br data-start=\"2776\" data-end=\"2779\" \/>\u2714\ufe0fSuteikia odai gaivumo, \u0161velnumo ir spindesio<\/p>\n","protected":false},"featured_media":65163,"template":"","meta":[],"pwb-brand":[1202],"product_brand":[],"product_cat":[750,724],"product_tag":[],"giftcard-category":[],"class_list":{"0":"post-57776","1":"product","2":"type-product","3":"status-publish","4":"has-post-thumbnail","6":"pwb-brand-cantabria-labs","7":"product_cat-senstanti-oda","8":"product_cat-serumai","10":"first","11":"instock","12":"taxable","13":"shipping-taxable","14":"purchasable","15":"product-type-simple"},"acf":[],"brands":[{"id":1202,"name":"Cantabria Labs","slug":"cantabria-labs"}],"_links":{"self":[{"href":"https:\/\/skinstudio.ee\/lt\/wp-json\/wp\/v2\/product\/57776","targetHints":{"allow":["GET"]}}],"collection":[{"href":"https:\/\/skinstudio.ee\/lt\/wp-json\/wp\/v2\/product"}],"about":[{"href":"https:\/\/skinstudio.ee\/lt\/wp-json\/wp\/v2\/types\/product"}],"version-history":[{"count":0,"href":"https:\/\/skinstudio.ee\/lt\/wp-json\/wp\/v2\/product\/57776\/revisions"}],"wp:featuredmedia":[{"embeddable":true,"href":"https:\/\/skinstudio.ee\/lt\/wp-json\/wp\/v2\/media\/65163"}],"wp:attachment":[{"href":"https:\/\/skinstudio.ee\/lt\/wp-json\/wp\/v2\/media?parent=57776"}],"wp:term":[{"taxonomy":"pwb-brand","embeddable":true,"href":"https:\/\/skinstudio.ee\/lt\/wp-json\/wp\/v2\/pwb-brand?post=57776"},{"taxonomy":"product_brand","embeddable":true,"href":"https:\/\/skinstudio.ee\/lt\/wp-json\/wp\/v2\/product_brand?post=57776"},{"taxonomy":"product_cat","embeddable":true,"href":"https:\/\/skinstudio.ee\/lt\/wp-json\/wp\/v2\/product_cat?post=57776"},{"taxonomy":"product_tag","embeddable":true,"href":"https:\/\/skinstudio.ee\/lt\/wp-json\/wp\/v2\/product_tag?post=57776"},{"taxonomy":"giftcard-category","embeddable":true,"href":"https:\/\/skinstudio.ee\/lt\/wp-json\/wp\/v2\/giftcard-category?post=57776"}],"curies":[{"name":"wp","href":"https:\/\/api.w.org\/{rel}","templated":true}]}}