{"id":57792,"date":"2025-11-06T15:21:34","date_gmt":"2025-11-06T15:21:34","guid":{"rendered":"https:\/\/skinstudio.ee\/?post_type=product&#038;p=57792"},"modified":"2025-12-18T13:31:31","modified_gmt":"2025-12-18T13:31:31","slug":"endocare-age-barrier-hyaluboost-eye-contour","status":"publish","type":"product","link":"https:\/\/skinstudio.ee\/lt\/catalog\/cantabria-labs\/endocare-age-barrier-hyaluboost-eye-contour\/","title":{"rendered":"Endocare Age Barrier Hyaluboost Eye Contour"},"content":{"rendered":"<p data-start=\"1138\" data-end=\"1462\"><strong data-start=\"1145\" data-end=\"1192\">Endocare Age Barrier Hyaluboost Eye Contour<\/strong> &#8211; lengvos tekst\u016bros dr\u0117kinamasis aki\u0173 kremas, kuris ma\u017eina smulkias rauk\u0161leles, nuovargio po\u017eymius ir suteikia \u017evilgsniui gaivumo bei spindesio. Formul\u0117je derinami <strong data-start=\"1357\" data-end=\"1378\">hialurono r\u016bg\u0161tis<\/strong> ir <strong data-start=\"1382\" data-end=\"1398\">niacinamidas<\/strong>, kurie giliai dr\u0117kina, stiprina od\u0105 ir tolygina jos tekst\u016br\u0105.<\/p>\n<p data-start=\"1464\" data-end=\"1651\">D\u0117l <strong data-start=\"1468\" data-end=\"1495\">EDAFENCE\u00ae technologijos<\/strong> kremas aktyvina ir stiprina odos apsaugin\u012f barjer\u0105, apsaugo jautri\u0105 paaki\u0173 srit\u012f nuo aplinkos poveikio bei padeda i\u0161laikyti jos stangrum\u0105 ir elastingum\u0105.<\/p>\n<p data-start=\"1653\" data-end=\"1775\">Reguliariai naudojant oda tampa lygesn\u0117, stangresn\u0117 ir \u0161viesesn\u0117, suma\u017e\u0117ja nuovargio ir prie\u0161laikinio sen\u0117jimo po\u017eymiai.<\/p>\n<p data-start=\"1777\" data-end=\"1795\"><strong data-start=\"1777\" data-end=\"1787\">T\u016bris:<\/strong> 15 ml<\/p>\n","protected":false},"excerpt":{"rendered":"<p data-start=\"1974\" data-end=\"2008\">Dr\u0117kinamasis aki\u0173 kont\u016bro kremas<\/p>\n<h2 data-start=\"2010\" data-end=\"2296\"><strong data-start=\"2010\" data-end=\"2082\">Cantabria Labs &#8211; Endocare Age Barrier Hyaluboost Eye Contour Savyb\u0117s<\/strong><\/h2>\n<p data-start=\"2010\" data-end=\"2296\" data-is-last-node=\"\" data-is-only-node=\"\">\u2714\ufe0fGiliai dr\u0117kina ir mink\u0161tina od\u0105<br data-start=\"2118\" data-end=\"2121\" \/>\u2714\ufe0fMa\u017eina smulkias rauk\u0161leles ir nuovargio po\u017eymius<br data-start=\"2171\" data-end=\"2174\" \/>\u2714\ufe0fPa\u0161viesina ir atgaivina paaki\u0173 srit\u012f<br data-start=\"2212\" data-end=\"2215\" \/>\u2714\ufe0fStiprina odos barjer\u0105 ir gerina elastingum\u0105<br data-start=\"2260\" data-end=\"2263\" \/>\u2714\ufe0fApsaugo jautri\u0105 od\u0105 aplink akis<\/p>\n","protected":false},"featured_media":65158,"template":"","meta":[],"pwb-brand":[1202],"product_brand":[],"product_cat":[734,750],"product_tag":[],"giftcard-category":[],"class_list":{"0":"post-57792","1":"product","2":"type-product","3":"status-publish","4":"has-post-thumbnail","6":"pwb-brand-cantabria-labs","7":"product_cat-oda-aplink-akis","8":"product_cat-senstanti-oda","10":"first","11":"instock","12":"taxable","13":"shipping-taxable","14":"purchasable","15":"product-type-simple"},"acf":[],"brands":[{"id":1202,"name":"Cantabria Labs","slug":"cantabria-labs"}],"_links":{"self":[{"href":"https:\/\/skinstudio.ee\/lt\/wp-json\/wp\/v2\/product\/57792","targetHints":{"allow":["GET"]}}],"collection":[{"href":"https:\/\/skinstudio.ee\/lt\/wp-json\/wp\/v2\/product"}],"about":[{"href":"https:\/\/skinstudio.ee\/lt\/wp-json\/wp\/v2\/types\/product"}],"version-history":[{"count":0,"href":"https:\/\/skinstudio.ee\/lt\/wp-json\/wp\/v2\/product\/57792\/revisions"}],"wp:featuredmedia":[{"embeddable":true,"href":"https:\/\/skinstudio.ee\/lt\/wp-json\/wp\/v2\/media\/65158"}],"wp:attachment":[{"href":"https:\/\/skinstudio.ee\/lt\/wp-json\/wp\/v2\/media?parent=57792"}],"wp:term":[{"taxonomy":"pwb-brand","embeddable":true,"href":"https:\/\/skinstudio.ee\/lt\/wp-json\/wp\/v2\/pwb-brand?post=57792"},{"taxonomy":"product_brand","embeddable":true,"href":"https:\/\/skinstudio.ee\/lt\/wp-json\/wp\/v2\/product_brand?post=57792"},{"taxonomy":"product_cat","embeddable":true,"href":"https:\/\/skinstudio.ee\/lt\/wp-json\/wp\/v2\/product_cat?post=57792"},{"taxonomy":"product_tag","embeddable":true,"href":"https:\/\/skinstudio.ee\/lt\/wp-json\/wp\/v2\/product_tag?post=57792"},{"taxonomy":"giftcard-category","embeddable":true,"href":"https:\/\/skinstudio.ee\/lt\/wp-json\/wp\/v2\/giftcard-category?post=57792"}],"curies":[{"name":"wp","href":"https:\/\/api.w.org\/{rel}","templated":true}]}}