{"id":57809,"date":"2025-11-06T15:38:30","date_gmt":"2025-11-06T15:38:30","guid":{"rendered":"https:\/\/skinstudio.ee\/?post_type=product&#038;p=57809"},"modified":"2025-12-18T13:31:31","modified_gmt":"2025-12-18T13:31:31","slug":"endocare-age-barrier-niacinal-serum-gel","status":"publish","type":"product","link":"https:\/\/skinstudio.ee\/lt\/catalog\/cantabria-labs\/endocare-age-barrier-niacinal-serum-gel\/","title":{"rendered":"Endocare Age Barrier Niacinal Serum Gel"},"content":{"rendered":"<p data-start=\"1290\" data-end=\"1599\"><strong data-start=\"1297\" data-end=\"1340\">Endocare Age Barrier Niacinal Serum Gel<\/strong> &#8211; tai raminantis serumas-gelis su 10% niacinamido, sukurtas sausai, jautriai ar sudirgusiai odai atkurti, maitinti ir apsaugoti. Lengva, aksomin\u0117 tekst\u016bra greitai susigeria, pa\u0161alina deginimo ir tempimo poj\u016bt\u012f, suteikdama odai komforto ir sveiko \u0161vyt\u0117jimo.<\/p>\n<p data-start=\"1601\" data-end=\"1881\">Formul\u0117je yra <strong data-start=\"1615\" data-end=\"1650\">hialurono r\u016bg\u0161tis nanokapsul\u0117se<\/strong>, kuri giliai dr\u0117kina ir regeneruoja od\u0105, bei patentuota <strong data-start=\"1707\" data-end=\"1733\">EDAFENCE\u00ae technologija<\/strong>, stiprinanti odos barjer\u0105, didinanti strukt\u016brini\u0173 baltym\u0173 (lorikrino ir filagrino) kiek\u012f ir apsauganti nuo aplinkos tar\u0161os bei i\u0161orini\u0173 veiksni\u0173.<\/p>\n<p data-start=\"1883\" data-end=\"2003\">Reguliarus naudojimas padeda atkurti odos pusiausvyr\u0105, suma\u017einti jautrum\u0105 ir sustiprinti nat\u016brali\u0105 apsaugin\u0119 funkcij\u0105.<\/p>\n<p data-start=\"2005\" data-end=\"2023\"><strong data-start=\"2005\" data-end=\"2015\">T\u016bris:<\/strong> 30 ml<\/p>\n","protected":false},"excerpt":{"rendered":"<p data-start=\"2150\" data-end=\"2199\">Raminamasis serumas-gelis odos barjerui atkurti<\/p>\n<h2 data-start=\"2201\" data-end=\"2532\"><strong data-start=\"2201\" data-end=\"2269\">Cantabria Labs &#8211; Endocare Age Barrier Niacinal Serum Gel Savyb\u0117s<\/strong><\/h2>\n<p data-start=\"2201\" data-end=\"2532\" data-is-last-node=\"\" data-is-only-node=\"\">\u2714\ufe0fSud\u0117tyje yra 10% niacinamido odai atkurti ir stiprinti<br data-start=\"2328\" data-end=\"2331\" \/>\u2714\ufe0fRamina sudirgusi\u0105 ir jautri\u0105 od\u0105<br data-start=\"2365\" data-end=\"2368\" \/>\u2714\ufe0fGiliai dr\u0117kina d\u0117l hialurono r\u016bg\u0161ties<br data-start=\"2407\" data-end=\"2410\" \/>\u2714\ufe0fStiprina odos barjer\u0105 ir apsaugo nuo i\u0161orini\u0173 veiksni\u0173<br data-start=\"2466\" data-end=\"2469\" \/>\u2714\ufe0fPa\u0161alina deginimo ir tempimo poj\u016bt\u012f, suteikia komforto jausm\u0105<\/p>\n","protected":false},"featured_media":91626,"template":"","meta":[],"pwb-brand":[1202],"product_brand":[],"product_cat":[746,750,724],"product_tag":[],"giftcard-category":[],"class_list":{"0":"post-57809","1":"product","2":"type-product","3":"status-publish","4":"has-post-thumbnail","6":"pwb-brand-cantabria-labs","7":"product_cat-jautriai-odai","8":"product_cat-senstanti-oda","9":"product_cat-serumai","11":"first","12":"instock","13":"taxable","14":"shipping-taxable","15":"purchasable","16":"product-type-simple"},"acf":[],"brands":[{"id":1202,"name":"Cantabria Labs","slug":"cantabria-labs"}],"_links":{"self":[{"href":"https:\/\/skinstudio.ee\/lt\/wp-json\/wp\/v2\/product\/57809","targetHints":{"allow":["GET"]}}],"collection":[{"href":"https:\/\/skinstudio.ee\/lt\/wp-json\/wp\/v2\/product"}],"about":[{"href":"https:\/\/skinstudio.ee\/lt\/wp-json\/wp\/v2\/types\/product"}],"version-history":[{"count":0,"href":"https:\/\/skinstudio.ee\/lt\/wp-json\/wp\/v2\/product\/57809\/revisions"}],"wp:featuredmedia":[{"embeddable":true,"href":"https:\/\/skinstudio.ee\/lt\/wp-json\/wp\/v2\/media\/91626"}],"wp:attachment":[{"href":"https:\/\/skinstudio.ee\/lt\/wp-json\/wp\/v2\/media?parent=57809"}],"wp:term":[{"taxonomy":"pwb-brand","embeddable":true,"href":"https:\/\/skinstudio.ee\/lt\/wp-json\/wp\/v2\/pwb-brand?post=57809"},{"taxonomy":"product_brand","embeddable":true,"href":"https:\/\/skinstudio.ee\/lt\/wp-json\/wp\/v2\/product_brand?post=57809"},{"taxonomy":"product_cat","embeddable":true,"href":"https:\/\/skinstudio.ee\/lt\/wp-json\/wp\/v2\/product_cat?post=57809"},{"taxonomy":"product_tag","embeddable":true,"href":"https:\/\/skinstudio.ee\/lt\/wp-json\/wp\/v2\/product_tag?post=57809"},{"taxonomy":"giftcard-category","embeddable":true,"href":"https:\/\/skinstudio.ee\/lt\/wp-json\/wp\/v2\/giftcard-category?post=57809"}],"curies":[{"name":"wp","href":"https:\/\/api.w.org\/{rel}","templated":true}]}}