{"id":57835,"date":"2025-11-06T15:47:15","date_gmt":"2025-11-06T15:47:15","guid":{"rendered":"https:\/\/skinstudio.ee\/?post_type=product&#038;p=57835"},"modified":"2026-04-09T10:01:04","modified_gmt":"2026-04-09T10:01:04","slug":"endocare-renewal-intensive-retinol-serum","status":"publish","type":"product","link":"https:\/\/skinstudio.ee\/lt\/catalog\/cantabria-labs\/endocare-renewal-intensive-retinol-serum\/","title":{"rendered":"Endocare Renewal Intensive Retinol Serum"},"content":{"rendered":"<p data-start=\"4929\" data-end=\"5313\"><strong data-start=\"4929\" data-end=\"5015\">Endocare Renewal Intensive Retinol Serum nuo <span class=\"hover:entity-accent entity-underline inline cursor-pointer align-baseline\"><span class=\"whitespace-normal\">Cantabria Labs<\/span><\/span><\/strong> yra auk\u0161tos veiksmingumo sen\u0117jim\u0105 ma\u017einantis serumas, skirtas intensyviam odos atsinaujinimui, i\u0161lyginimui ir atk\u016brimui. Formul\u0117 paremta patentuota RetinSphere\u00ae technologija, kuri sujungia du stabilius retinoidus mikrosferose, u\u017etikrinant kontroliuojam\u0105 j\u0173 i\u0161siskyrim\u0105 ir ma\u017eesn\u0119 dirginimo rizik\u0105.<\/p>\n<p data-start=\"5315\" data-end=\"5629\">Serumas skatina l\u0105steli\u0173 atsinaujinim\u0105, gerina odos regeneracij\u0105 ir kolageno sintez\u0119, padeda didinti odos tank\u012f, elastingum\u0105 ir glotnum\u0105. Jis veikia rauk\u0161les, nelygi\u0105 tekst\u016br\u0105, papilk\u0117jusi\u0105 od\u0105 ir fotosen\u0117jimo po\u017eymius. Bevand\u0117 tekst\u016bra greitai susigeria, nepalieka riebumo poj\u016b\u010dio ir suteikia odai \u0161ilkin\u012f efekt\u0105.<\/p>\n<p data-start=\"5631\" data-end=\"5900\">Produktas pateikiamas keli\u0173 retinolio koncentracij\u0173 <strong>(0,2%, 0,3% ir 0,5%)<\/strong>, tod\u0117l galima palaipsniui didinti intensyvum\u0105 \u2014 prad\u0117ti nuo ma\u017eesn\u0117s koncentracijos ir didinti j\u0105 odai prisitaikant. Tai padeda pasiekti geresnius rezultatus ir u\u017etikrina komforti\u0161kesn\u012f naudojim\u0105.<\/p>\n<p data-start=\"5902\" data-end=\"6062\">Reguliarus naudojimas padeda odai tapti lygesnei, skaistesnei ir vizualiai atsinaujinusiai. Puikiai tinka vakarinei prie\u017ei\u016brai ir intensyviam odos atnaujinimui.<\/p>\n<p data-start=\"6064\" data-end=\"6080\"><strong data-start=\"6064\" data-end=\"6080\">T\u016bris: 30 ml<\/strong><\/p>\n","protected":false},"excerpt":{"rendered":"<p data-start=\"3088\" data-end=\"3152\">Atnaujinamasis retinolio serumas odos spindesiui ir stangrumui<\/p>\n<h2 data-start=\"3154\" data-end=\"3458\"><strong data-start=\"3154\" data-end=\"3223\">Cantabria Labs &#8211; Endocare Renewal Intensive Retinol Serum <\/strong><strong data-start=\"3154\" data-end=\"3223\">Savyb\u0117s<\/strong><\/h2>\n<p data-start=\"3154\" data-end=\"3458\" data-is-last-node=\"\" data-is-only-node=\"\">\u2714\ufe0fIntensyviai atnaujina ir i\u0161lygina od\u0105<br data-start=\"3265\" data-end=\"3268\" \/>\u2714\ufe0fMa\u017eina rauk\u0161les ir gerina odos tank\u012f<br data-start=\"3306\" data-end=\"3309\" \/>\u2714\ufe0fSkatina l\u0105steli\u0173 regeneracij\u0105 ir kolageno gamyb\u0105<br data-start=\"3359\" data-end=\"3362\" \/>\u2714\ufe0fSuteikia odai sveik\u0105 spindes\u012f ir gaivum\u0105<br data-start=\"3404\" data-end=\"3407\" \/>\u2714\ufe0fU\u017etikrina stipr\u0173 retinolio poveik\u012f be sudirginimo<\/p>\n","protected":false},"featured_media":65147,"template":"","meta":[],"pwb-brand":[1202],"product_brand":[],"product_cat":[750,724,728],"product_tag":[],"giftcard-category":[],"class_list":{"0":"post-57835","1":"product","2":"type-product","3":"status-publish","4":"has-post-thumbnail","6":"pwb-brand-cantabria-labs","7":"product_cat-senstanti-oda","8":"product_cat-serumai","9":"product_cat-vitaminas-a-retinolis","11":"first","12":"instock","13":"taxable","14":"shipping-taxable","15":"purchasable","16":"product-type-variable"},"acf":[],"brands":[{"id":1202,"name":"Cantabria Labs","slug":"cantabria-labs"}],"_links":{"self":[{"href":"https:\/\/skinstudio.ee\/lt\/wp-json\/wp\/v2\/product\/57835","targetHints":{"allow":["GET"]}}],"collection":[{"href":"https:\/\/skinstudio.ee\/lt\/wp-json\/wp\/v2\/product"}],"about":[{"href":"https:\/\/skinstudio.ee\/lt\/wp-json\/wp\/v2\/types\/product"}],"version-history":[{"count":1,"href":"https:\/\/skinstudio.ee\/lt\/wp-json\/wp\/v2\/product\/57835\/revisions"}],"predecessor-version":[{"id":90159,"href":"https:\/\/skinstudio.ee\/lt\/wp-json\/wp\/v2\/product\/57835\/revisions\/90159"}],"wp:featuredmedia":[{"embeddable":true,"href":"https:\/\/skinstudio.ee\/lt\/wp-json\/wp\/v2\/media\/65147"}],"wp:attachment":[{"href":"https:\/\/skinstudio.ee\/lt\/wp-json\/wp\/v2\/media?parent=57835"}],"wp:term":[{"taxonomy":"pwb-brand","embeddable":true,"href":"https:\/\/skinstudio.ee\/lt\/wp-json\/wp\/v2\/pwb-brand?post=57835"},{"taxonomy":"product_brand","embeddable":true,"href":"https:\/\/skinstudio.ee\/lt\/wp-json\/wp\/v2\/product_brand?post=57835"},{"taxonomy":"product_cat","embeddable":true,"href":"https:\/\/skinstudio.ee\/lt\/wp-json\/wp\/v2\/product_cat?post=57835"},{"taxonomy":"product_tag","embeddable":true,"href":"https:\/\/skinstudio.ee\/lt\/wp-json\/wp\/v2\/product_tag?post=57835"},{"taxonomy":"giftcard-category","embeddable":true,"href":"https:\/\/skinstudio.ee\/lt\/wp-json\/wp\/v2\/giftcard-category?post=57835"}],"curies":[{"name":"wp","href":"https:\/\/api.w.org\/{rel}","templated":true}]}}