{"id":57888,"date":"2025-11-06T16:18:19","date_gmt":"2025-11-06T16:18:19","guid":{"rendered":"https:\/\/skinstudio.ee\/?post_type=product&#038;p=57888"},"modified":"2025-12-18T13:31:31","modified_gmt":"2025-12-18T13:31:31","slug":"endocare-renewal-comfort-cream","status":"publish","type":"product","link":"https:\/\/skinstudio.ee\/lt\/catalog\/cantabria-labs\/endocare-renewal-comfort-cream\/","title":{"rendered":"Endocare Renewal Comfort Cream"},"content":{"rendered":"<p data-start=\"1463\" data-end=\"1836\"><strong data-start=\"1468\" data-end=\"1502\">Endocare Renewal Comfort Cream<\/strong> yra lengvas atkuriamasis kremas su <strong data-start=\"1538\" data-end=\"1556\">0,2% retinalio<\/strong>, sukurtas intensyviai pri\u017ei\u016br\u0117ti jautri\u0105, sudirgusi\u0105 ir dehidratuot\u0105 od\u0105. Jo formul\u0117je derinamos dr\u0117kinan\u010dios, raminan\u010dios ir barjer\u0105 stiprinan\u010dios veikliosios med\u017eiagos, kurios akimirksniu ma\u017eina diskomfort\u0105, paraudim\u0105 ir tempimo poj\u016bt\u012f, palikdamos od\u0105 \u0161velni\u0105 ir komforti\u0161k\u0105.<\/p>\n<p data-start=\"1838\" data-end=\"2191\">RetinSphere\u00ae technologija su 0,2% retinalio \u0161velniai aktyvina l\u0105steli\u0173 atsinaujinimo procesus, skatina kolageno sintez\u0119 ir gerina odos tekst\u016br\u0105, nesukeldama sudirginimo. Patent\u0173 apsaugota EDAFENCE\u00ae technologija saugo od\u0105 nuo aplinkos poveikio \u2013 tar\u0161os, streso ir temperat\u016bros svyravim\u0173 \u2013 kartu stiprindama jos apsaugin\u012f barjer\u0105 ir didindama atsparum\u0105.<\/p>\n<p data-start=\"2193\" data-end=\"2457\">Lengva, ta\u010diau maitinanti tekst\u016bra greitai \u012fsigeria, nepalieka riebios pl\u0117vel\u0117s ir suteikia akimirksn\u012f komfort\u0105 net labai jautriai odai. Reguliariai naudojant oda tampa lygesn\u0117, labiau sudr\u0117kinta ir subalansuota, o jos apsaugin\u0117s funkcijos pastebimai sustipr\u0117ja.<\/p>\n<p data-start=\"2459\" data-end=\"2477\"><strong data-start=\"2459\" data-end=\"2469\">T\u016bris:<\/strong> 50 ml<\/p>\n<p data-start=\"2479\" data-end=\"2601\">\n","protected":false},"excerpt":{"rendered":"<p data-start=\"2603\" data-end=\"2674\">Dr\u0117kinamasis kremas odos atstatymui ir apsauginio barjero stiprinimui<\/p>\n<h2 data-start=\"2676\" data-end=\"2964\"><strong data-start=\"2676\" data-end=\"2735\">Cantabria Labs &#8211; Endocare Renewal Comfort Cream <\/strong><strong data-start=\"2676\" data-end=\"2735\">Savyb\u0117s<\/strong><\/h2>\n<p data-start=\"2676\" data-end=\"2964\" data-is-last-node=\"\" data-is-only-node=\"\">\u2714\ufe0fRamina sudirgusi\u0105 od\u0105 ir ma\u017eina paraudim\u0105<br data-start=\"2781\" data-end=\"2784\" \/>\u2714\ufe0fAtkuria ir stiprina odos apsaugin\u012f barjer\u0105<br data-start=\"2828\" data-end=\"2831\" \/>\u2714\ufe0fSkatina nat\u016bral\u0173 l\u0105steli\u0173 atsinaujinim\u0105<br data-start=\"2872\" data-end=\"2875\" \/>\u2714\ufe0fApsaugo od\u0105 nuo i\u0161orini\u0173 veiksni\u0173<br data-start=\"2910\" data-end=\"2913\" \/>\u2714\ufe0fSuteikia gili\u0105 dr\u0117gm\u0119 ir komfort\u0105 jautriai odai<\/p>\n","protected":false},"featured_media":65137,"template":"","meta":[],"pwb-brand":[1202],"product_brand":[],"product_cat":[738,750,728],"product_tag":[],"giftcard-category":[],"class_list":{"0":"post-57888","1":"product","2":"type-product","3":"status-publish","4":"has-post-thumbnail","6":"pwb-brand-cantabria-labs","7":"product_cat-drekinimas","8":"product_cat-senstanti-oda","9":"product_cat-vitaminas-a-retinolis","11":"first","12":"instock","13":"taxable","14":"shipping-taxable","15":"purchasable","16":"product-type-simple"},"acf":[],"brands":[{"id":1202,"name":"Cantabria Labs","slug":"cantabria-labs"}],"_links":{"self":[{"href":"https:\/\/skinstudio.ee\/lt\/wp-json\/wp\/v2\/product\/57888","targetHints":{"allow":["GET"]}}],"collection":[{"href":"https:\/\/skinstudio.ee\/lt\/wp-json\/wp\/v2\/product"}],"about":[{"href":"https:\/\/skinstudio.ee\/lt\/wp-json\/wp\/v2\/types\/product"}],"version-history":[{"count":0,"href":"https:\/\/skinstudio.ee\/lt\/wp-json\/wp\/v2\/product\/57888\/revisions"}],"wp:featuredmedia":[{"embeddable":true,"href":"https:\/\/skinstudio.ee\/lt\/wp-json\/wp\/v2\/media\/65137"}],"wp:attachment":[{"href":"https:\/\/skinstudio.ee\/lt\/wp-json\/wp\/v2\/media?parent=57888"}],"wp:term":[{"taxonomy":"pwb-brand","embeddable":true,"href":"https:\/\/skinstudio.ee\/lt\/wp-json\/wp\/v2\/pwb-brand?post=57888"},{"taxonomy":"product_brand","embeddable":true,"href":"https:\/\/skinstudio.ee\/lt\/wp-json\/wp\/v2\/product_brand?post=57888"},{"taxonomy":"product_cat","embeddable":true,"href":"https:\/\/skinstudio.ee\/lt\/wp-json\/wp\/v2\/product_cat?post=57888"},{"taxonomy":"product_tag","embeddable":true,"href":"https:\/\/skinstudio.ee\/lt\/wp-json\/wp\/v2\/product_tag?post=57888"},{"taxonomy":"giftcard-category","embeddable":true,"href":"https:\/\/skinstudio.ee\/lt\/wp-json\/wp\/v2\/giftcard-category?post=57888"}],"curies":[{"name":"wp","href":"https:\/\/api.w.org\/{rel}","templated":true}]}}