{"id":57919,"date":"2025-11-06T16:37:12","date_gmt":"2025-11-06T16:37:12","guid":{"rendered":"https:\/\/skinstudio.ee\/?post_type=product&#038;p=57919"},"modified":"2025-12-18T13:31:31","modified_gmt":"2025-12-18T13:31:31","slug":"endocare-glycoperfect-az-intensive-serum","status":"publish","type":"product","link":"https:\/\/skinstudio.ee\/lt\/catalog\/cantabria-labs\/endocare-glycoperfect-az-intensive-serum\/","title":{"rendered":"Endocare Glycoperfect [Az] Intensive Serum"},"content":{"rendered":"<p data-start=\"1485\" data-end=\"1846\"><strong>Endocare Glycoperfect [Az] Intensive Serum<\/strong> &#8211; intensyvus sen\u0117jim\u0105 stabdantis serumas su AHA glikolio r\u016bg\u0161timi, sukurtas giliam odos atnaujinimui ir tekst\u016bros i\u0161lyginimui. Formul\u0117 \u0161velniai pa\u0161alina negyvas l\u0105steles, pagreitina regeneracij\u0105 ir suteikia odai glotnumo bei \u0161vyt\u0117jimo. Serumas veiksmingai ma\u017eina rauk\u0161les, atkuria gaivum\u0105 ir pagerina odos stangrum\u0105.<\/p>\n<p data-start=\"1848\" data-end=\"2087\">Serumas gerina odos strukt\u016br\u0105 ir elastingum\u0105, atkuria tolyg\u0173 atspalv\u012f ir \u0161velnum\u0105. Reguliariai naudojant Endocare Glycoperfect [Az] Intensive Serum, oda tampa tolygesn\u0117, atsinaujinusi ir pri\u017ei\u016br\u0117ta, suteikiant matom\u0105 atjauninant\u012f efekt\u0105.<\/p>\n<p data-start=\"2089\" data-end=\"2275\">Klinikiniai tyrimai patvirtina rezultatus jau po 28 dien\u0173 naudojimo:<br data-start=\"2157\" data-end=\"2160\" \/>\u2714\ufe0f 100% pasteb\u0117jo lygesn\u0119 od\u0105<br data-start=\"2189\" data-end=\"2192\" \/>\u2714\ufe0f 95% \u2013 tolygesn\u012f atspalv\u012f ir \u0161velnesn\u0119 od\u0105<br data-start=\"2236\" data-end=\"2239\" \/>\u2714\ufe0f 90% \u2013 pager\u0117jusi\u0105 odos tekst\u016br\u0105<\/p>\n<p data-start=\"2277\" data-end=\"2299\"><strong data-start=\"2277\" data-end=\"2287\">T\u016bris:<\/strong> <strong data-start=\"2288\" data-end=\"2297\">50 ml<\/strong><\/p>\n","protected":false},"excerpt":{"rendered":"<p data-start=\"2499\" data-end=\"2554\">Atjauninantis serumas odos i\u0161lyginimui ir pagerinimui<\/p>\n<h2 data-start=\"2556\" data-end=\"2844\"><strong data-start=\"2556\" data-end=\"2627\">Cantabria Labs &#8211; Endocare Glycoperfect [Az] Intensive Serum Savyb\u0117s<\/strong><\/h2>\n<p data-start=\"2556\" data-end=\"2844\">\u2714\ufe0f Stiprina odos tank\u012f ir elastingum\u0105<br data-start=\"2667\" data-end=\"2670\" \/>\u2714\ufe0f Atkuria nat\u016bral\u0173 spindes\u012f ir glotnum\u0105<br data-start=\"2710\" data-end=\"2713\" \/>\u2714\ufe0f Ma\u017eina matomus sen\u0117jimo po\u017eymius<br data-start=\"2748\" data-end=\"2751\" \/>\u2714\ufe0f Pagerina mikroreljef\u0105 ir i\u0161lygina atspalv\u012f<br data-start=\"2796\" data-end=\"2799\" \/>\u2714\ufe0f Suteikia odai gaivumo ir komforto poj\u016bt\u012f<\/p>\n","protected":false},"featured_media":65132,"template":"","meta":[],"pwb-brand":[1202],"product_brand":[],"product_cat":[750,724],"product_tag":[],"giftcard-category":[],"class_list":{"0":"post-57919","1":"product","2":"type-product","3":"status-publish","4":"has-post-thumbnail","6":"pwb-brand-cantabria-labs","7":"product_cat-senstanti-oda","8":"product_cat-serumai","10":"first","11":"instock","12":"taxable","13":"shipping-taxable","14":"purchasable","15":"product-type-simple"},"acf":[],"brands":[{"id":1202,"name":"Cantabria Labs","slug":"cantabria-labs"}],"_links":{"self":[{"href":"https:\/\/skinstudio.ee\/lt\/wp-json\/wp\/v2\/product\/57919","targetHints":{"allow":["GET"]}}],"collection":[{"href":"https:\/\/skinstudio.ee\/lt\/wp-json\/wp\/v2\/product"}],"about":[{"href":"https:\/\/skinstudio.ee\/lt\/wp-json\/wp\/v2\/types\/product"}],"version-history":[{"count":0,"href":"https:\/\/skinstudio.ee\/lt\/wp-json\/wp\/v2\/product\/57919\/revisions"}],"wp:featuredmedia":[{"embeddable":true,"href":"https:\/\/skinstudio.ee\/lt\/wp-json\/wp\/v2\/media\/65132"}],"wp:attachment":[{"href":"https:\/\/skinstudio.ee\/lt\/wp-json\/wp\/v2\/media?parent=57919"}],"wp:term":[{"taxonomy":"pwb-brand","embeddable":true,"href":"https:\/\/skinstudio.ee\/lt\/wp-json\/wp\/v2\/pwb-brand?post=57919"},{"taxonomy":"product_brand","embeddable":true,"href":"https:\/\/skinstudio.ee\/lt\/wp-json\/wp\/v2\/product_brand?post=57919"},{"taxonomy":"product_cat","embeddable":true,"href":"https:\/\/skinstudio.ee\/lt\/wp-json\/wp\/v2\/product_cat?post=57919"},{"taxonomy":"product_tag","embeddable":true,"href":"https:\/\/skinstudio.ee\/lt\/wp-json\/wp\/v2\/product_tag?post=57919"},{"taxonomy":"giftcard-category","embeddable":true,"href":"https:\/\/skinstudio.ee\/lt\/wp-json\/wp\/v2\/giftcard-category?post=57919"}],"curies":[{"name":"wp","href":"https:\/\/api.w.org\/{rel}","templated":true}]}}