{"id":57937,"date":"2025-11-07T08:18:58","date_gmt":"2025-11-07T08:18:58","guid":{"rendered":"https:\/\/skinstudio.ee\/?post_type=product&#038;p=57937"},"modified":"2025-12-18T13:31:31","modified_gmt":"2025-12-18T13:31:31","slug":"endocare-glycoperfect-az-creamy-cleanser","status":"publish","type":"product","link":"https:\/\/skinstudio.ee\/lt\/catalog\/cantabria-labs\/endocare-glycoperfect-az-creamy-cleanser\/","title":{"rendered":"Endocare Glycoperfect [Az] Creamy Cleanser"},"content":{"rendered":"<p data-start=\"1670\" data-end=\"2113\">Endocare Glycoperfect [Az] Creamy Cleanser \u2013 \u0161velnus kremin\u0117s tekst\u016bros valiklis su 15% AHA r\u016bg\u0161timis, sukurtas giliam odos valymui ir atnaujinimui. Formul\u0117 \u0161velniai pa\u0161alina negyvas l\u0105steles, valo ne\u0161varumus ir perteklin\u012f sebum\u0105, padeda atgaivinti, pa\u0161viesinti ir i\u0161lyginti od\u0105. Endocare Glycoperfect [Az] Creamy Cleanser puikiai tinka odai su sen\u0117jimo po\u017eymiais, saul\u0117s pa\u017eeidimais ar netolygiu reljefu, atkuriant \u0161var\u0105 ir sveik\u0105 spindes\u012f.<\/p>\n<p data-start=\"2115\" data-end=\"2327\">Valiklis gerina odos strukt\u016br\u0105, ma\u017eina por\u0173 matomum\u0105 ir tolygina atspalv\u012f. Klinikiniai tyrimai patvirtino puik\u0173 toleravim\u0105 ir veiksmingum\u0105 \u2013 reguliariai naudojant, oda tampa \u0161velnesn\u0117, lygesn\u0117 ir atsinaujinusi.<\/p>\n<p data-start=\"2329\" data-end=\"2471\"><strong data-start=\"2329\" data-end=\"2380\">Klinikini\u0173 tyrim\u0173 rezultatai kasdien naudojant:<\/strong><br data-start=\"2380\" data-end=\"2383\" \/>\u2714\ufe0f 89% pasteb\u0117jo lygesn\u0119 od\u0105<br data-start=\"2411\" data-end=\"2414\" \/>\u2714\ufe0f 87% \u2013 \u0161varesnes poras<br data-start=\"2438\" data-end=\"2441\" \/>\u2714\ufe0f 80% \u2013 \u0161vytin\u010di\u0105 veido od\u0105<\/p>\n<p data-start=\"2473\" data-end=\"2496\"><strong data-start=\"2473\" data-end=\"2483\">T\u016bris:<\/strong> <strong data-start=\"2484\" data-end=\"2494\">150 ml<\/strong><\/p>\n","protected":false},"excerpt":{"rendered":"<p data-start=\"2753\" data-end=\"2801\">\u0160velnus valiklis odos atnaujinimui ir gaivumui<\/p>\n<h2 data-start=\"2803\" data-end=\"3084\"><strong data-start=\"2803\" data-end=\"2874\">Cantabria Labs &#8211; Endocare Glycoperfect [Az] Creamy Cleanser Savyb\u0117s<\/strong><\/h2>\n<p data-start=\"2803\" data-end=\"3084\">\u2714\ufe0f Giliai valo od\u0105, i\u0161laikant jos pusiausvyr\u0105<br data-start=\"2922\" data-end=\"2925\" \/>\u2714\ufe0f Atgaivina ir pagerina odos pavir\u0161i\u0173<br data-start=\"2963\" data-end=\"2966\" \/>\u2714\ufe0f Ma\u017eina por\u0173 ir netolygum\u0173 matomum\u0105<br data-start=\"3003\" data-end=\"3006\" \/>\u2714\ufe0f Palieka od\u0105 \u0161velni\u0105, \u0161vari\u0105 ir lygi\u0105<br data-start=\"3045\" data-end=\"3048\" \/>\u2714\ufe0f Atkuria nat\u016bral\u0173 odos \u0161vyt\u0117jim\u0105<\/p>\n","protected":false},"featured_media":65127,"template":"","meta":[],"pwb-brand":[1202],"product_brand":[],"product_cat":[750,718],"product_tag":[],"giftcard-category":[],"class_list":{"0":"post-57937","1":"product","2":"type-product","3":"status-publish","4":"has-post-thumbnail","6":"pwb-brand-cantabria-labs","7":"product_cat-senstanti-oda","8":"product_cat-valymas","10":"first","11":"instock","12":"taxable","13":"shipping-taxable","14":"purchasable","15":"product-type-simple"},"acf":[],"brands":[{"id":1202,"name":"Cantabria Labs","slug":"cantabria-labs"}],"_links":{"self":[{"href":"https:\/\/skinstudio.ee\/lt\/wp-json\/wp\/v2\/product\/57937","targetHints":{"allow":["GET"]}}],"collection":[{"href":"https:\/\/skinstudio.ee\/lt\/wp-json\/wp\/v2\/product"}],"about":[{"href":"https:\/\/skinstudio.ee\/lt\/wp-json\/wp\/v2\/types\/product"}],"version-history":[{"count":0,"href":"https:\/\/skinstudio.ee\/lt\/wp-json\/wp\/v2\/product\/57937\/revisions"}],"wp:featuredmedia":[{"embeddable":true,"href":"https:\/\/skinstudio.ee\/lt\/wp-json\/wp\/v2\/media\/65127"}],"wp:attachment":[{"href":"https:\/\/skinstudio.ee\/lt\/wp-json\/wp\/v2\/media?parent=57937"}],"wp:term":[{"taxonomy":"pwb-brand","embeddable":true,"href":"https:\/\/skinstudio.ee\/lt\/wp-json\/wp\/v2\/pwb-brand?post=57937"},{"taxonomy":"product_brand","embeddable":true,"href":"https:\/\/skinstudio.ee\/lt\/wp-json\/wp\/v2\/product_brand?post=57937"},{"taxonomy":"product_cat","embeddable":true,"href":"https:\/\/skinstudio.ee\/lt\/wp-json\/wp\/v2\/product_cat?post=57937"},{"taxonomy":"product_tag","embeddable":true,"href":"https:\/\/skinstudio.ee\/lt\/wp-json\/wp\/v2\/product_tag?post=57937"},{"taxonomy":"giftcard-category","embeddable":true,"href":"https:\/\/skinstudio.ee\/lt\/wp-json\/wp\/v2\/giftcard-category?post=57937"}],"curies":[{"name":"wp","href":"https:\/\/api.w.org\/{rel}","templated":true}]}}