{"id":57959,"date":"2025-11-07T08:31:39","date_gmt":"2025-11-07T08:31:39","guid":{"rendered":"https:\/\/skinstudio.ee\/?post_type=product&#038;p=57959"},"modified":"2025-12-18T13:31:31","modified_gmt":"2025-12-18T13:31:31","slug":"endocare-retinol-eye-contour-gel","status":"publish","type":"product","link":"https:\/\/skinstudio.ee\/lt\/catalog\/cantabria-labs\/endocare-retinol-eye-contour-gel\/","title":{"rendered":"Endocare Retinol Eye Contour Gel"},"content":{"rendered":"<p data-start=\"2191\" data-end=\"2606\"><strong>Endocare Retinol Eye Contour Gel<\/strong> &#8211; tai novatori\u0161kas sen\u0117jim\u0105 stabdantis aki\u0173 srities gelis, sukurtas veiksmingai ma\u017einti rauk\u0161les ir odos stangrumo praradim\u0105. Formul\u0117 su patentuota RetinSphere\u00ae technologija u\u017etikrina dvigub\u0105 retinolio i\u0161siskyrim\u0105 \u2013 greitam ir ilgalaikiam poveikiui be sudirginimo. Gelis \u0161velniai glotnina od\u0105, gerina jos tekst\u016br\u0105 ir stiprina kont\u016brus, suteikdamas \u017evilgsniui gaivumo ir spindesio.<\/p>\n<p data-start=\"2608\" data-end=\"2925\">Endocare Retinol Eye Contour Gel padeda suma\u017einti mimikos linijas, \u201e\u017e\u0105s\u0173 p\u0117deles\u201c ir nuovargio po\u017eymius, suteikdamas matom\u0105 atjauninant\u012f efekt\u0105 ir pagerindamas odos tank\u012f. Hialurono r\u016bg\u0161tis suteikia lengv\u0105 putlinimo efekt\u0105, o antioksidantai ir kofeinas padeda suma\u017einti tamsius ratilus ir pagerina odos gyvybingum\u0105.<\/p>\n<p data-start=\"2927\" data-end=\"3110\">Reguliariai naudojant, oda aplink akis tampa lygesn\u0117, elastingesn\u0117 ir stangresn\u0117. Kont\u016bras atrodo pails\u0117j\u0119s, sudr\u0117kintas ir tolygesnis, o \u017evilgsnis \u2013 skaistesnis ir jaunatvi\u0161kesnis.<\/p>\n<p data-start=\"3112\" data-end=\"3134\"><strong data-start=\"3112\" data-end=\"3122\">T\u016bris:<\/strong> <strong data-start=\"3123\" data-end=\"3132\">15 ml<\/strong><\/p>\n","protected":false},"excerpt":{"rendered":"<p data-start=\"3678\" data-end=\"3712\">Atjauninantis aki\u0173 srities gelis<\/p>\n<h2 data-start=\"3714\" data-end=\"3984\"><strong data-start=\"3714\" data-end=\"3775\">Cantabria Labs &#8211; Endocare Retinol Eye Contour Gel Savyb\u0117s<\/strong><\/h2>\n<p data-start=\"3714\" data-end=\"3984\">\u2714\ufe0f Ma\u017eina rauk\u0161les ir stiprina od\u0105<br data-start=\"3812\" data-end=\"3815\" \/>\u2714\ufe0f Gaivina ir \u0161viesina aki\u0173 srit\u012f<br data-start=\"3848\" data-end=\"3851\" \/>\u2714\ufe0f Gerina elastingum\u0105 ir stangrum\u0105<br data-start=\"3885\" data-end=\"3888\" \/>\u2714\ufe0f Glotnina odos tekst\u016br\u0105 ir \u0161velnum\u0105<br data-start=\"3925\" data-end=\"3928\" \/>\u2714\ufe0f Suteikia \u017evilgsniui pails\u0117jus\u012f ir spindint\u012f \u012fvaizd\u012f<\/p>\n","protected":false},"featured_media":65122,"template":"","meta":[],"pwb-brand":[1202],"product_brand":[],"product_cat":[734,750,728],"product_tag":[],"giftcard-category":[],"class_list":{"0":"post-57959","1":"product","2":"type-product","3":"status-publish","4":"has-post-thumbnail","6":"pwb-brand-cantabria-labs","7":"product_cat-oda-aplink-akis","8":"product_cat-senstanti-oda","9":"product_cat-vitaminas-a-retinolis","11":"first","12":"instock","13":"taxable","14":"shipping-taxable","15":"purchasable","16":"product-type-simple"},"acf":[],"brands":[{"id":1202,"name":"Cantabria Labs","slug":"cantabria-labs"}],"_links":{"self":[{"href":"https:\/\/skinstudio.ee\/lt\/wp-json\/wp\/v2\/product\/57959","targetHints":{"allow":["GET"]}}],"collection":[{"href":"https:\/\/skinstudio.ee\/lt\/wp-json\/wp\/v2\/product"}],"about":[{"href":"https:\/\/skinstudio.ee\/lt\/wp-json\/wp\/v2\/types\/product"}],"version-history":[{"count":0,"href":"https:\/\/skinstudio.ee\/lt\/wp-json\/wp\/v2\/product\/57959\/revisions"}],"wp:featuredmedia":[{"embeddable":true,"href":"https:\/\/skinstudio.ee\/lt\/wp-json\/wp\/v2\/media\/65122"}],"wp:attachment":[{"href":"https:\/\/skinstudio.ee\/lt\/wp-json\/wp\/v2\/media?parent=57959"}],"wp:term":[{"taxonomy":"pwb-brand","embeddable":true,"href":"https:\/\/skinstudio.ee\/lt\/wp-json\/wp\/v2\/pwb-brand?post=57959"},{"taxonomy":"product_brand","embeddable":true,"href":"https:\/\/skinstudio.ee\/lt\/wp-json\/wp\/v2\/product_brand?post=57959"},{"taxonomy":"product_cat","embeddable":true,"href":"https:\/\/skinstudio.ee\/lt\/wp-json\/wp\/v2\/product_cat?post=57959"},{"taxonomy":"product_tag","embeddable":true,"href":"https:\/\/skinstudio.ee\/lt\/wp-json\/wp\/v2\/product_tag?post=57959"},{"taxonomy":"giftcard-category","embeddable":true,"href":"https:\/\/skinstudio.ee\/lt\/wp-json\/wp\/v2\/giftcard-category?post=57959"}],"curies":[{"name":"wp","href":"https:\/\/api.w.org\/{rel}","templated":true}]}}