{"id":58012,"date":"2025-11-07T09:17:16","date_gmt":"2025-11-07T09:17:16","guid":{"rendered":"https:\/\/skinstudio.ee\/?post_type=product&#038;p=58012"},"modified":"2026-04-09T14:45:15","modified_gmt":"2026-04-09T14:45:15","slug":"iraltone-fortifying-shampoo","status":"publish","type":"product","link":"https:\/\/skinstudio.ee\/lt\/catalog\/cantabria-labs\/iraltone-fortifying-shampoo\/","title":{"rendered":"Iraltone Fortifying Shampoo"},"content":{"rendered":"<p data-start=\"1377\" data-end=\"1687\">Iraltone Fortifying Shampoo &#8211; stiprinantis \u0161amp\u016bnas nuo plauk\u0173 slinkimo, sukurtas naudojant novatori\u0161k\u0105 dvigubo veikimo aktyvi\u0173j\u0173 ingredient\u0173 sistem\u0105. Jis stimuliuoja plauk\u0173 folikulus, skatina nat\u016bral\u0173 plauk\u0173 augim\u0105 ir stiprina j\u0173 strukt\u016br\u0105, tod\u0117l plaukai tampa stipresni, tankesni ir atsparesni pa\u017eeidimams.<\/p>\n<p data-start=\"1689\" data-end=\"1938\">Galvos odos lygyje \u0161amp\u016bnas aktyvina mikrocirkuliacij\u0105, stiprina keratin\u0105 ir atkuria dr\u0117gm\u0117s balans\u0105. Jo antioksidacinis poveikis apsaugo plauk\u0173 folikulus nuo streso veiksni\u0173, o maitinamosios med\u017eiagos suteikia galvos odai komfort\u0105 ir gyvybingum\u0105.<\/p>\n<p data-start=\"1940\" data-end=\"2170\">Plauko stiebo lygyje Iraltone Fortifying Shampoo giliai atkuria ir sustiprina plauko strukt\u016br\u0105, padeda i\u0161vengti l\u016b\u017ein\u0117jimo ir ret\u0117jimo. Reguliariai naudojant, plaukai tampa tankesni, stipresni ir sveikesni nuo \u0161akn\u0173 iki galiuk\u0173.<\/p>\n<p data-start=\"2172\" data-end=\"2195\"><strong data-start=\"2172\" data-end=\"2182\">T\u016bris:<\/strong> 200 ml \/ 400 ml<\/p>\n","protected":false},"excerpt":{"rendered":"<p data-start=\"2336\" data-end=\"2380\">Stiprinamasis \u0161amp\u016bnas nuo plauk\u0173 slinkimo<\/p>\n<h2 data-start=\"2382\" data-end=\"2680\"><strong data-start=\"2382\" data-end=\"2438\">Cantabria Labs &#8211; Iraltone Fortifying Shampoo Savyb\u0117s<\/strong><\/h2>\n<p data-start=\"2382\" data-end=\"2680\">\u2714\ufe0f Ma\u017eina plauk\u0173 slinkim\u0105 ir stiprina folikulus<br data-start=\"2488\" data-end=\"2491\" \/>\u2714\ufe0f Skatina nat\u016bral\u0173 plauk\u0173 augim\u0105<br data-start=\"2524\" data-end=\"2527\" \/>\u2714\ufe0f Atkuria strukt\u016br\u0105 ir padeda i\u0161vengti l\u016b\u017ein\u0117jimo<br data-start=\"2577\" data-end=\"2580\" \/>\u2714\ufe0f Gerina plauk\u0173 tank\u012f ir gyvybingum\u0105<br data-start=\"2617\" data-end=\"2620\" \/>\u2714\ufe0f Suteikia plaukams tankumo, \u017evilgesio ir sveik\u0105 i\u0161vaizd\u0105<\/p>\n","protected":false},"featured_media":90589,"template":"","meta":[],"pwb-brand":[1202],"product_brand":[],"product_cat":[763],"product_tag":[],"giftcard-category":[],"class_list":{"0":"post-58012","1":"product","2":"type-product","3":"status-publish","4":"has-post-thumbnail","6":"pwb-brand-cantabria-labs","7":"product_cat-plauku-prieziura","8":"pa_suurus-200ml-lt","9":"pa_suurus-400ml-lt","11":"first","12":"instock","13":"taxable","14":"shipping-taxable","15":"purchasable","16":"product-type-variable"},"acf":[],"brands":[{"id":1202,"name":"Cantabria Labs","slug":"cantabria-labs"}],"_links":{"self":[{"href":"https:\/\/skinstudio.ee\/lt\/wp-json\/wp\/v2\/product\/58012","targetHints":{"allow":["GET"]}}],"collection":[{"href":"https:\/\/skinstudio.ee\/lt\/wp-json\/wp\/v2\/product"}],"about":[{"href":"https:\/\/skinstudio.ee\/lt\/wp-json\/wp\/v2\/types\/product"}],"version-history":[{"count":1,"href":"https:\/\/skinstudio.ee\/lt\/wp-json\/wp\/v2\/product\/58012\/revisions"}],"predecessor-version":[{"id":90610,"href":"https:\/\/skinstudio.ee\/lt\/wp-json\/wp\/v2\/product\/58012\/revisions\/90610"}],"wp:featuredmedia":[{"embeddable":true,"href":"https:\/\/skinstudio.ee\/lt\/wp-json\/wp\/v2\/media\/90589"}],"wp:attachment":[{"href":"https:\/\/skinstudio.ee\/lt\/wp-json\/wp\/v2\/media?parent=58012"}],"wp:term":[{"taxonomy":"pwb-brand","embeddable":true,"href":"https:\/\/skinstudio.ee\/lt\/wp-json\/wp\/v2\/pwb-brand?post=58012"},{"taxonomy":"product_brand","embeddable":true,"href":"https:\/\/skinstudio.ee\/lt\/wp-json\/wp\/v2\/product_brand?post=58012"},{"taxonomy":"product_cat","embeddable":true,"href":"https:\/\/skinstudio.ee\/lt\/wp-json\/wp\/v2\/product_cat?post=58012"},{"taxonomy":"product_tag","embeddable":true,"href":"https:\/\/skinstudio.ee\/lt\/wp-json\/wp\/v2\/product_tag?post=58012"},{"taxonomy":"giftcard-category","embeddable":true,"href":"https:\/\/skinstudio.ee\/lt\/wp-json\/wp\/v2\/giftcard-category?post=58012"}],"curies":[{"name":"wp","href":"https:\/\/api.w.org\/{rel}","templated":true}]}}