{"id":58050,"date":"2025-11-07T10:36:47","date_gmt":"2025-11-07T10:36:47","guid":{"rendered":"https:\/\/skinstudio.ee\/?post_type=product&#038;p=58050"},"modified":"2025-12-18T13:31:31","modified_gmt":"2025-12-18T13:31:31","slug":"iraltone-anti-hair-loss-lotion","status":"publish","type":"product","link":"https:\/\/skinstudio.ee\/lt\/catalog\/cantabria-labs\/iraltone-anti-hair-loss-lotion\/","title":{"rendered":"Iraltone Anti-Hair Loss Lotion"},"content":{"rendered":"<p data-start=\"1585\" data-end=\"1921\">Iraltone Anti-Hair Loss Lotion \u2013 aktyvus trigubo poveikio pur\u0161kiamas losjonas nuo plauk\u0173 slinkimo, sukurtas skatinti plauk\u0173 augim\u0105 ir stiprinti folikulus. Formul\u0117 sujungia inovatyvius peptidus ir aktyviuosius kompleksus, veikian\u010dius keliais augimo mechanizmais, padedan\u010dius u\u017ekirsti keli\u0105 tiek \u016bminiam, tiek l\u0117tiniam plauk\u0173 slinkimui.<\/p>\n<p data-start=\"1923\" data-end=\"2245\">Produktas padidina endogeninio IGF-1 aktyvum\u0105, aktyvina Wnt\/\u03b2-katenino keli\u0105 ir padeda atkurti plauk\u0173 tank\u012f bei gyvybingum\u0105. Reguliariai naudojant, Iraltone Anti-Hair Loss Lotion stiprina folikulus, ma\u017eina plauk\u0173 l\u016b\u017ein\u0117jim\u0105 ir skatina nat\u016bral\u0173 augim\u0105 net esant stresui, hormoniniams poky\u010diams ar androgeninei alopecijai.<\/p>\n<p data-start=\"2247\" data-end=\"2421\">D\u0117l lengvos tekst\u016bros losjonas greitai susigeria, neapsunkina plauk\u0173 ir nepalieka riebios pl\u0117vel\u0117s. Produktas hipoalerginis, dermatologi\u0161kai ir oftalmologi\u0161kai patikrintas.<\/p>\n<p data-start=\"2423\" data-end=\"2446\"><strong data-start=\"2423\" data-end=\"2433\">T\u016bris:<\/strong> <strong data-start=\"2434\" data-end=\"2444\">100 ml<\/strong><\/p>\n","protected":false},"excerpt":{"rendered":"<p data-start=\"2650\" data-end=\"2699\">Aktyvus pur\u0161kiamas losjonas nuo plauk\u0173 slinkimo<\/p>\n<h2 data-start=\"2701\" data-end=\"3010\"><strong data-start=\"2701\" data-end=\"2760\">Cantabria Labs &#8211; Iraltone Anti-Hair Loss Lotion Savyb\u0117s<\/strong><\/h2>\n<p data-start=\"2701\" data-end=\"3010\">\u2714\ufe0f Skatina plauk\u0173 augim\u0105 ir stiprina folikulus<br data-start=\"2809\" data-end=\"2812\" \/>\u2714\ufe0f Ma\u017eina plauk\u0173 slinkim\u0105 ir l\u016b\u017ein\u0117jim\u0105<br data-start=\"2851\" data-end=\"2854\" \/>\u2714\ufe0f Aktyvina folikulus ir gerina mikrocirkuliacij\u0105<br data-start=\"2903\" data-end=\"2906\" \/>\u2714\ufe0f Atkuria plauk\u0173 tank\u012f ir gyvybingum\u0105<br data-start=\"2944\" data-end=\"2947\" \/>\u2714\ufe0f Lengvos tekst\u016bros, neerzinanti formul\u0117 &#8211; nereikia nuplauti<\/p>\n","protected":false},"featured_media":65107,"template":"","meta":[],"pwb-brand":[1202],"product_brand":[],"product_cat":[763],"product_tag":[],"giftcard-category":[],"class_list":{"0":"post-58050","1":"product","2":"type-product","3":"status-publish","4":"has-post-thumbnail","6":"pwb-brand-cantabria-labs","7":"product_cat-plauku-prieziura","9":"first","10":"instock","11":"taxable","12":"shipping-taxable","13":"purchasable","14":"product-type-simple"},"acf":[],"brands":[{"id":1202,"name":"Cantabria Labs","slug":"cantabria-labs"}],"_links":{"self":[{"href":"https:\/\/skinstudio.ee\/lt\/wp-json\/wp\/v2\/product\/58050","targetHints":{"allow":["GET"]}}],"collection":[{"href":"https:\/\/skinstudio.ee\/lt\/wp-json\/wp\/v2\/product"}],"about":[{"href":"https:\/\/skinstudio.ee\/lt\/wp-json\/wp\/v2\/types\/product"}],"version-history":[{"count":0,"href":"https:\/\/skinstudio.ee\/lt\/wp-json\/wp\/v2\/product\/58050\/revisions"}],"wp:featuredmedia":[{"embeddable":true,"href":"https:\/\/skinstudio.ee\/lt\/wp-json\/wp\/v2\/media\/65107"}],"wp:attachment":[{"href":"https:\/\/skinstudio.ee\/lt\/wp-json\/wp\/v2\/media?parent=58050"}],"wp:term":[{"taxonomy":"pwb-brand","embeddable":true,"href":"https:\/\/skinstudio.ee\/lt\/wp-json\/wp\/v2\/pwb-brand?post=58050"},{"taxonomy":"product_brand","embeddable":true,"href":"https:\/\/skinstudio.ee\/lt\/wp-json\/wp\/v2\/product_brand?post=58050"},{"taxonomy":"product_cat","embeddable":true,"href":"https:\/\/skinstudio.ee\/lt\/wp-json\/wp\/v2\/product_cat?post=58050"},{"taxonomy":"product_tag","embeddable":true,"href":"https:\/\/skinstudio.ee\/lt\/wp-json\/wp\/v2\/product_tag?post=58050"},{"taxonomy":"giftcard-category","embeddable":true,"href":"https:\/\/skinstudio.ee\/lt\/wp-json\/wp\/v2\/giftcard-category?post=58050"}],"curies":[{"name":"wp","href":"https:\/\/api.w.org\/{rel}","templated":true}]}}