{"id":58066,"date":"2025-11-07T10:44:04","date_gmt":"2025-11-07T10:44:04","guid":{"rendered":"https:\/\/skinstudio.ee\/?post_type=product&#038;p=58066"},"modified":"2026-01-05T14:39:02","modified_gmt":"2026-01-05T14:39:02","slug":"iraltone-sd-shampoo","status":"publish","type":"product","link":"https:\/\/skinstudio.ee\/lt\/catalog\/cantabria-labs\/iraltone-sd-shampoo\/","title":{"rendered":"Iraltone DS Shampoo"},"content":{"rendered":"<p data-start=\"1437\" data-end=\"1757\">Iraltone DS Shampoo &#8211; tai daugiafunkcis \u0161amp\u016bnas, specialiai sukurtas efektyviai kovoti su pleiskanojimu ir galvos odos sudirgimu, kur\u012f sukelia sebor\u0117jinis dermatitas. Jo aktyvi formul\u0117 padeda atkurti pusiausvyr\u0105, suma\u017einti nie\u017e\u0117jim\u0105 ir suteikti komforto poj\u016bt\u012f galvos odai, o plaukams &#8211; sveik\u0105 ir pri\u017ei\u016br\u0117t\u0105 i\u0161vaizd\u0105.<\/p>\n<p data-start=\"1759\" data-end=\"2108\">\u0160iuolaikinis veikli\u0173j\u0173 ingredient\u0173 derinys veikia sinergi\u0161kai \u2013 reguliuoja riebal\u0173 i\u0161siskyrim\u0105, apsaugo nuo perteklinio riebalavimosi, suteikia keratolitin\u012f ir kerato-reguliuojant\u012f poveik\u012f, kuris padeda \u0161velniai pa\u0161alinti ir u\u017ekirsti keli\u0105 nauj\u0173 pleiskan\u0173 susidarymui, taip pat u\u017etikrina antioksidacin\u0119 apsaug\u0105, ma\u017einan\u010di\u0105 u\u017edegim\u0105 ir sudirginim\u0105.<\/p>\n<p data-start=\"2110\" data-end=\"2326\">Iraltone SD Shampoo taip pat giliai dr\u0117kina galvos od\u0105, padeda pa\u0161alinti sausumo ir tempimo poj\u016bt\u012f. Reguliariai naudojant, plaukai tampa \u0161veln\u016bs, glotn\u016bs ir lengvai i\u0161\u0161ukuojami, o galvos oda &#8211; rami ir subalansuota.<\/p>\n<p data-start=\"2328\" data-end=\"2347\"><strong data-start=\"2328\" data-end=\"2338\">T\u016bris:<\/strong> 200 ml<\/p>\n","protected":false},"excerpt":{"rendered":"<p data-start=\"2490\" data-end=\"2539\">\u0160amp\u016bnas nuo pleiskan\u0173 ir galvos odos sudirgimo<\/p>\n<h2 data-start=\"2541\" data-end=\"2811\"><strong data-start=\"2541\" data-end=\"2589\">Cantabria Labs &#8211; Iraltone DS Shampoo Savyb\u0117s<\/strong><\/h2>\n<p data-start=\"2541\" data-end=\"2811\">\u2714\ufe0f Pa\u0161alina pleiskanas ir nie\u017e\u0117jim\u0105<br data-start=\"2627\" data-end=\"2630\" \/>\u2714\ufe0f Reguliuoja riebal\u0173 i\u0161siskyrim\u0105<br data-start=\"2663\" data-end=\"2666\" \/>\u2714\ufe0f Padeda i\u0161vengti nauj\u0173 pleiskan\u0173 susidarymo<br data-start=\"2711\" data-end=\"2714\" \/>\u2714\ufe0f Ramina sudirgusi\u0105 od\u0105 ir ma\u017eina u\u017edegim\u0105<br data-start=\"2757\" data-end=\"2760\" \/>\u2714\ufe0f Suteikia plaukams \u0161velnumo ir sveiko blizgesio<\/p>\n","protected":false},"featured_media":72573,"template":"","meta":[],"pwb-brand":[1202],"product_brand":[],"product_cat":[763],"product_tag":[],"giftcard-category":[],"class_list":{"0":"post-58066","1":"product","2":"type-product","3":"status-publish","4":"has-post-thumbnail","6":"pwb-brand-cantabria-labs","7":"product_cat-plauku-prieziura","9":"first","10":"instock","11":"taxable","12":"shipping-taxable","13":"purchasable","14":"product-type-simple"},"acf":[],"brands":[{"id":1202,"name":"Cantabria Labs","slug":"cantabria-labs"}],"_links":{"self":[{"href":"https:\/\/skinstudio.ee\/lt\/wp-json\/wp\/v2\/product\/58066","targetHints":{"allow":["GET"]}}],"collection":[{"href":"https:\/\/skinstudio.ee\/lt\/wp-json\/wp\/v2\/product"}],"about":[{"href":"https:\/\/skinstudio.ee\/lt\/wp-json\/wp\/v2\/types\/product"}],"version-history":[{"count":1,"href":"https:\/\/skinstudio.ee\/lt\/wp-json\/wp\/v2\/product\/58066\/revisions"}],"predecessor-version":[{"id":72584,"href":"https:\/\/skinstudio.ee\/lt\/wp-json\/wp\/v2\/product\/58066\/revisions\/72584"}],"wp:featuredmedia":[{"embeddable":true,"href":"https:\/\/skinstudio.ee\/lt\/wp-json\/wp\/v2\/media\/72573"}],"wp:attachment":[{"href":"https:\/\/skinstudio.ee\/lt\/wp-json\/wp\/v2\/media?parent=58066"}],"wp:term":[{"taxonomy":"pwb-brand","embeddable":true,"href":"https:\/\/skinstudio.ee\/lt\/wp-json\/wp\/v2\/pwb-brand?post=58066"},{"taxonomy":"product_brand","embeddable":true,"href":"https:\/\/skinstudio.ee\/lt\/wp-json\/wp\/v2\/product_brand?post=58066"},{"taxonomy":"product_cat","embeddable":true,"href":"https:\/\/skinstudio.ee\/lt\/wp-json\/wp\/v2\/product_cat?post=58066"},{"taxonomy":"product_tag","embeddable":true,"href":"https:\/\/skinstudio.ee\/lt\/wp-json\/wp\/v2\/product_tag?post=58066"},{"taxonomy":"giftcard-category","embeddable":true,"href":"https:\/\/skinstudio.ee\/lt\/wp-json\/wp\/v2\/giftcard-category?post=58066"}],"curies":[{"name":"wp","href":"https:\/\/api.w.org\/{rel}","templated":true}]}}