{"id":58082,"date":"2025-11-07T10:51:24","date_gmt":"2025-11-07T10:51:24","guid":{"rendered":"https:\/\/skinstudio.ee\/?post_type=product&#038;p=58082"},"modified":"2025-12-18T13:31:31","modified_gmt":"2025-12-18T13:31:31","slug":"iraltone-sebum-normalizing-shampoo","status":"publish","type":"product","link":"https:\/\/skinstudio.ee\/lt\/catalog\/cantabria-labs\/iraltone-sebum-normalizing-shampoo\/","title":{"rendered":"Iraltone Sebum-Normalizing Shampoo"},"content":{"rendered":"<p data-start=\"1769\" data-end=\"2143\">Iraltone Sebum-Normalizing Shampoo &#8211; specialiai sukurtas riebios galvos odos ir plauk\u0173 prie\u017ei\u016brai. Unikalus veikli\u0173j\u0173 ingredient\u0173 derinys veiksmingai reguliuoja riebal\u0173 i\u0161siskyrim\u0105, suma\u017eina perteklin\u012f riebalavim\u0105si ir padeda i\u0161laikyti plaukus \u0161varius, lengvus ir subalansuotus. Formul\u0117 normalizuoja galvos odos b\u016bkl\u0119, apsaugo nuo greito riebalavimosi ir prarasto gaivumo.<\/p>\n<p data-start=\"2145\" data-end=\"2495\">\u0160amp\u016bno sud\u0117tyje yra <strong data-start=\"2166\" data-end=\"2185\">Matmarine\u2122 Blue<\/strong> &#8211; veiklioji med\u017eiaga, \u017einoma d\u0117l savo riebal\u0173 sekrecij\u0105 reguliuojan\u010dio poveikio, padedanti suma\u017einti riebal\u0173 kaupim\u0105si ir atkurti nat\u016bral\u0173 galvos odos balans\u0105. Papildomas komponentas <strong data-start=\"2369\" data-end=\"2385\">Protelan AG8<\/strong> \u0161velniai valo ir i\u0161saugo reikiam\u0105 dr\u0117gm\u0117s lyg\u012f, apsaugo nuo sausumo ir suteikia komforto kasdien naudojant.<\/p>\n<p data-start=\"2497\" data-end=\"2893\">D\u0117l <strong data-start=\"2501\" data-end=\"2519\">Vitis vinifera<\/strong> ir <strong data-start=\"2523\" data-end=\"2537\">E vitamino<\/strong> \u0161amp\u016bnas pasi\u017eymi stipriu antioksidaciniu poveikiu, apsaugan\u010diu galvos od\u0105 nuo oksidacinio streso. \u0160velnios valomosios baz\u0117s \u0161velniai, bet veiksmingai valo, nepa\u017eeisdamos nat\u016bralaus odos balanso. Iraltone Sebum-Normalizing Shampoo puikiai tinka kasdieniam naudojimui ir gali papildyti plauk\u0173 slinkimo gydym\u0105, susijus\u012f su pertekliniu riebal\u0173 i\u0161siskyrimu.<\/p>\n<p data-start=\"2895\" data-end=\"2914\"><strong data-start=\"2895\" data-end=\"2905\">T\u016bris:<\/strong> 200 ml<\/p>\n","protected":false},"excerpt":{"rendered":"<p data-start=\"3057\" data-end=\"3119\">\u0160amp\u016bnas riebios galvos odos prie\u017ei\u016brai ir riebal\u0173 kontrolei<\/p>\n<h2 data-start=\"3121\" data-end=\"3443\"><strong data-start=\"3121\" data-end=\"3184\">Cantabria Labs &#8211; Iraltone Sebum-Normalizing Shampoo Savyb\u0117s<\/strong><\/h2>\n<p data-start=\"3121\" data-end=\"3443\">\u2714\ufe0f Reguliuoja riebal\u0173 i\u0161siskyrim\u0105 ir ma\u017eina galvos odos riebalavim\u0105si<br data-start=\"3256\" data-end=\"3259\" \/>\u2714\ufe0f Giliai valo ir atgaivina plaukus<br data-start=\"3294\" data-end=\"3297\" \/>\u2714\ufe0f Pa\u0161alina ne\u0161varumus ir perteklinius riebalus<br data-start=\"3344\" data-end=\"3347\" \/>\u2714\ufe0f I\u0161laiko \u0161varos ir lengvumo poj\u016bt\u012f<br data-start=\"3383\" data-end=\"3386\" \/>\u2714\ufe0f Suteikia plaukams \u0161velnumo, sveikumo ir pusiausvyros<\/p>\n","protected":false},"featured_media":90557,"template":"","meta":[],"pwb-brand":[1202],"product_brand":[],"product_cat":[763],"product_tag":[],"giftcard-category":[],"class_list":{"0":"post-58082","1":"product","2":"type-product","3":"status-publish","4":"has-post-thumbnail","6":"pwb-brand-cantabria-labs","7":"product_cat-plauku-prieziura","9":"first","10":"instock","11":"taxable","12":"shipping-taxable","13":"purchasable","14":"product-type-simple"},"acf":[],"brands":[{"id":1202,"name":"Cantabria Labs","slug":"cantabria-labs"}],"_links":{"self":[{"href":"https:\/\/skinstudio.ee\/lt\/wp-json\/wp\/v2\/product\/58082","targetHints":{"allow":["GET"]}}],"collection":[{"href":"https:\/\/skinstudio.ee\/lt\/wp-json\/wp\/v2\/product"}],"about":[{"href":"https:\/\/skinstudio.ee\/lt\/wp-json\/wp\/v2\/types\/product"}],"version-history":[{"count":0,"href":"https:\/\/skinstudio.ee\/lt\/wp-json\/wp\/v2\/product\/58082\/revisions"}],"wp:featuredmedia":[{"embeddable":true,"href":"https:\/\/skinstudio.ee\/lt\/wp-json\/wp\/v2\/media\/90557"}],"wp:attachment":[{"href":"https:\/\/skinstudio.ee\/lt\/wp-json\/wp\/v2\/media?parent=58082"}],"wp:term":[{"taxonomy":"pwb-brand","embeddable":true,"href":"https:\/\/skinstudio.ee\/lt\/wp-json\/wp\/v2\/pwb-brand?post=58082"},{"taxonomy":"product_brand","embeddable":true,"href":"https:\/\/skinstudio.ee\/lt\/wp-json\/wp\/v2\/product_brand?post=58082"},{"taxonomy":"product_cat","embeddable":true,"href":"https:\/\/skinstudio.ee\/lt\/wp-json\/wp\/v2\/product_cat?post=58082"},{"taxonomy":"product_tag","embeddable":true,"href":"https:\/\/skinstudio.ee\/lt\/wp-json\/wp\/v2\/product_tag?post=58082"},{"taxonomy":"giftcard-category","embeddable":true,"href":"https:\/\/skinstudio.ee\/lt\/wp-json\/wp\/v2\/giftcard-category?post=58082"}],"curies":[{"name":"wp","href":"https:\/\/api.w.org\/{rel}","templated":true}]}}