{"id":58098,"date":"2025-11-07T10:58:49","date_gmt":"2025-11-07T10:58:49","guid":{"rendered":"https:\/\/skinstudio.ee\/?post_type=product&#038;p=58098"},"modified":"2025-12-18T13:31:31","modified_gmt":"2025-12-18T13:31:31","slug":"iraltone-sd-gel","status":"publish","type":"product","link":"https:\/\/skinstudio.ee\/lt\/catalog\/cantabria-labs\/iraltone-sd-gel\/","title":{"rendered":"Iraltone SD Gel"},"content":{"rendered":"<p data-start=\"1499\" data-end=\"1814\">Iraltone SD Gel \u2013 tai daugiafunkcis gelis, specialiai sukurtas kontroliuoti sebor\u0117jos simptomus ir pagerinti sudirgusios odos b\u016bkl\u0119. Jo formul\u0117 su riebal\u0173 i\u0161siskyrim\u0105 reguliuojan\u010diu, prie\u0161u\u017edegiminiu ir raminamuoju poveikiu padeda suma\u017einti pleiskanojim\u0105, paraudim\u0105 ir nie\u017e\u0117jim\u0105, atkuriant odos komfort\u0105 ir \u0161var\u0105.<\/p>\n<p data-start=\"1816\" data-end=\"2199\">Aktyv\u016bs ingredientai &#8211; <strong data-start=\"1839\" data-end=\"1860\">Piroctone Olamine<\/strong>, <strong data-start=\"1862\" data-end=\"1876\">Climbazole<\/strong>, <strong data-start=\"1878\" data-end=\"1893\">Niacinamide<\/strong> ir <strong data-start=\"1897\" data-end=\"1905\">Zinc<\/strong> &#8211; veikia sinergi\u0161kai: reguliuoja riebal\u0173 i\u0161siskyrim\u0105, slopina mikroorganizm\u0173, sukelian\u010di\u0173 sebor\u0117j\u0105, dauginim\u0105si ir padeda atkurti nat\u016brali\u0105 odos apsaugin\u0119 barjerin\u0119 funkcij\u0105. Reguliariai naudojant, Iraltone SD Gel oda tampa lygesn\u0117, \u0161varesn\u0117 ir subalansuota, o pasikartojimo rizika suma\u017e\u0117ja.<\/p>\n<p data-start=\"2201\" data-end=\"2409\">Lengvos, neriebios tekst\u016bros gelis greitai susigeria ir tinka naudoti tiek veidui, tiek galvos odai. Produktas dermatologi\u0161kai ir oftalmologi\u0161kai patikrintas, nekomedogeni\u0161kas ir tinkamas net jautriai odai.<\/p>\n<p data-start=\"2411\" data-end=\"2429\"><strong data-start=\"2411\" data-end=\"2421\">T\u016bris:<\/strong> 50 ml<\/p>\n","protected":false},"excerpt":{"rendered":"<p data-start=\"2596\" data-end=\"2642\">Gelis sebor\u0117jos kontrolei ir odos atstatymui<\/p>\n<h2 data-start=\"2644\" data-end=\"2929\"><strong data-start=\"2644\" data-end=\"2688\">Cantabria Labs &#8211; Iraltone SD Gel Savyb\u0117s<\/strong><\/h2>\n<p data-start=\"2644\" data-end=\"2929\" data-is-last-node=\"\" data-is-only-node=\"\">\u2714\ufe0f Ma\u017eina pleiskanojim\u0105, nie\u017e\u0117jim\u0105 ir paraudim\u0105<br data-start=\"2738\" data-end=\"2741\" \/>\u2714\ufe0f Reguliuoja riebal\u0173 i\u0161siskyrim\u0105 ir subalansuoja od\u0105<br data-start=\"2794\" data-end=\"2797\" \/>\u2714\ufe0f Turi antimikrobin\u012f ir raminam\u0105j\u012f poveik\u012f<br data-start=\"2840\" data-end=\"2843\" \/>\u2714\ufe0f Atkuria odos komfort\u0105 ir \u0161var\u0105<br data-start=\"2876\" data-end=\"2879\" \/>\u2714\ufe0f Tinka veidui ir galvos odai, nekomedogeni\u0161kas<\/p>\n","protected":false},"featured_media":91732,"template":"","meta":[],"pwb-brand":[1202],"product_brand":[],"product_cat":[763],"product_tag":[],"giftcard-category":[],"class_list":{"0":"post-58098","1":"product","2":"type-product","3":"status-publish","4":"has-post-thumbnail","6":"pwb-brand-cantabria-labs","7":"product_cat-plauku-prieziura","9":"first","10":"instock","11":"taxable","12":"shipping-taxable","13":"purchasable","14":"product-type-simple"},"acf":[],"brands":[{"id":1202,"name":"Cantabria Labs","slug":"cantabria-labs"}],"_links":{"self":[{"href":"https:\/\/skinstudio.ee\/lt\/wp-json\/wp\/v2\/product\/58098","targetHints":{"allow":["GET"]}}],"collection":[{"href":"https:\/\/skinstudio.ee\/lt\/wp-json\/wp\/v2\/product"}],"about":[{"href":"https:\/\/skinstudio.ee\/lt\/wp-json\/wp\/v2\/types\/product"}],"version-history":[{"count":0,"href":"https:\/\/skinstudio.ee\/lt\/wp-json\/wp\/v2\/product\/58098\/revisions"}],"wp:featuredmedia":[{"embeddable":true,"href":"https:\/\/skinstudio.ee\/lt\/wp-json\/wp\/v2\/media\/91732"}],"wp:attachment":[{"href":"https:\/\/skinstudio.ee\/lt\/wp-json\/wp\/v2\/media?parent=58098"}],"wp:term":[{"taxonomy":"pwb-brand","embeddable":true,"href":"https:\/\/skinstudio.ee\/lt\/wp-json\/wp\/v2\/pwb-brand?post=58098"},{"taxonomy":"product_brand","embeddable":true,"href":"https:\/\/skinstudio.ee\/lt\/wp-json\/wp\/v2\/product_brand?post=58098"},{"taxonomy":"product_cat","embeddable":true,"href":"https:\/\/skinstudio.ee\/lt\/wp-json\/wp\/v2\/product_cat?post=58098"},{"taxonomy":"product_tag","embeddable":true,"href":"https:\/\/skinstudio.ee\/lt\/wp-json\/wp\/v2\/product_tag?post=58098"},{"taxonomy":"giftcard-category","embeddable":true,"href":"https:\/\/skinstudio.ee\/lt\/wp-json\/wp\/v2\/giftcard-category?post=58098"}],"curies":[{"name":"wp","href":"https:\/\/api.w.org\/{rel}","templated":true}]}}