{"id":58116,"date":"2025-11-07T11:07:18","date_gmt":"2025-11-07T11:07:18","guid":{"rendered":"https:\/\/skinstudio.ee\/?post_type=product&#038;p=58116"},"modified":"2025-12-18T13:31:31","modified_gmt":"2025-12-18T13:31:31","slug":"iraltone-exfoliating-purifying-shampoo","status":"publish","type":"product","link":"https:\/\/skinstudio.ee\/lt\/catalog\/cantabria-labs\/iraltone-exfoliating-purifying-shampoo\/","title":{"rendered":"Iraltone Exfoliating &#038; Purifying Shampoo"},"content":{"rendered":"<p data-start=\"1743\" data-end=\"2144\">Iraltone Exfoliating &amp; Purifying Shampoo &#8211; tai \u0161vei\u010diamasis ir valomasis \u0161amp\u016bnas, specialiai sukurtas efektyviai pa\u0161alinti sausas pleiskanas ir pleiskanojim\u0105. Jo formul\u0117 giliai valo galvos od\u0105 ir plauk\u0173 folikulus, nepa\u017eeisdama nat\u016bralaus hidrolipidinio balanso, padeda atkurti komforto ir gaivumo poj\u016bt\u012f. Reguliariai naudojant, suteikia ilgalaik\u012f efekt\u0105 &#8211; iki dviej\u0173 savai\u010di\u0173 po paskutinio plovimo.<\/p>\n<p data-start=\"2146\" data-end=\"2519\">Aktyv\u016bs ingredientai &#8211; <strong data-start=\"2169\" data-end=\"2192\">2% salicilo r\u016bg\u0161tis<\/strong>, <strong data-start=\"2194\" data-end=\"2215\">Piroctone Olamine<\/strong> ir dr\u0117kinamoji emulsija <strong data-start=\"2240\" data-end=\"2276\">Plantasil Micro (j\u016bros dumbliai)<\/strong> &#8211; veikia sinergi\u0161kai, pa\u0161alina negyvas l\u0105steles, normalizuoja galvos odos mikroflor\u0105 ir padeda i\u0161vengti pleiskan\u0173 atsinaujinimo. \u0160amp\u016bnas \u0161velniai \u0161vei\u010dia, dr\u0117kina galvos od\u0105, ma\u017eina nie\u017e\u0117jim\u0105 ir paraudim\u0105, palaiko optimal\u0173 dr\u0117gm\u0117s balans\u0105.<\/p>\n<p data-start=\"2521\" data-end=\"2748\">Iraltone Exfoliating &amp; Purifying Shampoo tinka vis\u0173 tip\u0173 plaukams ir gali b\u016bti naudojamas kaip paruo\u0161iamasis etapas prie\u0161 galvos odos prie\u017ei\u016bros proced\u016bras, \u012fskaitant plauk\u0173 persodinim\u0105 ar gydym\u0105 lengvomis psoriaz\u0117s formomis.<\/p>\n<p data-start=\"2750\" data-end=\"2769\"><strong data-start=\"2750\" data-end=\"2760\">T\u016bris:<\/strong> 200 ml<\/p>\n","protected":false},"excerpt":{"rendered":"<p data-start=\"3063\" data-end=\"3099\">\u0160amp\u016bnas saus\u0173 pleiskan\u0173 \u0161alinimui<\/p>\n<h2 data-start=\"3101\" data-end=\"3398\"><strong data-start=\"3101\" data-end=\"3170\">Cantabria Labs &#8211; Iraltone Exfoliating &amp; Purifying Shampoo Savyb\u0117s<\/strong><\/h2>\n<p data-start=\"3101\" data-end=\"3398\" data-is-last-node=\"\" data-is-only-node=\"\">\u2714\ufe0f Pa\u0161alina sausas pleiskanas ir pleiskanojim\u0105<br data-start=\"3219\" data-end=\"3222\" \/>\u2714\ufe0f Giliai valo galvos od\u0105 ir plauk\u0173 folikulus<br data-start=\"3267\" data-end=\"3270\" \/>\u2714\ufe0f Atkuria nat\u016bral\u0173 hidrolipidin\u012f balans\u0105<br data-start=\"3311\" data-end=\"3314\" \/>\u2714\ufe0f Ramina od\u0105 ir ma\u017eina nie\u017e\u0117jim\u0105<br data-start=\"3347\" data-end=\"3350\" \/>\u2714\ufe0f Suteikia ilgalaik\u012f \u0161varos ir gaivumo poj\u016bt\u012f<\/p>\n","protected":false},"featured_media":90568,"template":"","meta":[],"pwb-brand":[1202],"product_brand":[],"product_cat":[763],"product_tag":[],"giftcard-category":[],"class_list":{"0":"post-58116","1":"product","2":"type-product","3":"status-publish","4":"has-post-thumbnail","6":"pwb-brand-cantabria-labs","7":"product_cat-plauku-prieziura","9":"first","10":"instock","11":"taxable","12":"shipping-taxable","13":"purchasable","14":"product-type-simple"},"acf":[],"brands":[{"id":1202,"name":"Cantabria Labs","slug":"cantabria-labs"}],"_links":{"self":[{"href":"https:\/\/skinstudio.ee\/lt\/wp-json\/wp\/v2\/product\/58116","targetHints":{"allow":["GET"]}}],"collection":[{"href":"https:\/\/skinstudio.ee\/lt\/wp-json\/wp\/v2\/product"}],"about":[{"href":"https:\/\/skinstudio.ee\/lt\/wp-json\/wp\/v2\/types\/product"}],"version-history":[{"count":0,"href":"https:\/\/skinstudio.ee\/lt\/wp-json\/wp\/v2\/product\/58116\/revisions"}],"wp:featuredmedia":[{"embeddable":true,"href":"https:\/\/skinstudio.ee\/lt\/wp-json\/wp\/v2\/media\/90568"}],"wp:attachment":[{"href":"https:\/\/skinstudio.ee\/lt\/wp-json\/wp\/v2\/media?parent=58116"}],"wp:term":[{"taxonomy":"pwb-brand","embeddable":true,"href":"https:\/\/skinstudio.ee\/lt\/wp-json\/wp\/v2\/pwb-brand?post=58116"},{"taxonomy":"product_brand","embeddable":true,"href":"https:\/\/skinstudio.ee\/lt\/wp-json\/wp\/v2\/product_brand?post=58116"},{"taxonomy":"product_cat","embeddable":true,"href":"https:\/\/skinstudio.ee\/lt\/wp-json\/wp\/v2\/product_cat?post=58116"},{"taxonomy":"product_tag","embeddable":true,"href":"https:\/\/skinstudio.ee\/lt\/wp-json\/wp\/v2\/product_tag?post=58116"},{"taxonomy":"giftcard-category","embeddable":true,"href":"https:\/\/skinstudio.ee\/lt\/wp-json\/wp\/v2\/giftcard-category?post=58116"}],"curies":[{"name":"wp","href":"https:\/\/api.w.org\/{rel}","templated":true}]}}