{"id":58132,"date":"2025-11-07T11:15:19","date_gmt":"2025-11-07T11:15:19","guid":{"rendered":"https:\/\/skinstudio.ee\/?post_type=product&#038;p=58132"},"modified":"2025-12-18T13:31:31","modified_gmt":"2025-12-18T13:31:31","slug":"iraltone-gentle-frequent-use-shampoo","status":"publish","type":"product","link":"https:\/\/skinstudio.ee\/lt\/catalog\/cantabria-labs\/iraltone-gentle-frequent-use-shampoo\/","title":{"rendered":"Iraltone Gentle Frequent-Use Shampoo"},"content":{"rendered":"<p data-start=\"1415\" data-end=\"1711\">Iraltone Gentle Frequent-Use Shampoo &#8211; tai \u0161velnus \u0161amp\u016bnas, skirtas kasdienei plauk\u0173 ir galvos odos prie\u017ei\u016brai. Jo itin \u0161velni ir kremin\u0117 formul\u0117 \u0161velniai valo nepa\u017eeisdama nat\u016bralaus galvos odos lipidinio sluoksnio, palikdama plaukus mink\u0161tus, \u017evilgan\u010dius ir sudr\u0117kintus po kiekvieno plovimo.<\/p>\n<p data-start=\"1713\" data-end=\"2014\">D\u0117l \u0161velnios sud\u0117ties \u0161amp\u016bnas tinka da\u017enam naudojimui, padeda atkurti pa\u017eeistus plaukus ir i\u0161laikyti j\u0173 nat\u016bral\u0173 gyvybingum\u0105. Iraltone Gentle Frequent-Use Shampoo veikia tiesiogiai plauk\u0173 folikulus ir galvos od\u0105, giliai valo neerzindamas, suteikia plaukams elastingumo, glotnumo ir sveik\u0105 i\u0161vaizd\u0105.<\/p>\n<p data-start=\"2016\" data-end=\"2204\">Reguliarus naudojimas padeda palaikyti nat\u016bral\u0173 galvos odos fiziologin\u012f balans\u0105, apsaugo plaukus nuo i\u0161saus\u0117jimo ir suteikia jiems \u0161velnumo, lengvo \u0161ukavimo bei nat\u016bralaus gro\u017eio poj\u016bt\u012f.<\/p>\n<p data-start=\"2206\" data-end=\"2225\"><strong data-start=\"2206\" data-end=\"2216\">T\u016bris:<\/strong> 200 ml<\/p>\n","protected":false},"excerpt":{"rendered":"<p data-start=\"2380\" data-end=\"2426\">\u0160velnus \u0161amp\u016bnas kasdienei plauk\u0173 prie\u017ei\u016brai<\/p>\n<h2 data-start=\"2428\" data-end=\"2736\"><strong data-start=\"2428\" data-end=\"2493\">Cantabria Labs &#8211; Iraltone Gentle Frequent-Use Shampoo Savyb\u0117s<\/strong><\/h2>\n<p data-start=\"2428\" data-end=\"2736\" data-is-last-node=\"\" data-is-only-node=\"\">\u2714\ufe0f Tinka kasdieniam naudojimui<br data-start=\"2526\" data-end=\"2529\" \/>\u2714\ufe0f \u0160velniai valo, nepa\u017eeisdamas lipidin\u0117s apsaugos<br data-start=\"2579\" data-end=\"2582\" \/>\u2714\ufe0f Atkuria ir stiprina pa\u017eeistus plaukus<br data-start=\"2622\" data-end=\"2625\" \/>\u2714\ufe0f Palieka plaukus mink\u0161tus, \u017evilgan\u010dius ir sudr\u0117kintus<br data-start=\"2680\" data-end=\"2683\" \/>\u2714\ufe0f Palaiko nat\u016bral\u0173 galvos odos fiziologin\u012f balans\u0105<\/p>\n","protected":false},"featured_media":90578,"template":"","meta":[],"pwb-brand":[1202],"product_brand":[],"product_cat":[763],"product_tag":[],"giftcard-category":[],"class_list":{"0":"post-58132","1":"product","2":"type-product","3":"status-publish","4":"has-post-thumbnail","6":"pwb-brand-cantabria-labs","7":"product_cat-plauku-prieziura","9":"first","10":"instock","11":"taxable","12":"shipping-taxable","13":"purchasable","14":"product-type-simple"},"acf":[],"brands":[{"id":1202,"name":"Cantabria Labs","slug":"cantabria-labs"}],"_links":{"self":[{"href":"https:\/\/skinstudio.ee\/lt\/wp-json\/wp\/v2\/product\/58132","targetHints":{"allow":["GET"]}}],"collection":[{"href":"https:\/\/skinstudio.ee\/lt\/wp-json\/wp\/v2\/product"}],"about":[{"href":"https:\/\/skinstudio.ee\/lt\/wp-json\/wp\/v2\/types\/product"}],"version-history":[{"count":0,"href":"https:\/\/skinstudio.ee\/lt\/wp-json\/wp\/v2\/product\/58132\/revisions"}],"wp:featuredmedia":[{"embeddable":true,"href":"https:\/\/skinstudio.ee\/lt\/wp-json\/wp\/v2\/media\/90578"}],"wp:attachment":[{"href":"https:\/\/skinstudio.ee\/lt\/wp-json\/wp\/v2\/media?parent=58132"}],"wp:term":[{"taxonomy":"pwb-brand","embeddable":true,"href":"https:\/\/skinstudio.ee\/lt\/wp-json\/wp\/v2\/pwb-brand?post=58132"},{"taxonomy":"product_brand","embeddable":true,"href":"https:\/\/skinstudio.ee\/lt\/wp-json\/wp\/v2\/product_brand?post=58132"},{"taxonomy":"product_cat","embeddable":true,"href":"https:\/\/skinstudio.ee\/lt\/wp-json\/wp\/v2\/product_cat?post=58132"},{"taxonomy":"product_tag","embeddable":true,"href":"https:\/\/skinstudio.ee\/lt\/wp-json\/wp\/v2\/product_tag?post=58132"},{"taxonomy":"giftcard-category","embeddable":true,"href":"https:\/\/skinstudio.ee\/lt\/wp-json\/wp\/v2\/giftcard-category?post=58132"}],"curies":[{"name":"wp","href":"https:\/\/api.w.org\/{rel}","templated":true}]}}