{"id":58148,"date":"2025-11-07T11:21:22","date_gmt":"2025-11-07T11:21:22","guid":{"rendered":"https:\/\/skinstudio.ee\/?post_type=product&#038;p=58148"},"modified":"2025-12-18T13:31:31","modified_gmt":"2025-12-18T13:31:31","slug":"iraltone-2in1-lashes-eyebrows-serum-booster","status":"publish","type":"product","link":"https:\/\/skinstudio.ee\/lt\/catalog\/cantabria-labs\/iraltone-2in1-lashes-eyebrows-serum-booster\/","title":{"rendered":"Iraltone 2in1 Lashes &#038; Eyebrows Serum Booster"},"content":{"rendered":"<p data-start=\"1753\" data-end=\"2076\">Iraltone 2in1 Lashes &amp; Eyebrows Serum Booster \u2013 tai novatori\u0161kas formul\u0117s dvigubo poveikio stiprinamasis serumas, sukurtas skatinti blakstien\u0173 ir antaki\u0173 augim\u0105. Pa\u017eangi <strong data-start=\"1923\" data-end=\"1946\">Wharton Gel Complex<\/strong> technologija stimuliuoja augim\u0105, stiprina ir regeneruoja plauk\u0173 folikulus, didindama plaukeli\u0173 tank\u012f, elastingum\u0105 ir atsparum\u0105.<\/p>\n<p data-start=\"2078\" data-end=\"2363\">Formul\u0117 maitina ir apsaugo blakstienas bei antakius, padeda atkurti j\u0173 ilg\u012f, apimt\u012f ir gyvybingum\u0105 reguliariai naudojant. Iraltone 2in1 Lashes &amp; Eyebrows Serum Booster skatina nat\u016bral\u0173 plaukeli\u0173 augim\u0105 ir stiprina j\u0173 strukt\u016br\u0105, suteikdamas akims i\u0161rai\u0161kingumo ir pri\u017ei\u016br\u0117t\u0105 i\u0161vaizd\u0105.<\/p>\n<p data-start=\"2365\" data-end=\"2592\">Produktas dermatologi\u0161kai ir oftalmologi\u0161kai patikrintas, saugus jautriai odai aplink akis. Dvigubas aplikatorius &#8211; plona \u0161epet\u0117lio galiukas blakstienoms ir \u0161epet\u0117lis antakiams &#8211; leid\u017eia tiksliai ir patogiai u\u017etepti priemon\u0119.<\/p>\n<p data-start=\"2594\" data-end=\"2612\"><strong data-start=\"2594\" data-end=\"2604\">T\u016bris:<\/strong> 10 ml<\/p>\n","protected":false},"excerpt":{"rendered":"<p data-start=\"3049\" data-end=\"3115\">Dvigubo poveikio stiprinamasis serumas blakstienoms ir antakiams<\/p>\n<h2 data-start=\"3117\" data-end=\"3431\"><strong data-start=\"3117\" data-end=\"3191\">Cantabria Labs &#8211; Iraltone 2in1 Lashes &amp; Eyebrows Serum Booster Savyb\u0117s<\/strong><\/h2>\n<p data-start=\"3117\" data-end=\"3431\">\u2714\ufe0f Skatina nat\u016bral\u0173 blakstien\u0173 ir antaki\u0173 augim\u0105<br data-start=\"3242\" data-end=\"3245\" \/>\u2714\ufe0f Stiprina folikulus ir ma\u017eina l\u016b\u017ein\u0117jim\u0105<br data-start=\"3287\" data-end=\"3290\" \/>\u2714\ufe0f Didina plaukeli\u0173 tank\u012f ir apimt\u012f<br data-start=\"3325\" data-end=\"3328\" \/>\u2714\ufe0f Atkuria ir maitina pa\u017eeistus plaukelius<br data-start=\"3370\" data-end=\"3373\" \/>\u2714\ufe0f Saugus jautriai aki\u0173 sri\u010diai ir kasdieniam naudojimui<\/p>\n","protected":false},"featured_media":65076,"template":"","meta":[],"pwb-brand":[1202],"product_brand":[],"product_cat":[724],"product_tag":[],"giftcard-category":[],"class_list":{"0":"post-58148","1":"product","2":"type-product","3":"status-publish","4":"has-post-thumbnail","6":"pwb-brand-cantabria-labs","7":"product_cat-serumai","9":"first","10":"instock","11":"taxable","12":"shipping-taxable","13":"purchasable","14":"product-type-simple"},"acf":[],"brands":[{"id":1202,"name":"Cantabria Labs","slug":"cantabria-labs"}],"_links":{"self":[{"href":"https:\/\/skinstudio.ee\/lt\/wp-json\/wp\/v2\/product\/58148","targetHints":{"allow":["GET"]}}],"collection":[{"href":"https:\/\/skinstudio.ee\/lt\/wp-json\/wp\/v2\/product"}],"about":[{"href":"https:\/\/skinstudio.ee\/lt\/wp-json\/wp\/v2\/types\/product"}],"version-history":[{"count":0,"href":"https:\/\/skinstudio.ee\/lt\/wp-json\/wp\/v2\/product\/58148\/revisions"}],"wp:featuredmedia":[{"embeddable":true,"href":"https:\/\/skinstudio.ee\/lt\/wp-json\/wp\/v2\/media\/65076"}],"wp:attachment":[{"href":"https:\/\/skinstudio.ee\/lt\/wp-json\/wp\/v2\/media?parent=58148"}],"wp:term":[{"taxonomy":"pwb-brand","embeddable":true,"href":"https:\/\/skinstudio.ee\/lt\/wp-json\/wp\/v2\/pwb-brand?post=58148"},{"taxonomy":"product_brand","embeddable":true,"href":"https:\/\/skinstudio.ee\/lt\/wp-json\/wp\/v2\/product_brand?post=58148"},{"taxonomy":"product_cat","embeddable":true,"href":"https:\/\/skinstudio.ee\/lt\/wp-json\/wp\/v2\/product_cat?post=58148"},{"taxonomy":"product_tag","embeddable":true,"href":"https:\/\/skinstudio.ee\/lt\/wp-json\/wp\/v2\/product_tag?post=58148"},{"taxonomy":"giftcard-category","embeddable":true,"href":"https:\/\/skinstudio.ee\/lt\/wp-json\/wp\/v2\/giftcard-category?post=58148"}],"curies":[{"name":"wp","href":"https:\/\/api.w.org\/{rel}","templated":true}]}}