{"id":58190,"date":"2025-11-07T11:45:31","date_gmt":"2025-11-07T11:45:31","guid":{"rendered":"https:\/\/skinstudio.ee\/?post_type=product&#038;p=58190"},"modified":"2026-04-15T08:55:53","modified_gmt":"2026-04-15T08:55:53","slug":"iraltone-aga","status":"publish","type":"product","link":"https:\/\/skinstudio.ee\/lt\/catalog\/cantabria-labs\/iraltone-aga\/","title":{"rendered":"Iraltone Aga"},"content":{"rendered":"<p data-start=\"1492\" data-end=\"1601\"><strong data-start=\"1492\" data-end=\"1601\">Iraltone AGA nuo Cantabria Labs &#8211; maisto papildas su vitamin\u0173, mineral\u0173 ir augalini\u0173 ekstrakt\u0173 kompleksu.<\/strong><\/p>\n<p data-start=\"1603\" data-end=\"1780\">Formul\u0117 skirta kasdieniam vartojimui ir sud\u0117tyje yra ingredient\u0173, pla\u010diai naudojam\u0173 maisto papilduose. Kapsuli\u0173 forma u\u017etikrina patog\u0173 vartojim\u0105 ir tinka reguliariam naudojimui.<\/p>\n<p data-start=\"1782\" data-end=\"1946\">Sud\u0117tyje yra vitaminai, cinkas, varis, selenas ir augaliniai ekstraktai, \u012fskaitant moli\u016bg\u0173 s\u0117kl\u0173 ekstrakt\u0105 (Cucurbita pepo). Produktas gali b\u016bti vartojamas kasdien.<\/p>\n<p data-start=\"1948\" data-end=\"2160\"><strong data-start=\"1948\" data-end=\"1971\">Pagaminta Europoje.<\/strong><br data-start=\"1971\" data-end=\"1974\" \/><strong data-start=\"1974\" data-end=\"1995\">Tinkamumo laikas:<\/strong> \u017ei\u016br\u0117ti ant pakuot\u0117s<br data-start=\"2016\" data-end=\"2019\" \/><strong data-start=\"2019\" data-end=\"2039\">Laikymo s\u0105lygos:<\/strong> laikyti sandariai u\u017edaryt\u0105 sausoje, v\u0117sioje vietoje, saugoti nuo tiesiogini\u0173 saul\u0117s spinduli\u0173<br data-start=\"2133\" data-end=\"2136\" \/><strong data-start=\"2136\" data-end=\"2146\">T\u016bris:<\/strong> 60 kapsuli\u0173<\/p>\n","protected":false},"excerpt":{"rendered":"<p data-start=\"2652\" data-end=\"2678\">Kapsuli\u0173 maisto papildas<\/p>\n<h2 data-start=\"2680\" data-end=\"2721\"><strong data-start=\"2680\" data-end=\"2721\">Cantabria Labs &#8211; Iraltone AGA Savyb\u0117s<\/strong><\/h2>\n<p data-start=\"2723\" data-end=\"2916\">\u2714\ufe0f Vitamin\u0173, cinko, vario ir seleno kompleksas<br data-start=\"2769\" data-end=\"2772\" \/>\u2714\ufe0f Augaliniai ekstraktai sud\u0117ties dalis<br data-start=\"2811\" data-end=\"2814\" \/>\u2714\ufe0f Kapsuli\u0173 forma patogiam vartojimui<br data-start=\"2851\" data-end=\"2854\" \/>\u2714\ufe0f Tinka kasdieniam vartojimui<br data-start=\"2884\" data-end=\"2887\" \/>\u2714\ufe0f Daugiakomponent\u0117 sud\u0117tis<\/p>\n","protected":false},"featured_media":65066,"template":"","meta":[],"pwb-brand":[1202],"product_brand":[],"product_cat":[769],"product_tag":[],"giftcard-category":[],"class_list":{"0":"post-58190","1":"product","2":"type-product","3":"status-publish","4":"has-post-thumbnail","6":"pwb-brand-cantabria-labs","7":"product_cat-vitaminai","9":"first","10":"instock","11":"taxable","12":"shipping-taxable","13":"purchasable","14":"product-type-simple"},"acf":[],"brands":[{"id":1202,"name":"Cantabria Labs","slug":"cantabria-labs"}],"_links":{"self":[{"href":"https:\/\/skinstudio.ee\/lt\/wp-json\/wp\/v2\/product\/58190","targetHints":{"allow":["GET"]}}],"collection":[{"href":"https:\/\/skinstudio.ee\/lt\/wp-json\/wp\/v2\/product"}],"about":[{"href":"https:\/\/skinstudio.ee\/lt\/wp-json\/wp\/v2\/types\/product"}],"version-history":[{"count":1,"href":"https:\/\/skinstudio.ee\/lt\/wp-json\/wp\/v2\/product\/58190\/revisions"}],"predecessor-version":[{"id":90920,"href":"https:\/\/skinstudio.ee\/lt\/wp-json\/wp\/v2\/product\/58190\/revisions\/90920"}],"wp:featuredmedia":[{"embeddable":true,"href":"https:\/\/skinstudio.ee\/lt\/wp-json\/wp\/v2\/media\/65066"}],"wp:attachment":[{"href":"https:\/\/skinstudio.ee\/lt\/wp-json\/wp\/v2\/media?parent=58190"}],"wp:term":[{"taxonomy":"pwb-brand","embeddable":true,"href":"https:\/\/skinstudio.ee\/lt\/wp-json\/wp\/v2\/pwb-brand?post=58190"},{"taxonomy":"product_brand","embeddable":true,"href":"https:\/\/skinstudio.ee\/lt\/wp-json\/wp\/v2\/product_brand?post=58190"},{"taxonomy":"product_cat","embeddable":true,"href":"https:\/\/skinstudio.ee\/lt\/wp-json\/wp\/v2\/product_cat?post=58190"},{"taxonomy":"product_tag","embeddable":true,"href":"https:\/\/skinstudio.ee\/lt\/wp-json\/wp\/v2\/product_tag?post=58190"},{"taxonomy":"giftcard-category","embeddable":true,"href":"https:\/\/skinstudio.ee\/lt\/wp-json\/wp\/v2\/giftcard-category?post=58190"}],"curies":[{"name":"wp","href":"https:\/\/api.w.org\/{rel}","templated":true}]}}