{"id":58206,"date":"2025-11-07T11:52:56","date_gmt":"2025-11-07T11:52:56","guid":{"rendered":"https:\/\/skinstudio.ee\/?post_type=product&#038;p=58206"},"modified":"2026-04-15T08:53:18","modified_gmt":"2026-04-15T08:53:18","slug":"iraltone-forte-melatonin","status":"publish","type":"product","link":"https:\/\/skinstudio.ee\/lt\/catalog\/cantabria-labs\/iraltone-forte-melatonin\/","title":{"rendered":"Iraltone Forte Melatonin"},"content":{"rendered":"<p data-start=\"1460\" data-end=\"1577\"><strong data-start=\"1460\" data-end=\"1577\">Iraltone Forte Melatonin nuo Cantabria Labs &#8211; maisto papildas su vitamin\u0173, mineral\u0173 ir kit\u0173 komponent\u0173 kompleksu.<\/strong><\/p>\n<p data-start=\"1579\" data-end=\"1756\">Formul\u0117 skirta kasdieniam vartojimui ir sud\u0117tyje yra ingredient\u0173, pla\u010diai naudojam\u0173 maisto papilduose. Kapsuli\u0173 forma u\u017etikrina patog\u0173 vartojim\u0105 ir tinka reguliariam naudojimui.<\/p>\n<p data-start=\"1758\" data-end=\"1874\">Sud\u0117tyje yra B grup\u0117s vitamin\u0173, cinko, vario, melatonino ir kit\u0173 komponent\u0173. Produktas gali b\u016bti vartojamas kasdien.<\/p>\n<p data-start=\"1876\" data-end=\"2088\"><strong data-start=\"1876\" data-end=\"1899\">Pagaminta Europoje.<\/strong><br data-start=\"1899\" data-end=\"1902\" \/><strong data-start=\"1902\" data-end=\"1923\">Tinkamumo laikas:<\/strong> \u017ei\u016br\u0117ti ant pakuot\u0117s<br data-start=\"1944\" data-end=\"1947\" \/><strong data-start=\"1947\" data-end=\"1967\">Laikymo s\u0105lygos:<\/strong> laikyti sandariai u\u017edaryt\u0105 sausoje, v\u0117sioje vietoje, saugoti nuo tiesiogini\u0173 saul\u0117s spinduli\u0173<br data-start=\"2061\" data-end=\"2064\" \/><strong data-start=\"2064\" data-end=\"2074\">T\u016bris:<\/strong> 60 kapsuli\u0173<\/p>\n","protected":false},"excerpt":{"rendered":"<p data-start=\"2575\" data-end=\"2601\">Kapsuli\u0173 maisto papildas<\/p>\n<h2 data-start=\"2603\" data-end=\"2656\"><strong data-start=\"2603\" data-end=\"2656\">Cantabria Labs &#8211; Iraltone Forte Melatonin Savyb\u0117s<\/strong><\/h2>\n<p data-start=\"2658\" data-end=\"2847\">\u2714\ufe0f B grup\u0117s vitamin\u0173, cinko ir vario kompleksas<br data-start=\"2705\" data-end=\"2708\" \/>\u2714\ufe0f Melatoninas kaip sud\u0117ties dalis<br data-start=\"2742\" data-end=\"2745\" \/>\u2714\ufe0f Kapsuli\u0173 forma patogiam vartojimui<br data-start=\"2782\" data-end=\"2785\" \/>\u2714\ufe0f Tinka kasdieniam vartojimui<br data-start=\"2815\" data-end=\"2818\" \/>\u2714\ufe0f Daugiakomponent\u0117 sud\u0117tis<\/p>\n","protected":false},"featured_media":65061,"template":"","meta":[],"pwb-brand":[1202],"product_brand":[],"product_cat":[769],"product_tag":[],"giftcard-category":[],"class_list":{"0":"post-58206","1":"product","2":"type-product","3":"status-publish","4":"has-post-thumbnail","6":"pwb-brand-cantabria-labs","7":"product_cat-vitaminai","9":"first","10":"instock","11":"taxable","12":"shipping-taxable","13":"purchasable","14":"product-type-simple"},"acf":[],"brands":[{"id":1202,"name":"Cantabria Labs","slug":"cantabria-labs"}],"_links":{"self":[{"href":"https:\/\/skinstudio.ee\/lt\/wp-json\/wp\/v2\/product\/58206","targetHints":{"allow":["GET"]}}],"collection":[{"href":"https:\/\/skinstudio.ee\/lt\/wp-json\/wp\/v2\/product"}],"about":[{"href":"https:\/\/skinstudio.ee\/lt\/wp-json\/wp\/v2\/types\/product"}],"version-history":[{"count":2,"href":"https:\/\/skinstudio.ee\/lt\/wp-json\/wp\/v2\/product\/58206\/revisions"}],"predecessor-version":[{"id":90915,"href":"https:\/\/skinstudio.ee\/lt\/wp-json\/wp\/v2\/product\/58206\/revisions\/90915"}],"wp:featuredmedia":[{"embeddable":true,"href":"https:\/\/skinstudio.ee\/lt\/wp-json\/wp\/v2\/media\/65061"}],"wp:attachment":[{"href":"https:\/\/skinstudio.ee\/lt\/wp-json\/wp\/v2\/media?parent=58206"}],"wp:term":[{"taxonomy":"pwb-brand","embeddable":true,"href":"https:\/\/skinstudio.ee\/lt\/wp-json\/wp\/v2\/pwb-brand?post=58206"},{"taxonomy":"product_brand","embeddable":true,"href":"https:\/\/skinstudio.ee\/lt\/wp-json\/wp\/v2\/product_brand?post=58206"},{"taxonomy":"product_cat","embeddable":true,"href":"https:\/\/skinstudio.ee\/lt\/wp-json\/wp\/v2\/product_cat?post=58206"},{"taxonomy":"product_tag","embeddable":true,"href":"https:\/\/skinstudio.ee\/lt\/wp-json\/wp\/v2\/product_tag?post=58206"},{"taxonomy":"giftcard-category","embeddable":true,"href":"https:\/\/skinstudio.ee\/lt\/wp-json\/wp\/v2\/giftcard-category?post=58206"}],"curies":[{"name":"wp","href":"https:\/\/api.w.org\/{rel}","templated":true}]}}