{"id":58233,"date":"2025-11-07T12:18:48","date_gmt":"2025-11-07T12:18:48","guid":{"rendered":"https:\/\/skinstudio.ee\/?post_type=product&#038;p=58233"},"modified":"2025-12-18T13:31:32","modified_gmt":"2025-12-18T13:31:32","slug":"neoretin-dc-ultra-emulsion","status":"publish","type":"product","link":"https:\/\/skinstudio.ee\/lt\/catalog\/cantabria-labs\/neoretin-dc-ultra-emulsion\/","title":{"rendered":"Neoretin DC Ultra Emulsion"},"content":{"rendered":"<p data-start=\"1711\" data-end=\"2211\">Neoretin DC Ultra Emulsion \u2013 tai intensyvus emulsijos produktas, skirtas ilgalaik\u0117s hiperpigmentacijos, \u012fskaitant melasm\u0105 ir po u\u017edegimo atsiradusius d\u0117melius, korekcijai. Jis suvienodina odos atspalv\u012f ir tekst\u016br\u0105, derindamas depigmentuojant\u012f ir atnaujinant\u012f poveik\u012f, kad b\u016bt\u0173 pasiekti greiti ir matomi rezultatai. D\u0117l <strong data-start=\"2030\" data-end=\"2057\">RetinDuo\u00ae technologijos<\/strong>, kurioje sujungti retinolis, retinalis ir augalin\u0117s kilm\u0117s stiprintuvas, emulsija intensyviai atnaujina epiderm\u012f, tod\u0117l oda tampa lygesn\u0117 ir tolygesn\u0117.<\/p>\n<p data-start=\"2213\" data-end=\"2696\">Formul\u0117je yra <strong data-start=\"2227\" data-end=\"2254\">RetinSphere\u00ae Technology<\/strong> su didel\u0117s koncentracijos retinoidais, kurie u\u017etikrina stipr\u0173 odos atsinaujinim\u0105, taip pat <strong data-start=\"2346\" data-end=\"2362\">niacinamidas<\/strong> ir <strong data-start=\"2366\" data-end=\"2388\">traneksamo r\u016bg\u0161tis<\/strong>, padedantys blokuoti pigmento susidarym\u0105, veikdami \u012fvairius melanino sintez\u0117s mechanizmus. <strong data-start=\"2480\" data-end=\"2493\">EDAFENCE\u00ae<\/strong> kompleksas saugo od\u0105 nuo tar\u0161os ir aplinkos streso \u2013 dviej\u0173 pagrindini\u0173 tamsi\u0173 d\u0117mi\u0173 atsiradimo prie\u017eas\u010di\u0173. Lengva, bevanden\u0117 tekst\u016bra greitai susigeria, palikdama nematom\u0105 matin\u012f pavir\u0161i\u0173 be lipnumo.<\/p>\n<p data-start=\"2698\" data-end=\"2854\">Reguliarus Neoretin DC Ultra Emulsion naudojimas padeda pa\u0161viesinti pigmentines d\u0117mes, pagerinti odos tekst\u016br\u0105 ir suteikti jai tolyg\u0173, spindint\u012f atspalv\u012f.<\/p>\n<p data-start=\"2856\" data-end=\"2874\"><strong data-start=\"2856\" data-end=\"2866\">T\u016bris:<\/strong> 30 ml<\/p>\n","protected":false},"excerpt":{"rendered":"<p data-start=\"3036\" data-end=\"3086\">Intensyvi emulsija hiperpigmentacijos korekcijai<\/p>\n<h2 data-start=\"3088\" data-end=\"3351\"><strong data-start=\"3088\" data-end=\"3143\">Cantabria Labs &#8211; Neoretin DC Ultra Emulsion Savyb\u0117s<\/strong><\/h2>\n<p data-start=\"3088\" data-end=\"3351\">\u2714\ufe0f Pa\u0161viesina tamsias d\u0117mes ir melasm\u0105<br data-start=\"3184\" data-end=\"3187\" \/>\u2714\ufe0f Suvienodina odos ton\u0105 ir tekst\u016br\u0105<br data-start=\"3223\" data-end=\"3226\" \/>\u2714\ufe0f Skatina epidermio atsinaujinim\u0105<br data-start=\"3260\" data-end=\"3263\" \/>\u2714\ufe0f Apsaugo nuo tar\u0161os ir aplinkos streso<br data-start=\"3303\" data-end=\"3306\" \/>\u2714\ufe0f Palieka od\u0105 lygi\u0105, spindin\u010di\u0105 ir tolygi\u0105<\/p>\n","protected":false},"featured_media":65056,"template":"","meta":[],"pwb-brand":[1202],"product_brand":[],"product_cat":[752,750,724,728],"product_tag":[],"giftcard-category":[],"class_list":{"0":"post-58233","1":"product","2":"type-product","3":"status-publish","4":"has-post-thumbnail","6":"pwb-brand-cantabria-labs","7":"product_cat-pigmentacija-lt","8":"product_cat-senstanti-oda","9":"product_cat-serumai","10":"product_cat-vitaminas-a-retinolis","12":"first","13":"instock","14":"taxable","15":"shipping-taxable","16":"purchasable","17":"product-type-simple"},"acf":[],"brands":[{"id":1202,"name":"Cantabria Labs","slug":"cantabria-labs"}],"_links":{"self":[{"href":"https:\/\/skinstudio.ee\/lt\/wp-json\/wp\/v2\/product\/58233","targetHints":{"allow":["GET"]}}],"collection":[{"href":"https:\/\/skinstudio.ee\/lt\/wp-json\/wp\/v2\/product"}],"about":[{"href":"https:\/\/skinstudio.ee\/lt\/wp-json\/wp\/v2\/types\/product"}],"version-history":[{"count":0,"href":"https:\/\/skinstudio.ee\/lt\/wp-json\/wp\/v2\/product\/58233\/revisions"}],"wp:featuredmedia":[{"embeddable":true,"href":"https:\/\/skinstudio.ee\/lt\/wp-json\/wp\/v2\/media\/65056"}],"wp:attachment":[{"href":"https:\/\/skinstudio.ee\/lt\/wp-json\/wp\/v2\/media?parent=58233"}],"wp:term":[{"taxonomy":"pwb-brand","embeddable":true,"href":"https:\/\/skinstudio.ee\/lt\/wp-json\/wp\/v2\/pwb-brand?post=58233"},{"taxonomy":"product_brand","embeddable":true,"href":"https:\/\/skinstudio.ee\/lt\/wp-json\/wp\/v2\/product_brand?post=58233"},{"taxonomy":"product_cat","embeddable":true,"href":"https:\/\/skinstudio.ee\/lt\/wp-json\/wp\/v2\/product_cat?post=58233"},{"taxonomy":"product_tag","embeddable":true,"href":"https:\/\/skinstudio.ee\/lt\/wp-json\/wp\/v2\/product_tag?post=58233"},{"taxonomy":"giftcard-category","embeddable":true,"href":"https:\/\/skinstudio.ee\/lt\/wp-json\/wp\/v2\/giftcard-category?post=58233"}],"curies":[{"name":"wp","href":"https:\/\/api.w.org\/{rel}","templated":true}]}}