{"id":58249,"date":"2025-11-07T12:58:13","date_gmt":"2025-11-07T12:58:13","guid":{"rendered":"https:\/\/skinstudio.ee\/?post_type=product&#038;p=58249"},"modified":"2026-04-09T11:20:21","modified_gmt":"2026-04-09T11:20:21","slug":"neoretin-discrom-control-serum-booster-fluid","status":"publish","type":"product","link":"https:\/\/skinstudio.ee\/lt\/catalog\/cantabria-labs\/neoretin-discrom-control-serum-booster-fluid\/","title":{"rendered":"Neoretin DC Serum Booster Fluid"},"content":{"rendered":"<p data-start=\"1465\" data-end=\"1815\"><strong>Neoretin Discrom Control Serum Booster Fluid<\/strong> \u2013 tai koncentruotas serumas su lengva, greitai \u012fsigerian\u010dia tekst\u016bra, sukurtas veiksmingai kovoti su hiperpigmentacija ir i\u0161lyginti odos atspalv\u012f. Formul\u0117 sujungia galingus depigmentuojan\u010dius aktyviuosius ingredientus ir pa\u017eangias technologijas, kurios padeda suma\u017einti tamsias d\u0117mes ir pa\u0161viesinti od\u0105.<\/p>\n<p data-start=\"1817\" data-end=\"2121\">Patentuota <strong data-start=\"1828\" data-end=\"1854\">Pigment Control System<\/strong>, turinti \u0161e\u0161is aktyvius ingredientus, veikia melanino sintez\u0117s procesuose, pad\u0117dama i\u0161vengti nauj\u0173 d\u0117mi\u0173 susidarymo ir pa\u0161viesinti esamas. D\u0117l <strong data-start=\"1998\" data-end=\"2025\">RetinSphere\u00ae Technology<\/strong> serumas \u0161velniai atnaujina od\u0105, pagerina jos tekst\u016br\u0105 ir suteikia jai \u0161vyt\u0117jimo bei tolygumo.<\/p>\n<p data-start=\"2123\" data-end=\"2319\">Neoretin Discrom Control Serum Booster Fluid pasi\u017eymi puikiu toleravimu, tod\u0117l tinka naudoti visus metus. Reguliarus naudojimas padeda odai tapti vizualiai \u0161viesesnei, skaistesnei ir sveikesnei.<\/p>\n<p data-start=\"2321\" data-end=\"2339\"><strong data-start=\"2321\" data-end=\"2331\">T\u016bris:<\/strong> 30 ml<\/p>\n","protected":false},"excerpt":{"rendered":"<p data-start=\"2430\" data-end=\"2466\">Serumas hiperpigmentacijai ma\u017einti<\/p>\n<h2 data-start=\"2468\" data-end=\"2762\"><strong data-start=\"2468\" data-end=\"2541\">Cantabria Labs &#8211; Neoretin Discrom Control Serum Booster Fluid Savyb\u0117s<\/strong><\/h2>\n<p data-start=\"2468\" data-end=\"2762\">\u2714\ufe0f Ma\u017eina tamsias d\u0117mes ir neleid\u017eia joms pasikartoti<br data-start=\"2597\" data-end=\"2600\" \/>\u2714\ufe0f I\u0161lygina odos ton\u0105 ir pagerina tekst\u016br\u0105<br data-start=\"2642\" data-end=\"2645\" \/>\u2714\ufe0f Skatina odos atsinaujinim\u0105 ir \u0161vyt\u0117jim\u0105<br data-start=\"2687\" data-end=\"2690\" \/>\u2714\ufe0f Tinka naudoti visus metus<br data-start=\"2718\" data-end=\"2721\" \/>\u2714\ufe0f Palieka od\u0105 lygi\u0105, \u0161vari\u0105 ir tolygi\u0105<\/p>\n","protected":false},"featured_media":65050,"template":"","meta":[],"pwb-brand":[1202],"product_brand":[],"product_cat":[752,750,724,728],"product_tag":[],"giftcard-category":[],"class_list":{"0":"post-58249","1":"product","2":"type-product","3":"status-publish","4":"has-post-thumbnail","6":"pwb-brand-cantabria-labs","7":"product_cat-pigmentacija-lt","8":"product_cat-senstanti-oda","9":"product_cat-serumai","10":"product_cat-vitaminas-a-retinolis","12":"first","13":"instock","14":"taxable","15":"shipping-taxable","16":"purchasable","17":"product-type-simple"},"acf":[],"brands":[{"id":1202,"name":"Cantabria Labs","slug":"cantabria-labs"}],"_links":{"self":[{"href":"https:\/\/skinstudio.ee\/lt\/wp-json\/wp\/v2\/product\/58249","targetHints":{"allow":["GET"]}}],"collection":[{"href":"https:\/\/skinstudio.ee\/lt\/wp-json\/wp\/v2\/product"}],"about":[{"href":"https:\/\/skinstudio.ee\/lt\/wp-json\/wp\/v2\/types\/product"}],"version-history":[{"count":1,"href":"https:\/\/skinstudio.ee\/lt\/wp-json\/wp\/v2\/product\/58249\/revisions"}],"predecessor-version":[{"id":90285,"href":"https:\/\/skinstudio.ee\/lt\/wp-json\/wp\/v2\/product\/58249\/revisions\/90285"}],"wp:featuredmedia":[{"embeddable":true,"href":"https:\/\/skinstudio.ee\/lt\/wp-json\/wp\/v2\/media\/65050"}],"wp:attachment":[{"href":"https:\/\/skinstudio.ee\/lt\/wp-json\/wp\/v2\/media?parent=58249"}],"wp:term":[{"taxonomy":"pwb-brand","embeddable":true,"href":"https:\/\/skinstudio.ee\/lt\/wp-json\/wp\/v2\/pwb-brand?post=58249"},{"taxonomy":"product_brand","embeddable":true,"href":"https:\/\/skinstudio.ee\/lt\/wp-json\/wp\/v2\/product_brand?post=58249"},{"taxonomy":"product_cat","embeddable":true,"href":"https:\/\/skinstudio.ee\/lt\/wp-json\/wp\/v2\/product_cat?post=58249"},{"taxonomy":"product_tag","embeddable":true,"href":"https:\/\/skinstudio.ee\/lt\/wp-json\/wp\/v2\/product_tag?post=58249"},{"taxonomy":"giftcard-category","embeddable":true,"href":"https:\/\/skinstudio.ee\/lt\/wp-json\/wp\/v2\/giftcard-category?post=58249"}],"curies":[{"name":"wp","href":"https:\/\/api.w.org\/{rel}","templated":true}]}}