{"id":58266,"date":"2025-11-07T13:05:39","date_gmt":"2025-11-07T13:05:39","guid":{"rendered":"https:\/\/skinstudio.ee\/?post_type=product&#038;p=58266"},"modified":"2026-04-09T11:16:04","modified_gmt":"2026-04-09T11:16:04","slug":"neoretin-discrom-control-gelcream","status":"publish","type":"product","link":"https:\/\/skinstudio.ee\/lt\/catalog\/cantabria-labs\/neoretin-discrom-control-gelcream\/","title":{"rendered":"Neoretin DC Gelcream SPF 50"},"content":{"rendered":"<p data-start=\"1483\" data-end=\"1862\">Neoretin Discrom Control Gelcream &#8211; tai lengvos, greitai \u012fsigerian\u010dios tekst\u016bros gelinis kremas, sukurtas hiperpigmentacijai ma\u017einti ir jos pasikartojimui u\u017ekirsti keli\u0105. Formul\u0117 sujungia galingus aktyviuosius ingredientus ir plataus spektro UV filtrus (UVA ir UVB), kurie padeda pa\u0161viesinti tamsias d\u0117mes, suvienodinti odos ton\u0105 ir apsaugoti nuo saul\u0117s sukeltos pigmentacijos.<\/p>\n<p data-start=\"1864\" data-end=\"2245\">Inovatyvi <strong data-start=\"1874\" data-end=\"1900\">Pigment Control System<\/strong>, kurioje yra stipri\u0173 depigmentuojan\u010di\u0173 ingredient\u0173, veikia melanino sintez\u0117s procesus, ma\u017eindama pigmento susidarym\u0105 ir pad\u0117dama pasiekti tolygesn\u012f odos atspalv\u012f. <strong data-start=\"2064\" data-end=\"2091\">RetinSphere\u00ae Technology<\/strong>u\u017etikrina \u0161veln\u0173 odos atnaujinim\u0105 ir tekst\u016bros pagerinim\u0105, suteikdama jai \u0161vyt\u0117jimo. D\u0117l didelio toleravimo kremas tinka naudoti kasdien i\u0161tisus metus.<\/p>\n<p data-start=\"2247\" data-end=\"2418\">Reguliarus Neoretin Discrom Control Gelcream naudojimas padeda odai tapti lygesnei, skaistesnei ir tolygesnei, tuo pa\u010diu padedant i\u0161vengti nauj\u0173 tamsi\u0173 d\u0117mi\u0173 atsiradimo.<\/p>\n<p data-start=\"2420\" data-end=\"2438\"><strong data-start=\"2420\" data-end=\"2430\">T\u016bris:<\/strong> 40 ml<\/p>\n","protected":false},"excerpt":{"rendered":"<p data-start=\"2499\" data-end=\"2553\">\u0160viesinantis gelinis kremas odos tono suvienodinimui<\/p>\n<h2 data-start=\"2555\" data-end=\"2850\"><strong data-start=\"2555\" data-end=\"2617\">Cantabria Labs &#8211; Neoretin Discrom Control Gelcream Savyb\u0117s<\/strong><\/h2>\n<p data-start=\"2555\" data-end=\"2850\">\u2714\ufe0f Ma\u017eina tamsias d\u0117mes ir neleid\u017eia joms pasikartoti<br data-start=\"2673\" data-end=\"2676\" \/>\u2714\ufe0f Suvienodina odos ton\u0105 ir suteikia \u0161vyt\u0117jimo<br data-start=\"2722\" data-end=\"2725\" \/>\u2714\ufe0f Apsaugo nuo UVA\/UVB spinduliuot\u0117s<br data-start=\"2761\" data-end=\"2764\" \/>\u2714\ufe0f Pagerina odos tekst\u016br\u0105 ir glotnum\u0105<br data-start=\"2801\" data-end=\"2804\" \/>\u2714\ufe0f Tinka kasdieniam naudojimui i\u0161tisus metus<\/p>\n","protected":false},"featured_media":65044,"template":"","meta":[],"pwb-brand":[1202],"product_brand":[],"product_cat":[752,750,724,728],"product_tag":[],"giftcard-category":[],"class_list":{"0":"post-58266","1":"product","2":"type-product","3":"status-publish","4":"has-post-thumbnail","6":"pwb-brand-cantabria-labs","7":"product_cat-pigmentacija-lt","8":"product_cat-senstanti-oda","9":"product_cat-serumai","10":"product_cat-vitaminas-a-retinolis","12":"first","13":"instock","14":"taxable","15":"shipping-taxable","16":"purchasable","17":"product-type-simple"},"acf":[],"brands":[{"id":1202,"name":"Cantabria Labs","slug":"cantabria-labs"}],"_links":{"self":[{"href":"https:\/\/skinstudio.ee\/lt\/wp-json\/wp\/v2\/product\/58266","targetHints":{"allow":["GET"]}}],"collection":[{"href":"https:\/\/skinstudio.ee\/lt\/wp-json\/wp\/v2\/product"}],"about":[{"href":"https:\/\/skinstudio.ee\/lt\/wp-json\/wp\/v2\/types\/product"}],"version-history":[{"count":1,"href":"https:\/\/skinstudio.ee\/lt\/wp-json\/wp\/v2\/product\/58266\/revisions"}],"predecessor-version":[{"id":90273,"href":"https:\/\/skinstudio.ee\/lt\/wp-json\/wp\/v2\/product\/58266\/revisions\/90273"}],"wp:featuredmedia":[{"embeddable":true,"href":"https:\/\/skinstudio.ee\/lt\/wp-json\/wp\/v2\/media\/65044"}],"wp:attachment":[{"href":"https:\/\/skinstudio.ee\/lt\/wp-json\/wp\/v2\/media?parent=58266"}],"wp:term":[{"taxonomy":"pwb-brand","embeddable":true,"href":"https:\/\/skinstudio.ee\/lt\/wp-json\/wp\/v2\/pwb-brand?post=58266"},{"taxonomy":"product_brand","embeddable":true,"href":"https:\/\/skinstudio.ee\/lt\/wp-json\/wp\/v2\/product_brand?post=58266"},{"taxonomy":"product_cat","embeddable":true,"href":"https:\/\/skinstudio.ee\/lt\/wp-json\/wp\/v2\/product_cat?post=58266"},{"taxonomy":"product_tag","embeddable":true,"href":"https:\/\/skinstudio.ee\/lt\/wp-json\/wp\/v2\/product_tag?post=58266"},{"taxonomy":"giftcard-category","embeddable":true,"href":"https:\/\/skinstudio.ee\/lt\/wp-json\/wp\/v2\/giftcard-category?post=58266"}],"curies":[{"name":"wp","href":"https:\/\/api.w.org\/{rel}","templated":true}]}}