{"id":58281,"date":"2025-11-07T13:14:20","date_gmt":"2025-11-07T13:14:20","guid":{"rendered":"https:\/\/skinstudio.ee\/?post_type=product&#038;p=58281"},"modified":"2025-12-18T13:31:32","modified_gmt":"2025-12-18T13:31:32","slug":"neoretin-dc-transition-cream","status":"publish","type":"product","link":"https:\/\/skinstudio.ee\/lt\/catalog\/cantabria-labs\/neoretin-dc-transition-cream\/","title":{"rendered":"Neoretin DC Transition Cream"},"content":{"rendered":"<p data-start=\"1432\" data-end=\"1772\">Neoretin DC Transition Cream \u2013 tai dr\u0117kinamasis ir raminantis kremas, pasi\u017eymintis dideliu toleravimu, sukurtas naudoti tarp depigmentuojan\u010di\u0173 proced\u016br\u0173 arba kaip palaikomoji prie\u017ei\u016bra. Lengva formul\u0117 su pa\u017eangiais aktyviais ingredientais \u0161velniai pri\u017ei\u016bri od\u0105, atkuria jos apsaugin\u012f barjer\u0105 ir padeda i\u0161laikyti tolyg\u0173, \u0161vytint\u012f atspalv\u012f.<\/p>\n<p data-start=\"1774\" data-end=\"2170\"><strong data-start=\"1774\" data-end=\"1800\">Pigment Control System<\/strong>, praturtinta <strong data-start=\"1814\" data-end=\"1829\">niacinamidu<\/strong>, padeda suma\u017einti pigmentacij\u0105 ir suvienodinti odos ton\u0105. <strong data-start=\"1888\" data-end=\"1915\">RetinSphere\u00ae Technology<\/strong> u\u017etikrina \u0161veln\u0173 odos atnaujinim\u0105 ir tekst\u016bros pagerinim\u0105, tod\u0117l oda tampa lygesn\u0117 ir gaivesn\u0117. <strong data-start=\"2012\" data-end=\"2025\">EDAFENCE\u00ae<\/strong> apsauginis kompleksas stiprina odos barjer\u0105 ir apsaugo nuo tar\u0161os bei aplinkos streso \u2013 dviej\u0173 pagrindini\u0173 tamsi\u0173 d\u0117mi\u0173 susidarymo prie\u017eas\u010di\u0173.<\/p>\n<p data-start=\"2172\" data-end=\"2348\">Lengvos, nekomedogenin\u0117s tekst\u016bros kremas greitai susigeria, palieka od\u0105 \u0161velni\u0105, dr\u0117kinam\u0105 ir komforti\u0161k\u0105, be riebios pl\u0117vel\u0117s. Tinka visiems odos tipams, \u012fskaitant jautri\u0105.<\/p>\n<p data-start=\"2350\" data-end=\"2368\"><strong data-start=\"2350\" data-end=\"2360\">T\u016bris:<\/strong> 50 ml<\/p>\n","protected":false},"excerpt":{"rendered":"<p data-start=\"2421\" data-end=\"2471\">Dr\u0117kinamasis kremas palaikomajai odos prie\u017ei\u016brai<\/p>\n<h2 data-start=\"2473\" data-end=\"2778\"><strong data-start=\"2473\" data-end=\"2530\">Cantabria Labs &#8211; Neoretin DC Transition Cream Savyb\u0117s<\/strong><\/h2>\n<p data-start=\"2473\" data-end=\"2778\">\u2714\ufe0f Padeda i\u0161laikyti tolyg\u0173 atspalv\u012f ir lygi\u0105 tekst\u016br\u0105<br data-start=\"2586\" data-end=\"2589\" \/>\u2714\ufe0f Mink\u0161tina ir dr\u0117kina, suteikdamas komforto poj\u016bt\u012f<br data-start=\"2641\" data-end=\"2644\" \/>\u2714\ufe0f Ma\u017eina pigmentacijos po\u017eymius<br data-start=\"2676\" data-end=\"2679\" \/>\u2714\ufe0f Apsaugo nuo tar\u0161os ir aplinkos streso<br data-start=\"2719\" data-end=\"2722\" \/>\u2714\ufe0f Skatina odos barjero atk\u016brim\u0105 ir suteikia spindesio<\/p>\n","protected":false},"featured_media":65039,"template":"","meta":[],"pwb-brand":[1202],"product_brand":[],"product_cat":[752,750,724,728],"product_tag":[],"giftcard-category":[],"class_list":{"0":"post-58281","1":"product","2":"type-product","3":"status-publish","4":"has-post-thumbnail","6":"pwb-brand-cantabria-labs","7":"product_cat-pigmentacija-lt","8":"product_cat-senstanti-oda","9":"product_cat-serumai","10":"product_cat-vitaminas-a-retinolis","12":"first","13":"instock","14":"taxable","15":"shipping-taxable","16":"purchasable","17":"product-type-simple"},"acf":[],"brands":[{"id":1202,"name":"Cantabria Labs","slug":"cantabria-labs"}],"_links":{"self":[{"href":"https:\/\/skinstudio.ee\/lt\/wp-json\/wp\/v2\/product\/58281","targetHints":{"allow":["GET"]}}],"collection":[{"href":"https:\/\/skinstudio.ee\/lt\/wp-json\/wp\/v2\/product"}],"about":[{"href":"https:\/\/skinstudio.ee\/lt\/wp-json\/wp\/v2\/types\/product"}],"version-history":[{"count":0,"href":"https:\/\/skinstudio.ee\/lt\/wp-json\/wp\/v2\/product\/58281\/revisions"}],"wp:featuredmedia":[{"embeddable":true,"href":"https:\/\/skinstudio.ee\/lt\/wp-json\/wp\/v2\/media\/65039"}],"wp:attachment":[{"href":"https:\/\/skinstudio.ee\/lt\/wp-json\/wp\/v2\/media?parent=58281"}],"wp:term":[{"taxonomy":"pwb-brand","embeddable":true,"href":"https:\/\/skinstudio.ee\/lt\/wp-json\/wp\/v2\/pwb-brand?post=58281"},{"taxonomy":"product_brand","embeddable":true,"href":"https:\/\/skinstudio.ee\/lt\/wp-json\/wp\/v2\/product_brand?post=58281"},{"taxonomy":"product_cat","embeddable":true,"href":"https:\/\/skinstudio.ee\/lt\/wp-json\/wp\/v2\/product_cat?post=58281"},{"taxonomy":"product_tag","embeddable":true,"href":"https:\/\/skinstudio.ee\/lt\/wp-json\/wp\/v2\/product_tag?post=58281"},{"taxonomy":"giftcard-category","embeddable":true,"href":"https:\/\/skinstudio.ee\/lt\/wp-json\/wp\/v2\/giftcard-category?post=58281"}],"curies":[{"name":"wp","href":"https:\/\/api.w.org\/{rel}","templated":true}]}}