{"id":58297,"date":"2025-11-07T13:20:33","date_gmt":"2025-11-07T13:20:33","guid":{"rendered":"https:\/\/skinstudio.ee\/?post_type=product&#038;p=58297"},"modified":"2025-12-18T13:31:32","modified_gmt":"2025-12-18T13:31:32","slug":"neoretin-dc-lightening-peel-pads","status":"publish","type":"product","link":"https:\/\/skinstudio.ee\/lt\/catalog\/cantabria-labs\/neoretin-dc-lightening-peel-pads\/","title":{"rendered":"Neoretin DC Lightening Peel Pads"},"content":{"rendered":"<p data-start=\"1653\" data-end=\"1950\">Neoretin DC Lightening Peel Pads &#8211; tai inovatyvus nam\u0173 s\u0105lygomis naudojamas pilingas, kuris sustiprina kit\u0173 depigmentuojan\u010di\u0173 produkt\u0173 poveik\u012f. Chemini\u0173 ir fermentini\u0173 eksfoliant\u0173 derinys skatina odos atsinaujinim\u0105 vos per 20 minu\u010di\u0173, tod\u0117l oda tampa lygesn\u0117, skaistesn\u0117 ir tolygesnio atspalvio.<\/p>\n<p data-start=\"1952\" data-end=\"2357\"><strong data-start=\"1952\" data-end=\"1979\">RetinSphere\u00ae Technology<\/strong> stimuliuoja epidermio atsinaujinim\u0105 ir pagerina aktyvi\u0173j\u0173 ingredient\u0173 veiksmingum\u0105. Servet\u0117l\u0117s be p\u016bkeli\u0173, pagamintos i\u0161 gryn\u0173 pluo\u0161t\u0173, yra prisotintos nekomedogenine formule, kuri suma\u017eina sudirginimo ir alergijos rizik\u0105. \u0160iek tiek grubl\u0117tas pavir\u0161ius u\u017etikrina \u0161veln\u0173 mechanin\u012f \u0161veitim\u0105 ir masa\u017eo efekt\u0105, suteikdamas odai spindesio. Tinka vis\u0173 tip\u0173 odai, \u012fskaitant jautri\u0105.<\/p>\n<p data-start=\"2359\" data-end=\"2500\">Reguliarus Neoretin DC Lightening Peel Pads naudojimas padeda pagerinti odos tekst\u016br\u0105, suvienodinti atspalv\u012f ir atkurti nat\u016bral\u0173 \u0161vyt\u0117jim\u0105.<\/p>\n<p data-start=\"2502\" data-end=\"2534\"><strong data-start=\"2502\" data-end=\"2512\">T\u016bris:<\/strong> 6 servet\u0117l\u0117s x 1 ml<\/p>\n","protected":false},"excerpt":{"rendered":"<p data-start=\"2915\" data-end=\"2969\">Pilingo servet\u0117l\u0117s odos atsinaujinimui ir spindesiui<\/p>\n<h2 data-start=\"2971\" data-end=\"3258\"><strong data-start=\"2971\" data-end=\"3032\">Cantabria Labs &#8211; Neoretin DC Lightening Peel Pads Savyb\u0117s<\/strong><\/h2>\n<p data-start=\"2971\" data-end=\"3258\">\u2714\ufe0f Atnaujina od\u0105 vos per 20 minu\u010di\u0173<br data-start=\"3070\" data-end=\"3073\" \/>\u2714\ufe0f Sustiprina depigmentuojan\u010di\u0173 priemoni\u0173 poveik\u012f<br data-start=\"3122\" data-end=\"3125\" \/>\u2714\ufe0f Suvienodina atspalv\u012f ir suteikia \u0161vyt\u0117jimo<br data-start=\"3170\" data-end=\"3173\" \/>\u2714\ufe0f Pagerina odos tekst\u016br\u0105 ir skaistum\u0105<br data-start=\"3211\" data-end=\"3214\" \/>\u2714\ufe0f Tinka vis\u0173 tip\u0173 odai, \u012fskaitant jautri\u0105<\/p>\n","protected":false},"featured_media":65033,"template":"","meta":[],"pwb-brand":[1202],"product_brand":[],"product_cat":[752,720],"product_tag":[],"giftcard-category":[],"class_list":{"0":"post-58297","1":"product","2":"type-product","3":"status-publish","4":"has-post-thumbnail","6":"pwb-brand-cantabria-labs","7":"product_cat-pigmentacija-lt","8":"product_cat-sveitikliai-ir-pilingai","10":"first","11":"instock","12":"taxable","13":"shipping-taxable","14":"purchasable","15":"product-type-simple"},"acf":[],"brands":[{"id":1202,"name":"Cantabria Labs","slug":"cantabria-labs"}],"_links":{"self":[{"href":"https:\/\/skinstudio.ee\/lt\/wp-json\/wp\/v2\/product\/58297","targetHints":{"allow":["GET"]}}],"collection":[{"href":"https:\/\/skinstudio.ee\/lt\/wp-json\/wp\/v2\/product"}],"about":[{"href":"https:\/\/skinstudio.ee\/lt\/wp-json\/wp\/v2\/types\/product"}],"version-history":[{"count":0,"href":"https:\/\/skinstudio.ee\/lt\/wp-json\/wp\/v2\/product\/58297\/revisions"}],"wp:featuredmedia":[{"embeddable":true,"href":"https:\/\/skinstudio.ee\/lt\/wp-json\/wp\/v2\/media\/65033"}],"wp:attachment":[{"href":"https:\/\/skinstudio.ee\/lt\/wp-json\/wp\/v2\/media?parent=58297"}],"wp:term":[{"taxonomy":"pwb-brand","embeddable":true,"href":"https:\/\/skinstudio.ee\/lt\/wp-json\/wp\/v2\/pwb-brand?post=58297"},{"taxonomy":"product_brand","embeddable":true,"href":"https:\/\/skinstudio.ee\/lt\/wp-json\/wp\/v2\/product_brand?post=58297"},{"taxonomy":"product_cat","embeddable":true,"href":"https:\/\/skinstudio.ee\/lt\/wp-json\/wp\/v2\/product_cat?post=58297"},{"taxonomy":"product_tag","embeddable":true,"href":"https:\/\/skinstudio.ee\/lt\/wp-json\/wp\/v2\/product_tag?post=58297"},{"taxonomy":"giftcard-category","embeddable":true,"href":"https:\/\/skinstudio.ee\/lt\/wp-json\/wp\/v2\/giftcard-category?post=58297"}],"curies":[{"name":"wp","href":"https:\/\/api.w.org\/{rel}","templated":true}]}}