{"id":58313,"date":"2025-11-07T13:27:19","date_gmt":"2025-11-07T13:27:19","guid":{"rendered":"https:\/\/skinstudio.ee\/?post_type=product&#038;p=58313"},"modified":"2025-12-18T13:31:32","modified_gmt":"2025-12-18T13:31:32","slug":"neoretin-dc-k-eye-contour-cream","status":"publish","type":"product","link":"https:\/\/skinstudio.ee\/lt\/catalog\/cantabria-labs\/neoretin-dc-k-eye-contour-cream\/","title":{"rendered":"Neoretin DC K-Eye Contour Cream"},"content":{"rendered":"<p data-start=\"1402\" data-end=\"1689\">Neoretin DC K-Eye Contour Cream &#8211; tai intensyvus paaki\u0173 kremas, sukurtas suma\u017einti tamsius ratilus ir u\u017ekirsti keli\u0105 hiperpigmentacijai aplink akis. Jis veiksmingai veikia tiek kraujagyslin\u0117s, tiek genetin\u0117s kilm\u0117s tamsius ratilus, suteikdamas odai gaivumo, \u0161vyt\u0117jimo ir jaunatvi\u0161kumo.<\/p>\n<p data-start=\"1691\" data-end=\"2064\">Formul\u0117je derinami <strong data-start=\"1710\" data-end=\"1729\">Vitamin K Oxide<\/strong> ir <strong data-start=\"1733\" data-end=\"1752\">Tranexamic Acid<\/strong>, kurie padeda pa\u0161viesinti pigmentuotas vietas ir pagerinti mikrocirkuliacij\u0105. <strong data-start=\"1831\" data-end=\"1858\">RetinSphere\u00ae Technology<\/strong>, turinti auk\u0161to efektyvumo retinoid\u0173, padeda i\u0161lyginti odos atspalv\u012f ir suma\u017einti smulkias rauk\u0161les, o <strong data-start=\"1962\" data-end=\"1975\">EDAFENCE\u00ae<\/strong> apsaugo \u0161velni\u0105 paaki\u0173 od\u0105 nuo aplinkos veiksni\u0173, toki\u0173 kaip tar\u0161a ir m\u0117lynoji \u0161viesa.<\/p>\n<p data-start=\"2066\" data-end=\"2227\">Reguliariai naudojant Neoretin DC K-Eye Contour Cream, oda aplink akis tampa lygesn\u0117, elastingesn\u0117 ir \u0161vytinti, o tams\u016bs ratilai bei rauk\u0161l\u0117s matomai suma\u017e\u0117ja.<\/p>\n<p data-start=\"2229\" data-end=\"2247\"><strong data-start=\"2229\" data-end=\"2239\">T\u016bris:<\/strong> 15 ml<\/p>\n","protected":false},"excerpt":{"rendered":"<p data-start=\"2364\" data-end=\"2396\">Paaki\u0173 od\u0105 \u0161viesinantis kremas<\/p>\n<h2 data-start=\"2398\" data-end=\"2701\"><strong data-start=\"2398\" data-end=\"2458\">Cantabria Labs &#8211; Neoretin DC K-Eye Contour Cream Savyb\u0117s<\/strong><\/h2>\n<p data-start=\"2398\" data-end=\"2701\">\u2714\ufe0f Ma\u017eina tamsius ratilus ir nuovargio po\u017eymius<br data-start=\"2508\" data-end=\"2511\" \/>\u2714\ufe0f I\u0161lygina odos atspalv\u012f ir pa\u0161viesina paaki\u0173 zon\u0105<br data-start=\"2562\" data-end=\"2565\" \/>\u2714\ufe0f Suma\u017eina smulkias rauk\u0161les ir linijas<br data-start=\"2605\" data-end=\"2608\" \/>\u2714\ufe0f Stiprina ir tonizuoja jautri\u0105 od\u0105<br data-start=\"2644\" data-end=\"2647\" \/>\u2714\ufe0f Apsaugo nuo tar\u0161os ir m\u0117lynosios \u0161viesos poveikio<\/p>\n","protected":false},"featured_media":65028,"template":"","meta":[],"pwb-brand":[1202],"product_brand":[],"product_cat":[734,750,728],"product_tag":[],"giftcard-category":[],"class_list":{"0":"post-58313","1":"product","2":"type-product","3":"status-publish","4":"has-post-thumbnail","6":"pwb-brand-cantabria-labs","7":"product_cat-oda-aplink-akis","8":"product_cat-senstanti-oda","9":"product_cat-vitaminas-a-retinolis","11":"first","12":"instock","13":"taxable","14":"shipping-taxable","15":"purchasable","16":"product-type-simple"},"acf":[],"brands":[{"id":1202,"name":"Cantabria Labs","slug":"cantabria-labs"}],"_links":{"self":[{"href":"https:\/\/skinstudio.ee\/lt\/wp-json\/wp\/v2\/product\/58313","targetHints":{"allow":["GET"]}}],"collection":[{"href":"https:\/\/skinstudio.ee\/lt\/wp-json\/wp\/v2\/product"}],"about":[{"href":"https:\/\/skinstudio.ee\/lt\/wp-json\/wp\/v2\/types\/product"}],"version-history":[{"count":0,"href":"https:\/\/skinstudio.ee\/lt\/wp-json\/wp\/v2\/product\/58313\/revisions"}],"wp:featuredmedia":[{"embeddable":true,"href":"https:\/\/skinstudio.ee\/lt\/wp-json\/wp\/v2\/media\/65028"}],"wp:attachment":[{"href":"https:\/\/skinstudio.ee\/lt\/wp-json\/wp\/v2\/media?parent=58313"}],"wp:term":[{"taxonomy":"pwb-brand","embeddable":true,"href":"https:\/\/skinstudio.ee\/lt\/wp-json\/wp\/v2\/pwb-brand?post=58313"},{"taxonomy":"product_brand","embeddable":true,"href":"https:\/\/skinstudio.ee\/lt\/wp-json\/wp\/v2\/product_brand?post=58313"},{"taxonomy":"product_cat","embeddable":true,"href":"https:\/\/skinstudio.ee\/lt\/wp-json\/wp\/v2\/product_cat?post=58313"},{"taxonomy":"product_tag","embeddable":true,"href":"https:\/\/skinstudio.ee\/lt\/wp-json\/wp\/v2\/product_tag?post=58313"},{"taxonomy":"giftcard-category","embeddable":true,"href":"https:\/\/skinstudio.ee\/lt\/wp-json\/wp\/v2\/giftcard-category?post=58313"}],"curies":[{"name":"wp","href":"https:\/\/api.w.org\/{rel}","templated":true}]}}