{"id":58336,"date":"2025-11-07T13:35:00","date_gmt":"2025-11-07T13:35:00","guid":{"rendered":"https:\/\/skinstudio.ee\/?post_type=product&#038;p=58336"},"modified":"2025-12-18T13:31:32","modified_gmt":"2025-12-18T13:31:32","slug":"neoretin-dc-pigment-neutralizer-serum","status":"publish","type":"product","link":"https:\/\/skinstudio.ee\/lt\/catalog\/cantabria-labs\/neoretin-dc-pigment-neutralizer-serum\/","title":{"rendered":"Neoretin DC Pigment Neutralizer Serum"},"content":{"rendered":"<p data-start=\"1498\" data-end=\"1893\"><strong>Neoretin DC Pigment Neutralizer Serum<\/strong> \u2013 tai novatori\u0161kas sud\u0117ties serumas, veiksmingai ma\u017einantis pigmentacij\u0105 be dirginimo. Tinka visiems odos tipams, \u012fskaitant jautri\u0105 od\u0105 bei tiems, kurie netoleruoja retinolio ar AHA r\u016bg\u0161\u010di\u0173. Lengva, dr\u0117kinanti formul\u0117 su hialurono r\u016bg\u0161timi i\u0161lygina odos atspalv\u012f, suteikia spindesio ir pastebimai suma\u017eina tamsias d\u0117mes, oda tampa \u0161velnesn\u0117 ir skaistesn\u0117.<\/p>\n<p data-start=\"1895\" data-end=\"2182\">Patentuotas <strong data-start=\"1907\" data-end=\"1927\">Azelaic Aox-Tech<\/strong> kompleksas u\u017etikrina stipr\u0173 antioksidacin\u012f ir \u0161viesinant\u012f poveik\u012f, kartu pad\u0117damas i\u0161vengti nauj\u0173 pigmentacijos d\u0117mi\u0173 susidarymo. Serumas giliai maitina ir dr\u0117kina od\u0105, gerina jos elastingum\u0105 bei suteikia sveik\u0105 \u0161vyt\u0117jim\u0105 be sausumo ar tempimo poj\u016b\u010dio.<\/p>\n<p data-start=\"2184\" data-end=\"2337\">Reguliariai naudojant Neoretin DC Pigment Neutralizer Serum, atkuriamas tolygus odos atspalvis, oda tampa vizualiai gaivesn\u0117, skaistesn\u0117 ir mink\u0161tesn\u0117.<\/p>\n<p data-start=\"2339\" data-end=\"2357\"><strong data-start=\"2339\" data-end=\"2349\">T\u016bris:<\/strong> 30 ml<\/p>\n","protected":false},"excerpt":{"rendered":"<p data-start=\"2515\" data-end=\"2563\">Odos ton\u0105 i\u0161lyginantis ir \u0161viesinantis serumas<\/p>\n<h2 data-start=\"2565\" data-end=\"2891\"><strong data-start=\"2565\" data-end=\"2631\">Savyb\u0117s Cantabria Labs &#8211; Neoretin DC Pigment Neutralizer Serum<\/strong><\/h2>\n<p data-start=\"2565\" data-end=\"2891\">\u2714\ufe0f Ma\u017eina ir padeda i\u0161vengti tamsi\u0173 d\u0117mi\u0173 atsiradimo<br data-start=\"2686\" data-end=\"2689\" \/>\u2714\ufe0f I\u0161lygina odos ton\u0105 ir suteikia spindesio<br data-start=\"2732\" data-end=\"2735\" \/>\u2714\ufe0f Tinka jautriai odai, netoleruojan\u010diai retinolio ir r\u016bg\u0161\u010di\u0173<br data-start=\"2796\" data-end=\"2799\" \/>\u2714\ufe0f Giliai dr\u0117kina ir mink\u0161tina od\u0105<br data-start=\"2833\" data-end=\"2836\" \/>\u2714\ufe0f Suteikia \u0161veln\u0173 \u0161viesinant\u012f poveik\u012f be sudirginimo<\/p>\n","protected":false},"featured_media":65023,"template":"","meta":[],"pwb-brand":[1202],"product_brand":[],"product_cat":[752,750,724],"product_tag":[],"giftcard-category":[],"class_list":{"0":"post-58336","1":"product","2":"type-product","3":"status-publish","4":"has-post-thumbnail","6":"pwb-brand-cantabria-labs","7":"product_cat-pigmentacija-lt","8":"product_cat-senstanti-oda","9":"product_cat-serumai","11":"first","12":"instock","13":"taxable","14":"shipping-taxable","15":"purchasable","16":"product-type-simple"},"acf":[],"brands":[{"id":1202,"name":"Cantabria Labs","slug":"cantabria-labs"}],"_links":{"self":[{"href":"https:\/\/skinstudio.ee\/lt\/wp-json\/wp\/v2\/product\/58336","targetHints":{"allow":["GET"]}}],"collection":[{"href":"https:\/\/skinstudio.ee\/lt\/wp-json\/wp\/v2\/product"}],"about":[{"href":"https:\/\/skinstudio.ee\/lt\/wp-json\/wp\/v2\/types\/product"}],"version-history":[{"count":0,"href":"https:\/\/skinstudio.ee\/lt\/wp-json\/wp\/v2\/product\/58336\/revisions"}],"wp:featuredmedia":[{"embeddable":true,"href":"https:\/\/skinstudio.ee\/lt\/wp-json\/wp\/v2\/media\/65023"}],"wp:attachment":[{"href":"https:\/\/skinstudio.ee\/lt\/wp-json\/wp\/v2\/media?parent=58336"}],"wp:term":[{"taxonomy":"pwb-brand","embeddable":true,"href":"https:\/\/skinstudio.ee\/lt\/wp-json\/wp\/v2\/pwb-brand?post=58336"},{"taxonomy":"product_brand","embeddable":true,"href":"https:\/\/skinstudio.ee\/lt\/wp-json\/wp\/v2\/product_brand?post=58336"},{"taxonomy":"product_cat","embeddable":true,"href":"https:\/\/skinstudio.ee\/lt\/wp-json\/wp\/v2\/product_cat?post=58336"},{"taxonomy":"product_tag","embeddable":true,"href":"https:\/\/skinstudio.ee\/lt\/wp-json\/wp\/v2\/product_tag?post=58336"},{"taxonomy":"giftcard-category","embeddable":true,"href":"https:\/\/skinstudio.ee\/lt\/wp-json\/wp\/v2\/giftcard-category?post=58336"}],"curies":[{"name":"wp","href":"https:\/\/api.w.org\/{rel}","templated":true}]}}