{"id":58352,"date":"2025-11-07T13:45:56","date_gmt":"2025-11-07T13:45:56","guid":{"rendered":"https:\/\/skinstudio.ee\/?post_type=product&#038;p=58352"},"modified":"2026-04-09T11:18:24","modified_gmt":"2026-04-09T11:18:24","slug":"neoretin-discrom-control-sensitive-areas-body-lotion","status":"publish","type":"product","link":"https:\/\/skinstudio.ee\/lt\/catalog\/cantabria-labs\/neoretin-discrom-control-sensitive-areas-body-lotion\/","title":{"rendered":"Neoretin DC Body Lotion"},"content":{"rendered":"<p data-start=\"1715\" data-end=\"2133\">Neoretin Discrom Control Sensitive Areas Body Lotion \u2013 tai \u0161velnus \u0161viesinantis k\u016bno losjonas, specialiai sukurtas jautrioms vietoms. Jis padeda i\u0161lyginti odos atspalv\u012f, giliai dr\u0117kina ir stiprina apsaugin\u012f odos barjer\u0105. Formul\u0117je derinami <strong data-start=\"1955\" data-end=\"1971\">niacinamidas<\/strong>, <strong data-start=\"1973\" data-end=\"1993\">azelaino r\u016bg\u0161tis<\/strong>, <strong data-start=\"1995\" data-end=\"2017\">traneksamo r\u016bg\u0161tis<\/strong> ir inovatyvi <strong data-start=\"2031\" data-end=\"2058\">RetinSphere\u00ae Technology<\/strong>, u\u017etikrinanti didel\u012f veiksmingum\u0105 ir puik\u0173 toleravim\u0105 net jautriai odai.<\/p>\n<p data-start=\"2135\" data-end=\"2430\">Losjonas efektyviai \u0161viesina ir mink\u0161tina od\u0105 tose vietose, kur da\u017eniausiai atsiranda pigmentacija &#8211; \u0161laun\u0173 vidin\u0117je dalyje, pa\u017eastyse, ant keli\u0173 ir alk\u016bni\u0173. Jis stiprina odos barjer\u0105, padeda i\u0161vengti nauj\u0173 d\u0117mi\u0173 susidarymo ir pagerina odos tekst\u016br\u0105, tod\u0117l oda tampa lygi, \u0161velni ir spindinti.<\/p>\n<p data-start=\"2432\" data-end=\"2604\">Lengva ir greitai \u012fsigerianti tekst\u016bra daro Neoretin Discrom Control Sensitive Areas Body Lotion idealiu kasdieniam naudojimui. Be kvapikli\u0173. Dermatologi\u0161kai patikrintas.<\/p>\n<p data-start=\"2606\" data-end=\"2625\"><strong data-start=\"2606\" data-end=\"2616\">T\u016bris:<\/strong> 100 ml<\/p>\n","protected":false},"excerpt":{"rendered":"<p data-start=\"2796\" data-end=\"2842\">\u0160viesinantis k\u016bno losjonas jautrioms vietoms<\/p>\n<h2 data-start=\"2844\" data-end=\"3163\"><strong data-start=\"2844\" data-end=\"2925\">Cantabria Labs &#8211; Neoretin Discrom Control Sensitive Areas Body Lotion <\/strong><strong data-start=\"2844\" data-end=\"2925\">Savyb\u0117s<\/strong><\/h2>\n<p data-start=\"2844\" data-end=\"3163\">\u2714\ufe0f I\u0161lygina odos atspalv\u012f jautriose vietose<br data-start=\"2971\" data-end=\"2974\" \/>\u2714\ufe0f Giliai dr\u0117kina ir stiprina apsaugin\u012f barjer\u0105<br data-start=\"3021\" data-end=\"3024\" \/>\u2714\ufe0f \u0160viesina pigmentines d\u0117mes be sudirginimo<br data-start=\"3068\" data-end=\"3071\" \/>\u2714\ufe0f Palieka od\u0105 lygi\u0105, \u0161velni\u0105 ir spindin\u010di\u0105<br data-start=\"3114\" data-end=\"3117\" \/>\u2714\ufe0f Be kvapikli\u0173, tinka kasdieniam naudojimui<\/p>\n","protected":false},"featured_media":65018,"template":"","meta":[],"pwb-brand":[1202],"product_brand":[],"product_cat":[758],"product_tag":[],"giftcard-category":[],"class_list":{"0":"post-58352","1":"product","2":"type-product","3":"status-publish","4":"has-post-thumbnail","6":"pwb-brand-cantabria-labs","7":"product_cat-kuno-prieziura","9":"first","10":"instock","11":"taxable","12":"shipping-taxable","13":"purchasable","14":"product-type-simple"},"acf":[],"brands":[{"id":1202,"name":"Cantabria Labs","slug":"cantabria-labs"}],"_links":{"self":[{"href":"https:\/\/skinstudio.ee\/lt\/wp-json\/wp\/v2\/product\/58352","targetHints":{"allow":["GET"]}}],"collection":[{"href":"https:\/\/skinstudio.ee\/lt\/wp-json\/wp\/v2\/product"}],"about":[{"href":"https:\/\/skinstudio.ee\/lt\/wp-json\/wp\/v2\/types\/product"}],"version-history":[{"count":1,"href":"https:\/\/skinstudio.ee\/lt\/wp-json\/wp\/v2\/product\/58352\/revisions"}],"predecessor-version":[{"id":90278,"href":"https:\/\/skinstudio.ee\/lt\/wp-json\/wp\/v2\/product\/58352\/revisions\/90278"}],"wp:featuredmedia":[{"embeddable":true,"href":"https:\/\/skinstudio.ee\/lt\/wp-json\/wp\/v2\/media\/65018"}],"wp:attachment":[{"href":"https:\/\/skinstudio.ee\/lt\/wp-json\/wp\/v2\/media?parent=58352"}],"wp:term":[{"taxonomy":"pwb-brand","embeddable":true,"href":"https:\/\/skinstudio.ee\/lt\/wp-json\/wp\/v2\/pwb-brand?post=58352"},{"taxonomy":"product_brand","embeddable":true,"href":"https:\/\/skinstudio.ee\/lt\/wp-json\/wp\/v2\/product_brand?post=58352"},{"taxonomy":"product_cat","embeddable":true,"href":"https:\/\/skinstudio.ee\/lt\/wp-json\/wp\/v2\/product_cat?post=58352"},{"taxonomy":"product_tag","embeddable":true,"href":"https:\/\/skinstudio.ee\/lt\/wp-json\/wp\/v2\/product_tag?post=58352"},{"taxonomy":"giftcard-category","embeddable":true,"href":"https:\/\/skinstudio.ee\/lt\/wp-json\/wp\/v2\/giftcard-category?post=58352"}],"curies":[{"name":"wp","href":"https:\/\/api.w.org\/{rel}","templated":true}]}}