{"id":58367,"date":"2025-11-07T13:53:04","date_gmt":"2025-11-07T13:53:04","guid":{"rendered":"https:\/\/skinstudio.ee\/?post_type=product&#038;p=58367"},"modified":"2025-12-18T13:31:32","modified_gmt":"2025-12-18T13:31:32","slug":"skin-resist-velvet-cleanser","status":"publish","type":"product","link":"https:\/\/skinstudio.ee\/lt\/catalog\/cantabria-labs\/skin-resist-velvet-cleanser\/","title":{"rendered":"Skin Resist Velvet Cleanser"},"content":{"rendered":"<p data-start=\"1565\" data-end=\"1837\">Skin Resist Velvet Cleanser &#8211; tai itin \u0161velnus, aksomin\u0117s tekst\u016bros valomasis gelis, sukurtas kasdieniam naudojimui ir makia\u017eo pa\u0161alinimui nuo veido bei aki\u0173 zonos. Jis veiksmingai valo od\u0105, nepa\u017eeisdamas jos pusiausvyros, ir idealiai tinka jautriai bei reaktyviai odai.<\/p>\n<p data-start=\"1839\" data-end=\"2199\">Formul\u0117je panaudota patentuota <strong data-start=\"1870\" data-end=\"1897\">Aquammunist\u00ae Technology<\/strong>, pagr\u012fsta mineraliniu terminiu vandeniu ir diatom\u0117mis. Ji ramina od\u0105, stiprina jos apsaugin\u012f barjer\u0105 ir ma\u017eina jautrum\u0105. <strong data-start=\"2019\" data-end=\"2062\">SkinCalm Booster (\u010cerimojos ekstraktas)<\/strong> gerina odos adaptogenines savybes ir ma\u017eina u\u017edegim\u0105, o <strong data-start=\"2119\" data-end=\"2135\">niacinamidas<\/strong> padeda atkurti apsaugin\u0119 funkcij\u0105 bei pagerina odos glotnum\u0105.<\/p>\n<p data-start=\"2201\" data-end=\"2342\">Skin Resist Velvet Cleanser ne tik valo, bet ir stiprina odos atsparum\u0105 sudirginimui, suteikdamas jai komforto jausm\u0105 ir nat\u016bral\u0173 spindes\u012f.<\/p>\n<p data-start=\"2344\" data-end=\"2363\"><strong data-start=\"2344\" data-end=\"2354\">T\u016bris:<\/strong> 200 ml<\/p>\n","protected":false},"excerpt":{"rendered":"<p data-start=\"2577\" data-end=\"2623\">\u0160velnus valomasis gelis su aksomine tekst\u016bra<\/p>\n<h2 data-start=\"2625\" data-end=\"2906\"><strong data-start=\"2625\" data-end=\"2681\">Cantabria Labs &#8211; Skin Resist Velvet Cleanser Savyb\u0117s<\/strong><\/h2>\n<p data-start=\"2625\" data-end=\"2906\">\u2714\ufe0f Ramina ir ma\u017eina odos jautrum\u0105<br data-start=\"2717\" data-end=\"2720\" \/>\u2714\ufe0f Atkuria apsaugin\u012f barjer\u0105 ir i\u0161laiko dr\u0117gm\u0119<br data-start=\"2766\" data-end=\"2769\" \/>\u2714\ufe0f Ma\u017eina u\u017edegim\u0105 ir reaktyvum\u0105<br data-start=\"2801\" data-end=\"2804\" \/>\u2714\ufe0f Palieka od\u0105 \u0161velni\u0105, lygi\u0105 ir komforti\u0161k\u0105<br data-start=\"2848\" data-end=\"2851\" \/>\u2714\ufe0f Tinka kasdieniam naudojimui ir makia\u017eo pa\u0161alinimui<\/p>\n","protected":false},"featured_media":58359,"template":"","meta":[],"pwb-brand":[1202],"product_brand":[],"product_cat":[746,718],"product_tag":[],"giftcard-category":[],"class_list":{"0":"post-58367","1":"product","2":"type-product","3":"status-publish","4":"has-post-thumbnail","6":"pwb-brand-cantabria-labs","7":"product_cat-jautriai-odai","8":"product_cat-valymas","10":"first","11":"instock","12":"taxable","13":"shipping-taxable","14":"purchasable","15":"product-type-simple"},"acf":[],"brands":[{"id":1202,"name":"Cantabria Labs","slug":"cantabria-labs"}],"_links":{"self":[{"href":"https:\/\/skinstudio.ee\/lt\/wp-json\/wp\/v2\/product\/58367","targetHints":{"allow":["GET"]}}],"collection":[{"href":"https:\/\/skinstudio.ee\/lt\/wp-json\/wp\/v2\/product"}],"about":[{"href":"https:\/\/skinstudio.ee\/lt\/wp-json\/wp\/v2\/types\/product"}],"version-history":[{"count":0,"href":"https:\/\/skinstudio.ee\/lt\/wp-json\/wp\/v2\/product\/58367\/revisions"}],"wp:featuredmedia":[{"embeddable":true,"href":"https:\/\/skinstudio.ee\/lt\/wp-json\/wp\/v2\/media\/58359"}],"wp:attachment":[{"href":"https:\/\/skinstudio.ee\/lt\/wp-json\/wp\/v2\/media?parent=58367"}],"wp:term":[{"taxonomy":"pwb-brand","embeddable":true,"href":"https:\/\/skinstudio.ee\/lt\/wp-json\/wp\/v2\/pwb-brand?post=58367"},{"taxonomy":"product_brand","embeddable":true,"href":"https:\/\/skinstudio.ee\/lt\/wp-json\/wp\/v2\/product_brand?post=58367"},{"taxonomy":"product_cat","embeddable":true,"href":"https:\/\/skinstudio.ee\/lt\/wp-json\/wp\/v2\/product_cat?post=58367"},{"taxonomy":"product_tag","embeddable":true,"href":"https:\/\/skinstudio.ee\/lt\/wp-json\/wp\/v2\/product_tag?post=58367"},{"taxonomy":"giftcard-category","embeddable":true,"href":"https:\/\/skinstudio.ee\/lt\/wp-json\/wp\/v2\/giftcard-category?post=58367"}],"curies":[{"name":"wp","href":"https:\/\/api.w.org\/{rel}","templated":true}]}}