{"id":58383,"date":"2025-11-07T13:59:44","date_gmt":"2025-11-07T13:59:44","guid":{"rendered":"https:\/\/skinstudio.ee\/?post_type=product&#038;p=58383"},"modified":"2025-12-18T13:31:32","modified_gmt":"2025-12-18T13:31:32","slug":"skin-resist-sensage-serum","status":"publish","type":"product","link":"https:\/\/skinstudio.ee\/lt\/catalog\/cantabria-labs\/skin-resist-sensage-serum\/","title":{"rendered":"Skin Resist Sensage Serum"},"content":{"rendered":"<p data-start=\"1524\" data-end=\"1761\">Skin Resist Sensage Serum \u2013 tai intensyvus atjauninantis serumas, sukurtas jautriai ir reaktyviai odai pri\u017ei\u016br\u0117ti. Jis giliai dr\u0117kina, ma\u017eina sausum\u0105 ir stiprina odos atsparum\u0105 dirgikliams, tod\u0117l oda tampa ramesn\u0117, lygesn\u0117 ir \u0161vytinti.<\/p>\n<p data-start=\"1763\" data-end=\"2076\">Pa\u017eangi formul\u0117 suteikia stipr\u0173 sen\u0117jim\u0105 stabdant\u012f poveik\u012f \u2013 veikia prie\u0161laikinio sen\u0117jimo prie\u017eastis ir ma\u017eina mimikos rauk\u0161leles. Aktyv\u016bs ingredientai skatina kolageno gamyb\u0105, pagerina odos stangrum\u0105 ir atkuria jos apsaugin\u012f barjer\u0105. Lengva, greitai susigerianti tekst\u016bra suteikia komforto ir \u0161velnumo poj\u016bt\u012f.<\/p>\n<p data-start=\"2078\" data-end=\"2181\">Reguliariai naudojant Skin Resist Sensage Serum, oda tampa atsinaujinusi, spindinti ir ma\u017eiau jautri.<\/p>\n<p data-start=\"2183\" data-end=\"2201\"><strong data-start=\"2183\" data-end=\"2193\">T\u016bris:<\/strong> 30 ml<\/p>\n","protected":false},"excerpt":{"rendered":"<p data-start=\"2435\" data-end=\"2486\">Atjauninantis serumas jautriai ir reaktyviai odai<\/p>\n<h2 data-start=\"2488\" data-end=\"2767\"><strong data-start=\"2488\" data-end=\"2542\">Cantabria Labs &#8211; Skin Resist Sensage Serum Savyb\u0117s<\/strong><\/h2>\n<p data-start=\"2488\" data-end=\"2767\">\u2714\ufe0f Ma\u017eina odos jautrum\u0105 ir sausum\u0105<br data-start=\"2579\" data-end=\"2582\" \/>\u2714\ufe0f Stiprina ir atkuria apsaugin\u012f barjer\u0105<br data-start=\"2622\" data-end=\"2625\" \/>\u2714\ufe0f Lygina smulkias rauk\u0161les ir pagerina odos tekst\u016br\u0105<br data-start=\"2678\" data-end=\"2681\" \/>\u2714\ufe0f Pagerina stangrum\u0105 ir suteikia \u0161vyt\u0117jimo<br data-start=\"2724\" data-end=\"2727\" \/>\u2714\ufe0f Ramina od\u0105 ir ma\u017eina jos reaktyvum\u0105<\/p>\n","protected":false},"featured_media":65013,"template":"","meta":[],"pwb-brand":[1202],"product_brand":[],"product_cat":[746,750,724],"product_tag":[],"giftcard-category":[],"class_list":{"0":"post-58383","1":"product","2":"type-product","3":"status-publish","4":"has-post-thumbnail","6":"pwb-brand-cantabria-labs","7":"product_cat-jautriai-odai","8":"product_cat-senstanti-oda","9":"product_cat-serumai","11":"first","12":"instock","13":"taxable","14":"shipping-taxable","15":"purchasable","16":"product-type-simple"},"acf":[],"brands":[{"id":1202,"name":"Cantabria Labs","slug":"cantabria-labs"}],"_links":{"self":[{"href":"https:\/\/skinstudio.ee\/lt\/wp-json\/wp\/v2\/product\/58383","targetHints":{"allow":["GET"]}}],"collection":[{"href":"https:\/\/skinstudio.ee\/lt\/wp-json\/wp\/v2\/product"}],"about":[{"href":"https:\/\/skinstudio.ee\/lt\/wp-json\/wp\/v2\/types\/product"}],"version-history":[{"count":0,"href":"https:\/\/skinstudio.ee\/lt\/wp-json\/wp\/v2\/product\/58383\/revisions"}],"wp:featuredmedia":[{"embeddable":true,"href":"https:\/\/skinstudio.ee\/lt\/wp-json\/wp\/v2\/media\/65013"}],"wp:attachment":[{"href":"https:\/\/skinstudio.ee\/lt\/wp-json\/wp\/v2\/media?parent=58383"}],"wp:term":[{"taxonomy":"pwb-brand","embeddable":true,"href":"https:\/\/skinstudio.ee\/lt\/wp-json\/wp\/v2\/pwb-brand?post=58383"},{"taxonomy":"product_brand","embeddable":true,"href":"https:\/\/skinstudio.ee\/lt\/wp-json\/wp\/v2\/product_brand?post=58383"},{"taxonomy":"product_cat","embeddable":true,"href":"https:\/\/skinstudio.ee\/lt\/wp-json\/wp\/v2\/product_cat?post=58383"},{"taxonomy":"product_tag","embeddable":true,"href":"https:\/\/skinstudio.ee\/lt\/wp-json\/wp\/v2\/product_tag?post=58383"},{"taxonomy":"giftcard-category","embeddable":true,"href":"https:\/\/skinstudio.ee\/lt\/wp-json\/wp\/v2\/giftcard-category?post=58383"}],"curies":[{"name":"wp","href":"https:\/\/api.w.org\/{rel}","templated":true}]}}