{"id":58507,"date":"2023-05-24T17:55:58","date_gmt":"2023-05-24T17:55:58","guid":{"rendered":"https:\/\/skinstudio.ee\/?post_type=product&#038;p=58507"},"modified":"2025-12-29T09:39:18","modified_gmt":"2025-12-29T09:39:18","slug":"lipid-balance-cleansing-oil","status":"publish","type":"product","link":"https:\/\/skinstudio.ee\/lt\/catalog\/medik8\/lipid-balance-cleansing-oil\/","title":{"rendered":"Lipid-Balance Cleansing Oil\u2122"},"content":{"rendered":"<p data-start=\"1246\" data-end=\"1618\">Maitinamoji <strong data-start=\"1265\" data-end=\"1306\">MEDIK8 &#8211; Lipid-Balance Cleansing Oil\u2122<\/strong> formul\u0117 sukurta kruop\u0161\u010diam, bet \u0161velniam odos valymui, nepa\u017eeid\u017eiant jos nat\u016bralaus balanso. Aliejus veiksmingai pa\u0161alina net vandeniui atspar\u0173 makia\u017e\u0105 ir ne\u0161varumus, palikdamas od\u0105 \u0161velni\u0105, sudr\u0117kint\u0105 ir lygi\u0105. Optimalus b\u016btin\u0173 lipid\u0173 santykis padeda atkurti apsaugin\u012f barjer\u0105 ir apsaugo nuo sausumo poj\u016b\u010dio.<\/p>\n<p data-start=\"1620\" data-end=\"1895\">E vitaminu praturtintas aliejus suteikia odai antioksidant\u0173, apsaugo nuo aplinkos poveikio ir gr\u0105\u017eina sveik\u0105 \u0161vyt\u0117jim\u0105. Tinka vis\u0173 tip\u0173 odai, \u012fskaitant jautri\u0105. Puikiai paruo\u0161ia od\u0105 tolesnei prie\u017ei\u016brai, suteikdamas \u0161varos, gaivumo ir komforto poj\u016bt\u012f po kiekvieno naudojimo.<\/p>\n<p data-start=\"1897\" data-end=\"1916\"><strong data-start=\"1897\" data-end=\"1907\">T\u016bris:<\/strong> 140 ml<\/p>\n","protected":false},"excerpt":{"rendered":"<p data-start=\"2094\" data-end=\"2146\">Valantis, dr\u0117kinantis ir atkuriantis veido aliejus<\/p>\n<h2 data-start=\"2148\" data-end=\"2395\"><strong data-start=\"2148\" data-end=\"2197\">MEDIK8 &#8211; Lipid-Balance Cleansing Oil\u2122 savyb\u0117s<\/strong><\/h2>\n<p data-start=\"2148\" data-end=\"2395\">\u2714\ufe0f Efektyviai pa\u0161alina makia\u017e\u0105 ir ne\u0161varumus<br data-start=\"2244\" data-end=\"2247\" \/>\u2714\ufe0f I\u0161laiko optimal\u0173 dr\u0117gm\u0117s balans\u0105<br data-start=\"2282\" data-end=\"2285\" \/>\u2714\ufe0f Stiprina odos lipid\u0173 barjer\u0105<br data-start=\"2316\" data-end=\"2319\" \/>\u2714\ufe0f Palieka od\u0105 \u0161velni\u0105 ir elasting\u0105<br data-start=\"2354\" data-end=\"2357\" \/>\u2714\ufe0f Suteikia gaivumo ir \u0161varos poj\u016bt\u012f<\/p>\n","protected":false},"featured_media":63091,"template":"","meta":[],"pwb-brand":[1206],"product_brand":[],"product_cat":[746,740,750,718],"product_tag":[],"giftcard-category":[],"class_list":{"0":"post-58507","1":"product","2":"type-product","3":"status-publish","4":"has-post-thumbnail","6":"pwb-brand-medik8","7":"product_cat-jautriai-odai","8":"product_cat-sausai-odai","9":"product_cat-senstanti-oda","10":"product_cat-valymas","12":"first","13":"instock","14":"taxable","15":"shipping-taxable","16":"purchasable","17":"product-type-simple"},"acf":[],"brands":[{"id":1206,"name":"Medik8","slug":"medik8"}],"_links":{"self":[{"href":"https:\/\/skinstudio.ee\/lt\/wp-json\/wp\/v2\/product\/58507","targetHints":{"allow":["GET"]}}],"collection":[{"href":"https:\/\/skinstudio.ee\/lt\/wp-json\/wp\/v2\/product"}],"about":[{"href":"https:\/\/skinstudio.ee\/lt\/wp-json\/wp\/v2\/types\/product"}],"version-history":[{"count":0,"href":"https:\/\/skinstudio.ee\/lt\/wp-json\/wp\/v2\/product\/58507\/revisions"}],"wp:featuredmedia":[{"embeddable":true,"href":"https:\/\/skinstudio.ee\/lt\/wp-json\/wp\/v2\/media\/63091"}],"wp:attachment":[{"href":"https:\/\/skinstudio.ee\/lt\/wp-json\/wp\/v2\/media?parent=58507"}],"wp:term":[{"taxonomy":"pwb-brand","embeddable":true,"href":"https:\/\/skinstudio.ee\/lt\/wp-json\/wp\/v2\/pwb-brand?post=58507"},{"taxonomy":"product_brand","embeddable":true,"href":"https:\/\/skinstudio.ee\/lt\/wp-json\/wp\/v2\/product_brand?post=58507"},{"taxonomy":"product_cat","embeddable":true,"href":"https:\/\/skinstudio.ee\/lt\/wp-json\/wp\/v2\/product_cat?post=58507"},{"taxonomy":"product_tag","embeddable":true,"href":"https:\/\/skinstudio.ee\/lt\/wp-json\/wp\/v2\/product_tag?post=58507"},{"taxonomy":"giftcard-category","embeddable":true,"href":"https:\/\/skinstudio.ee\/lt\/wp-json\/wp\/v2\/giftcard-category?post=58507"}],"curies":[{"name":"wp","href":"https:\/\/api.w.org\/{rel}","templated":true}]}}