{"id":58517,"date":"2023-05-24T17:55:58","date_gmt":"2023-05-24T17:55:58","guid":{"rendered":"https:\/\/skinstudio.ee\/?post_type=product&#038;p=58517"},"modified":"2026-02-19T13:39:00","modified_gmt":"2026-02-19T13:39:00","slug":"micellar-mousse","status":"publish","type":"product","link":"https:\/\/skinstudio.ee\/lt\/catalog\/medik8\/micellar-mousse\/","title":{"rendered":"Micellar Mousse\u2122"},"content":{"rendered":"<p data-start=\"1620\" data-end=\"1930\">Valan\u010dios micel\u0117s <strong data-start=\"1655\" data-end=\"1675\">Micellar Mousse\u2122<\/strong> sud\u0117tyje, praturtintos maitinamuoju alyvuogi\u0173 aliejumi, \u0161velniai pa\u0161alina ne\u0161varumus ir riebal\u0173 pertekli\u0173, i\u0161laikydamos nat\u016bral\u0173 odos dr\u0117gm\u0117s balans\u0105. Anti-pollution technologija padeda i\u0161valyti od\u0105 nuo tar\u0161os daleli\u0173 ir saugo j\u0105 nuo aplinkos poveikio.<\/p>\n<p data-start=\"1932\" data-end=\"2190\">Sodri, kremin\u0117 tekst\u016bra, susilietusi su vandeniu, virsta lengvomis, puriomis putomis, palikdama od\u0105 \u0161vari\u0105, gaivi\u0105 ir komforti\u0161k\u0105. Produktui navar izmantoti vates disku &#8211; tinka vis\u0173 tip\u0173 odai, \u012fskaitant jautri\u0105, ir puikiai paruo\u0161ia od\u0105 tolesnei prie\u017ei\u016brai.<\/p>\n<p data-start=\"2192\" data-end=\"2211\"><strong data-start=\"2192\" data-end=\"2202\">T\u016bris:<\/strong> 40 ml \/ 150 ml<\/p>\n","protected":false},"excerpt":{"rendered":"<p data-start=\"1263\" data-end=\"1313\">Ypa\u010d \u0161velni dr\u0117kinan\u010dios valomosios putos<\/p>\n<h2 data-start=\"1315\" data-end=\"1562\"><strong data-start=\"1315\" data-end=\"1352\">MEDIK8 &#8211; Micellar Mousse\u2122 savyb\u0117s<\/strong><\/h2>\n<p data-start=\"1315\" data-end=\"1562\">\u2714\ufe0f Akimirksniu pa\u0161alina makia\u017e\u0105 ir ne\u0161varumus<br data-start=\"1400\" data-end=\"1403\" \/>\u2714\ufe0f Palieka od\u0105 \u0161velni\u0105, lygi\u0105 ir sudr\u0117kint\u0105<br data-start=\"1446\" data-end=\"1449\" \/>\u2714\ufe0f I\u0161laiko nat\u016bral\u0173 odos barjer\u0105 ir balans\u0105<br data-start=\"1492\" data-end=\"1495\" \/>\u2714\ufe0f Suteikia gaivumo ir \u0161varos poj\u016bt\u012f<br data-start=\"1531\" data-end=\"1534\" \/>\u2714\ufe0f Tinka net jautriai odai<\/p>\n","protected":false},"featured_media":63081,"template":"","meta":[],"pwb-brand":[1206],"product_brand":[],"product_cat":[742,746,740,748,754,718],"product_tag":[],"giftcard-category":[],"class_list":{"0":"post-58517","1":"product","2":"type-product","3":"status-publish","4":"has-post-thumbnail","6":"pwb-brand-medik8","7":"product_cat-berimai","8":"product_cat-jautriai-odai","9":"product_cat-sausai-odai","10":"product_cat-taukainai-adai-lt","11":"product_cat-travel-size-lt","12":"product_cat-valymas","13":"pa_suurus-150ml-lt","14":"pa_suurus-40ml-lt","16":"first","17":"instock","18":"taxable","19":"shipping-taxable","20":"purchasable","21":"product-type-variable"},"acf":[],"brands":[{"id":1206,"name":"Medik8","slug":"medik8"}],"_links":{"self":[{"href":"https:\/\/skinstudio.ee\/lt\/wp-json\/wp\/v2\/product\/58517","targetHints":{"allow":["GET"]}}],"collection":[{"href":"https:\/\/skinstudio.ee\/lt\/wp-json\/wp\/v2\/product"}],"about":[{"href":"https:\/\/skinstudio.ee\/lt\/wp-json\/wp\/v2\/types\/product"}],"version-history":[{"count":1,"href":"https:\/\/skinstudio.ee\/lt\/wp-json\/wp\/v2\/product\/58517\/revisions"}],"predecessor-version":[{"id":82598,"href":"https:\/\/skinstudio.ee\/lt\/wp-json\/wp\/v2\/product\/58517\/revisions\/82598"}],"wp:featuredmedia":[{"embeddable":true,"href":"https:\/\/skinstudio.ee\/lt\/wp-json\/wp\/v2\/media\/63081"}],"wp:attachment":[{"href":"https:\/\/skinstudio.ee\/lt\/wp-json\/wp\/v2\/media?parent=58517"}],"wp:term":[{"taxonomy":"pwb-brand","embeddable":true,"href":"https:\/\/skinstudio.ee\/lt\/wp-json\/wp\/v2\/pwb-brand?post=58517"},{"taxonomy":"product_brand","embeddable":true,"href":"https:\/\/skinstudio.ee\/lt\/wp-json\/wp\/v2\/product_brand?post=58517"},{"taxonomy":"product_cat","embeddable":true,"href":"https:\/\/skinstudio.ee\/lt\/wp-json\/wp\/v2\/product_cat?post=58517"},{"taxonomy":"product_tag","embeddable":true,"href":"https:\/\/skinstudio.ee\/lt\/wp-json\/wp\/v2\/product_tag?post=58517"},{"taxonomy":"giftcard-category","embeddable":true,"href":"https:\/\/skinstudio.ee\/lt\/wp-json\/wp\/v2\/giftcard-category?post=58517"}],"curies":[{"name":"wp","href":"https:\/\/api.w.org\/{rel}","templated":true}]}}