{"id":58527,"date":"2023-05-24T17:55:58","date_gmt":"2023-05-24T17:55:58","guid":{"rendered":"https:\/\/skinstudio.ee\/?post_type=product&#038;p=58527"},"modified":"2026-02-19T13:36:25","modified_gmt":"2026-02-19T13:36:25","slug":"gentle-cleanse","status":"publish","type":"product","link":"https:\/\/skinstudio.ee\/lt\/catalog\/medik8\/gentle-cleanse\/","title":{"rendered":"Gentle Cleanse\u2122"},"content":{"rendered":"<p data-start=\"1702\" data-end=\"1971\"><strong data-start=\"1719\" data-end=\"1747\">MEDIK8 &#8211; Gentle Cleanse\u2122<\/strong> subalansuoto pH formul\u0117 sukurta \u0161velniam, bet veiksmingam odos valymui, i\u0161laikant nat\u016bral\u0173 pusiausvyr\u0105. Lengvos putos \u0161velniai pa\u0161alina makia\u017e\u0105, ne\u0161varumus ir riebal\u0173 pertekli\u0173, palikdamos od\u0105 \u0161vari\u0105, lygi\u0105 ir sudr\u0117kint\u0105.<\/p>\n<p data-start=\"1973\" data-end=\"2212\">Rozmarin\u0173 ekstraktas suteikia antioksidantin\u0119 apsaug\u0105, atgaivina od\u0105 ir padeda jai atsistatyti po kasdienio aplinkos poveikio. Sud\u0117tyje n\u0117ra sulfat\u0173 ir muilo, tod\u0117l produktas nesukelia dirginimo ar sausumo ir tinka net jautriausiai odai.<\/p>\n<p data-start=\"2214\" data-end=\"2422\">Lengva, puri tekst\u016bra virsta \u0161velniomis putomis, kurios po kiekvieno naudojimo palieka od\u0105 gaivi\u0105 ir komforti\u0161k\u0105. Puikiai tinka rytinei ir vakarinei prie\u017ei\u016brai, paruo\u0161iant od\u0105 tolesniems prie\u017ei\u016bros etapams.<\/p>\n<p data-start=\"2424\" data-end=\"2443\"><strong data-start=\"2424\" data-end=\"2434\">T\u016bris:<\/strong> 40 ml \/ 150 ml<\/p>\n","protected":false},"excerpt":{"rendered":"<p data-start=\"1350\" data-end=\"1394\">\u0160velnios rozmarin\u0173 valomosios putos<\/p>\n<h2 data-start=\"1396\" data-end=\"1645\"><strong data-start=\"1396\" data-end=\"1432\">MEDIK8 &#8211; Gentle Cleanse\u2122 savyb\u0117s<\/strong><\/h2>\n<p data-start=\"1396\" data-end=\"1645\">\u2714\ufe0f \u0160velniai pa\u0161alina ne\u0161varumus ir riebal\u0173 pertekli\u0173<br data-start=\"1487\" data-end=\"1490\" \/>\u2714\ufe0f Ramina ir dr\u0117kina od\u0105<br data-start=\"1514\" data-end=\"1517\" \/>\u2714\ufe0f Ma\u017eina sudirginim\u0105 ir tempimo poj\u016bt\u012f<br data-start=\"1556\" data-end=\"1559\" \/>\u2714\ufe0f Efektyviai valo, nepa\u017eeid\u017eiant dr\u0117gm\u0117s balanso<br data-start=\"1608\" data-end=\"1611\" \/>\u2714\ufe0f Tinka net labai jautriai odai<\/p>\n","protected":false},"featured_media":63076,"template":"","meta":[],"pwb-brand":[1206],"product_brand":[],"product_cat":[742,746,740,754,718],"product_tag":[],"giftcard-category":[],"class_list":{"0":"post-58527","1":"product","2":"type-product","3":"status-publish","4":"has-post-thumbnail","6":"pwb-brand-medik8","7":"product_cat-berimai","8":"product_cat-jautriai-odai","9":"product_cat-sausai-odai","10":"product_cat-travel-size-lt","11":"product_cat-valymas","12":"pa_suurus-150ml-lt","13":"pa_suurus-40ml-lt","15":"first","16":"instock","17":"sale","18":"taxable","19":"shipping-taxable","20":"purchasable","21":"product-type-variable"},"acf":[],"brands":[{"id":1206,"name":"Medik8","slug":"medik8"}],"_links":{"self":[{"href":"https:\/\/skinstudio.ee\/lt\/wp-json\/wp\/v2\/product\/58527","targetHints":{"allow":["GET"]}}],"collection":[{"href":"https:\/\/skinstudio.ee\/lt\/wp-json\/wp\/v2\/product"}],"about":[{"href":"https:\/\/skinstudio.ee\/lt\/wp-json\/wp\/v2\/types\/product"}],"version-history":[{"count":1,"href":"https:\/\/skinstudio.ee\/lt\/wp-json\/wp\/v2\/product\/58527\/revisions"}],"predecessor-version":[{"id":82578,"href":"https:\/\/skinstudio.ee\/lt\/wp-json\/wp\/v2\/product\/58527\/revisions\/82578"}],"wp:featuredmedia":[{"embeddable":true,"href":"https:\/\/skinstudio.ee\/lt\/wp-json\/wp\/v2\/media\/63076"}],"wp:attachment":[{"href":"https:\/\/skinstudio.ee\/lt\/wp-json\/wp\/v2\/media?parent=58527"}],"wp:term":[{"taxonomy":"pwb-brand","embeddable":true,"href":"https:\/\/skinstudio.ee\/lt\/wp-json\/wp\/v2\/pwb-brand?post=58527"},{"taxonomy":"product_brand","embeddable":true,"href":"https:\/\/skinstudio.ee\/lt\/wp-json\/wp\/v2\/product_brand?post=58527"},{"taxonomy":"product_cat","embeddable":true,"href":"https:\/\/skinstudio.ee\/lt\/wp-json\/wp\/v2\/product_cat?post=58527"},{"taxonomy":"product_tag","embeddable":true,"href":"https:\/\/skinstudio.ee\/lt\/wp-json\/wp\/v2\/product_tag?post=58527"},{"taxonomy":"giftcard-category","embeddable":true,"href":"https:\/\/skinstudio.ee\/lt\/wp-json\/wp\/v2\/giftcard-category?post=58527"}],"curies":[{"name":"wp","href":"https:\/\/api.w.org\/{rel}","templated":true}]}}