{"id":58536,"date":"2023-05-24T17:55:58","date_gmt":"2023-05-24T17:55:58","guid":{"rendered":"https:\/\/skinstudio.ee\/?post_type=product&#038;p=58536"},"modified":"2026-02-19T13:32:39","modified_gmt":"2026-02-19T13:32:39","slug":"surface-radiance-cleanse","status":"publish","type":"product","link":"https:\/\/skinstudio.ee\/lt\/catalog\/medik8\/surface-radiance-cleanse\/","title":{"rendered":"Surface Radiance Cleanse"},"content":{"rendered":"<p data-start=\"1968\" data-end=\"2299\"><strong data-start=\"1968\" data-end=\"1996\">Surface Radiance Cleanse<\/strong> formul\u0117 sujungia \u0161velniai \u0161vei\u010dian\u010di\u0173 migdol\u0173, pieno ir salicilo r\u016bg\u0161\u010di\u0173 kompleks\u0105 su dr\u0117kinan\u010diu glicerinu, u\u017etikrinant gili\u0105, bet \u0161velni\u0105 odos prie\u017ei\u016br\u0105 be sausumo ar sudirginimo. Ji veiksmingai pa\u0161alina ne\u0161varumus, toksinus ir riebal\u0173 pertekli\u0173, i\u0161laikydama od\u0105 \u0161vari\u0105, subalansuot\u0105 ir spindin\u010di\u0105.<\/p>\n<ul>\n<li data-start=\"2301\" data-end=\"2818\">L-migdol\u0173 r\u016bg\u0161tis \u2013 \u0161velni alfa hidroksi r\u016bg\u0161tis su beta hidroksi r\u016bg\u0161ties poveikiu, veikia tiek odos pavir\u0161iuje, tiek porose, \u0161velniai, bet efektyviai \u0161veisdama.<\/li>\n<li data-start=\"2301\" data-end=\"2818\">L-pieno r\u016bg\u0161tis \u2013 \u0161velniai pa\u0161alina negyvas odos l\u0105steles ir tuo pa\u010diu dr\u0117kina od\u0105.<\/li>\n<li data-start=\"2301\" data-end=\"2818\">Salicilo r\u016bg\u0161tis \u2013 valo poras i\u0161 vidaus ir padeda i\u0161vengti u\u017edegim\u0173.<\/li>\n<li data-start=\"2301\" data-end=\"2818\">Glicerinas \u2013 nat\u016bralus dr\u0117kiklis, i\u0161laikantis dr\u0117gm\u0119 ir mink\u0161tinantis od\u0105.<\/li>\n<li data-start=\"2301\" data-end=\"2818\">Mangostano \u017eiev\u0117s ekstraktas \u2013 turtingas antioksidantais, saugo od\u0105 nuo laisv\u0173j\u0173 radikal\u0173 ir prie\u0161laikinio sen\u0117jimo.<\/li>\n<\/ul>\n<p data-start=\"2820\" data-end=\"2839\"><strong data-start=\"2820\" data-end=\"2830\">T\u016bris:<\/strong> 40 ml \/ 150 ml<\/p>\n","protected":false},"excerpt":{"rendered":"<p data-start=\"1542\" data-end=\"1611\">Valomasis gelis su hidroksir\u016bg\u0161timis ir mangostano ekstraktu<\/p>\n<h2 data-start=\"1613\" data-end=\"1908\"><strong data-start=\"1613\" data-end=\"1658\">MEDIK8 &#8211; Surface Radiance Cleanse savyb\u0117s<\/strong><\/h2>\n<p data-start=\"1613\" data-end=\"1908\">\u2714\ufe0f Giliai valo od\u0105 ir poras nuo riebal\u0173 pertekliaus ir ne\u0161varum\u0173<br data-start=\"1725\" data-end=\"1728\" \/>\u2714\ufe0f \u0160velniai eksfolijuoja, palikdamas od\u0105 lygi\u0105 ir \u0161velni\u0105<br data-start=\"1785\" data-end=\"1788\" \/>\u2714\ufe0f Atgaivina ir suteikia nat\u016bral\u0173 spindes\u012f<br data-start=\"1830\" data-end=\"1833\" \/>\u2714\ufe0f Padeda i\u0161vengti b\u0117rim\u0173 ir sudirginimo<br data-start=\"1873\" data-end=\"1876\" \/>\u2714\ufe0f Tinka kasdieniam naudojimui<\/p>\n","protected":false},"featured_media":63051,"template":"","meta":[],"pwb-brand":[1206],"product_brand":[],"product_cat":[742,744,752,750,748,754,718],"product_tag":[],"giftcard-category":[],"class_list":{"0":"post-58536","1":"product","2":"type-product","3":"status-publish","4":"has-post-thumbnail","6":"pwb-brand-medik8","7":"product_cat-berimai","8":"product_cat-issipletusios-poros","9":"product_cat-pigmentacija-lt","10":"product_cat-senstanti-oda","11":"product_cat-taukainai-adai-lt","12":"product_cat-travel-size-lt","13":"product_cat-valymas","14":"pa_suurus-150ml-lt","15":"pa_suurus-40ml-lt","17":"first","18":"instock","19":"sale","20":"taxable","21":"shipping-taxable","22":"purchasable","23":"product-type-variable"},"acf":[],"brands":[{"id":1206,"name":"Medik8","slug":"medik8"}],"_links":{"self":[{"href":"https:\/\/skinstudio.ee\/lt\/wp-json\/wp\/v2\/product\/58536","targetHints":{"allow":["GET"]}}],"collection":[{"href":"https:\/\/skinstudio.ee\/lt\/wp-json\/wp\/v2\/product"}],"about":[{"href":"https:\/\/skinstudio.ee\/lt\/wp-json\/wp\/v2\/types\/product"}],"version-history":[{"count":1,"href":"https:\/\/skinstudio.ee\/lt\/wp-json\/wp\/v2\/product\/58536\/revisions"}],"predecessor-version":[{"id":82557,"href":"https:\/\/skinstudio.ee\/lt\/wp-json\/wp\/v2\/product\/58536\/revisions\/82557"}],"wp:featuredmedia":[{"embeddable":true,"href":"https:\/\/skinstudio.ee\/lt\/wp-json\/wp\/v2\/media\/63051"}],"wp:attachment":[{"href":"https:\/\/skinstudio.ee\/lt\/wp-json\/wp\/v2\/media?parent=58536"}],"wp:term":[{"taxonomy":"pwb-brand","embeddable":true,"href":"https:\/\/skinstudio.ee\/lt\/wp-json\/wp\/v2\/pwb-brand?post=58536"},{"taxonomy":"product_brand","embeddable":true,"href":"https:\/\/skinstudio.ee\/lt\/wp-json\/wp\/v2\/product_brand?post=58536"},{"taxonomy":"product_cat","embeddable":true,"href":"https:\/\/skinstudio.ee\/lt\/wp-json\/wp\/v2\/product_cat?post=58536"},{"taxonomy":"product_tag","embeddable":true,"href":"https:\/\/skinstudio.ee\/lt\/wp-json\/wp\/v2\/product_tag?post=58536"},{"taxonomy":"giftcard-category","embeddable":true,"href":"https:\/\/skinstudio.ee\/lt\/wp-json\/wp\/v2\/giftcard-category?post=58536"}],"curies":[{"name":"wp","href":"https:\/\/api.w.org\/{rel}","templated":true}]}}