{"id":58546,"date":"2023-05-24T17:55:59","date_gmt":"2023-05-24T17:55:59","guid":{"rendered":"https:\/\/skinstudio.ee\/?post_type=product&#038;p=58546"},"modified":"2026-02-19T13:23:41","modified_gmt":"2026-02-19T13:23:41","slug":"c-tetra-luxe","status":"publish","type":"product","link":"https:\/\/skinstudio.ee\/lt\/catalog\/medik8\/c-tetra-luxe\/","title":{"rendered":"C-Tetra\u00ae Luxe"},"content":{"rendered":"<p data-start=\"1987\" data-end=\"2393\"><strong data-start=\"2004\" data-end=\"2030\">Medik8 &#8211; C-Tetra\u00ae Luxe<\/strong> &#8211; tai patobulinta kultinio vitamino C serumo versija, sukurta akimirksniu suteikti odai gyvybingumo ir spindesio. Formul\u0117 su 14% tetraheksildecilaskorbatu &#8211; stabiliu, riebaluose tirpiu vitamino C derivatu &#8211; suteikia dvigubai stipresn\u0119 antioksidantin\u0119 apsaug\u0105 nei originalus C-Tetra. Jau po pirmo naudojimo oda tampa lygesn\u0117, tolygesn\u0117 ir akivaizd\u017eiai \u0161vytinti.<\/p>\n<p data-start=\"2395\" data-end=\"2789\">Serumas su raudon\u0173j\u0173 \u017een\u0161enio ekstraktu aktyvina odos atsinaujinimo procesus ir suteikia jai jaunatvi\u0161k\u0105 \u0161vyt\u0117jim\u0105. C ir E vitamin\u0173 kompleksas apsaugo l\u0105steles nuo oksidacinio streso, o skvalanas ir F vitaminas giliai maitina bei atkuria lipid\u0173 barjer\u0105, u\u017ekirsdamas keli\u0105 dr\u0117gm\u0117s praradimui. \u0160ilkin\u0117, greitai \u012fsigerianti tekst\u016bra puikiai tinka kasdieniam naudojimui ryte prie\u0161 krem\u0105 arba SPF.<\/p>\n<p data-start=\"2791\" data-end=\"2809\"><strong data-start=\"2791\" data-end=\"2801\">T\u016bris:<\/strong> 8 ml \/ 30 ml<\/p>\n","protected":false},"excerpt":{"rendered":"<p data-start=\"1578\" data-end=\"1634\">Lipidinis serumas su vitaminu C odos \u0161vyt\u0117jimui<\/p>\n<h2 data-start=\"1636\" data-end=\"1933\"><strong data-start=\"1636\" data-end=\"1670\">MEDIK8 &#8211; C-Tetra\u00ae Luxe savyb\u0117s<\/strong><\/h2>\n<p data-start=\"1636\" data-end=\"1933\">\u2714\ufe0f Skatina kolageno ir elastino gamyb\u0105<br data-start=\"1711\" data-end=\"1714\" \/>\u2714\ufe0f Stiprina odos stangrum\u0105 ir suteikia nat\u016bral\u0173 \u0161vyt\u0117jim\u0105<br data-start=\"1771\" data-end=\"1774\" \/>\u2714\ufe0f Sulygina odos atspalv\u012f ir ma\u017eina pigmentacij\u0105<br data-start=\"1822\" data-end=\"1825\" \/>\u2714\ufe0f Dr\u0117kina ir stiprina odos apsaugin\u012f barjer\u0105<br data-start=\"1870\" data-end=\"1873\" \/>\u2714\ufe0f Apsaugo nuo laisv\u0173j\u0173 radikal\u0173 ir prie\u0161laikinio sen\u0117jimo<\/p>\n","protected":false},"featured_media":63031,"template":"","meta":[],"pwb-brand":[1206],"product_brand":[],"product_cat":[738,752,740,750,724,754,730],"product_tag":[],"giftcard-category":[],"class_list":{"0":"post-58546","1":"product","2":"type-product","3":"status-publish","4":"has-post-thumbnail","6":"pwb-brand-medik8","7":"product_cat-drekinimas","8":"product_cat-pigmentacija-lt","9":"product_cat-sausai-odai","10":"product_cat-senstanti-oda","11":"product_cat-serumai","12":"product_cat-travel-size-lt","13":"product_cat-vitaminas-c","14":"pa_suurus-30ml-lt","15":"pa_suurus-8ml-lt","17":"first","18":"instock","19":"sale","20":"taxable","21":"shipping-taxable","22":"purchasable","23":"product-type-variable"},"acf":[],"brands":[{"id":1206,"name":"Medik8","slug":"medik8"}],"_links":{"self":[{"href":"https:\/\/skinstudio.ee\/lt\/wp-json\/wp\/v2\/product\/58546","targetHints":{"allow":["GET"]}}],"collection":[{"href":"https:\/\/skinstudio.ee\/lt\/wp-json\/wp\/v2\/product"}],"about":[{"href":"https:\/\/skinstudio.ee\/lt\/wp-json\/wp\/v2\/types\/product"}],"version-history":[{"count":1,"href":"https:\/\/skinstudio.ee\/lt\/wp-json\/wp\/v2\/product\/58546\/revisions"}],"predecessor-version":[{"id":82513,"href":"https:\/\/skinstudio.ee\/lt\/wp-json\/wp\/v2\/product\/58546\/revisions\/82513"}],"wp:featuredmedia":[{"embeddable":true,"href":"https:\/\/skinstudio.ee\/lt\/wp-json\/wp\/v2\/media\/63031"}],"wp:attachment":[{"href":"https:\/\/skinstudio.ee\/lt\/wp-json\/wp\/v2\/media?parent=58546"}],"wp:term":[{"taxonomy":"pwb-brand","embeddable":true,"href":"https:\/\/skinstudio.ee\/lt\/wp-json\/wp\/v2\/pwb-brand?post=58546"},{"taxonomy":"product_brand","embeddable":true,"href":"https:\/\/skinstudio.ee\/lt\/wp-json\/wp\/v2\/product_brand?post=58546"},{"taxonomy":"product_cat","embeddable":true,"href":"https:\/\/skinstudio.ee\/lt\/wp-json\/wp\/v2\/product_cat?post=58546"},{"taxonomy":"product_tag","embeddable":true,"href":"https:\/\/skinstudio.ee\/lt\/wp-json\/wp\/v2\/product_tag?post=58546"},{"taxonomy":"giftcard-category","embeddable":true,"href":"https:\/\/skinstudio.ee\/lt\/wp-json\/wp\/v2\/giftcard-category?post=58546"}],"curies":[{"name":"wp","href":"https:\/\/api.w.org\/{rel}","templated":true}]}}