{"id":58569,"date":"2023-05-24T17:55:59","date_gmt":"2023-05-24T17:55:59","guid":{"rendered":"https:\/\/skinstudio.ee\/?post_type=product&#038;p=58569"},"modified":"2026-03-23T10:21:43","modified_gmt":"2026-03-23T10:21:43","slug":"crystal-retinal","status":"publish","type":"product","link":"https:\/\/skinstudio.ee\/lt\/catalog\/medik8\/crystal-retinal\/","title":{"rendered":"Crystal Retinal"},"content":{"rendered":"<p data-start=\"2263\" data-end=\"2554\"><strong data-start=\"2263\" data-end=\"2293\">Crystal Retinal nuo Medik8<\/strong> &#8211; kultinis vitamino A naktinis serumas, skirtas rauk\u0161li\u0173, pigmentacijos, nelygios tekst\u016bros ir odos stangrumo praradimo korekcijai. Formul\u0117 su retinaldehidu pagreitina odos atsinaujinim\u0105, gerina odos tank\u012f ir matomai suvienodina ton\u0105 be stipraus sudirginimo.<\/p>\n<p data-start=\"2556\" data-end=\"2844\">Crystal Retinal sud\u0117tyje yra retinAL &#8211; naujos kartos vitamino A forma, kuri veikia iki 11 kart\u0173 grei\u010diau nei klasikinis retinolis, suteikdama greitesnius ir labiau matomus rezultatus. Medik8 patentuota stabilizavimo sistema u\u017etikrina retinalio efektyvum\u0105 iki paskutinio la\u0161o.<\/p>\n<p data-start=\"2846\" data-end=\"3017\">Linij\u0105 sudaro 6 progresyvios retinaldehido koncentracijos (0.01% &#8211; 0.24%), leid\u017eian\u010dios palaipsniui didinti poveik\u012f ir pritaikyti prie\u017ei\u016br\u0105 skirtingiems odos poreikiams.<\/p>\n<p data-start=\"3019\" data-end=\"3054\"><strong data-start=\"3019\" data-end=\"3052\">Aktyvi\u0173 ingredient\u0173 poveikis:<\/strong><\/p>\n<p data-start=\"3056\" data-end=\"3212\">\u2022 <strong data-start=\"3058\" data-end=\"3087\">Retinaldehidas (Retinal):<\/strong> efektyvi vitamino A forma, kuri pagreitina l\u0105steli\u0173 atsinaujinim\u0105, ma\u017eina rauk\u0161les, gerina tekst\u016br\u0105 ir ma\u017eina pigmentacij\u0105<\/p>\n<p data-start=\"3214\" data-end=\"3304\">\u2022 <strong data-start=\"3216\" data-end=\"3238\">Hialurono r\u016bg\u0161tis:<\/strong> intensyviai dr\u0117kina, gerina odos elastingum\u0105 ir lygina pavir\u0161i\u0173<\/p>\n<p data-start=\"3306\" data-end=\"3403\">\u2022 <strong data-start=\"3308\" data-end=\"3324\">Vitaminas E:<\/strong> suteikia antioksidacin\u0119 apsaug\u0105 ir stabilizuoja retinal\u012f maksimaliai veiklai<\/p>\n<p data-start=\"3405\" data-end=\"3565\"><strong data-start=\"3405\" data-end=\"3434\">Kam tinka Crystal Retinal: <\/strong>odai su sen\u0117jimo po\u017eymiais, pigmentacija, nelygia tekst\u016bra ir suma\u017e\u0117jusiu stangrumu, taip pat palaipsniam vitamino A \u012fvedimui.<\/p>\n<p data-start=\"3567\" data-end=\"3585\"><strong data-start=\"3567\" data-end=\"3583\">T\u016bris: 30 ml<\/strong><\/p>\n","protected":false},"excerpt":{"rendered":"<p data-start=\"4041\" data-end=\"4070\">Vitamino A naktinis serumas<\/p>\n<h2 data-start=\"4072\" data-end=\"4108\"><strong data-start=\"4072\" data-end=\"4108\">Medik8 &#8211; Crystal Retinal Savyb\u0117s<\/strong><\/h2>\n<p data-start=\"4110\" data-end=\"4325\">\u2714\ufe0f Pagreitina odos atsinaujinim\u0105 ir ma\u017eina rauk\u0161les<br data-start=\"4161\" data-end=\"4164\" \/>\u2714\ufe0f Sulygina odos ton\u0105 ir ma\u017eina pigmentacij\u0105<br data-start=\"4208\" data-end=\"4211\" \/>\u2714\ufe0f Gerina odos tank\u012f ir elastingum\u0105<br data-start=\"4246\" data-end=\"4249\" \/>\u2714\ufe0f Veikia grei\u010diau nei retinolis<br data-start=\"4281\" data-end=\"4284\" \/>\u2714\ufe0f Leid\u017eia palaipsniui didinti stiprum\u0105<\/p>\n","protected":false},"featured_media":63066,"template":"","meta":[],"pwb-brand":[1206],"product_brand":[],"product_cat":[742,744,746,752,740,750,724,748,728],"product_tag":[],"giftcard-category":[],"class_list":{"0":"post-58569","1":"product","2":"type-product","3":"status-publish","4":"has-post-thumbnail","6":"pwb-brand-medik8","7":"product_cat-berimai","8":"product_cat-issipletusios-poros","9":"product_cat-jautriai-odai","10":"product_cat-pigmentacija-lt","11":"product_cat-sausai-odai","12":"product_cat-senstanti-oda","13":"product_cat-serumai","14":"product_cat-taukainai-adai-lt","15":"product_cat-vitaminas-a-retinolis","17":"first","18":"instock","19":"taxable","20":"shipping-taxable","21":"purchasable","22":"product-type-variable"},"acf":[],"brands":[{"id":1206,"name":"Medik8","slug":"medik8"}],"_links":{"self":[{"href":"https:\/\/skinstudio.ee\/lt\/wp-json\/wp\/v2\/product\/58569","targetHints":{"allow":["GET"]}}],"collection":[{"href":"https:\/\/skinstudio.ee\/lt\/wp-json\/wp\/v2\/product"}],"about":[{"href":"https:\/\/skinstudio.ee\/lt\/wp-json\/wp\/v2\/types\/product"}],"version-history":[{"count":2,"href":"https:\/\/skinstudio.ee\/lt\/wp-json\/wp\/v2\/product\/58569\/revisions"}],"predecessor-version":[{"id":87703,"href":"https:\/\/skinstudio.ee\/lt\/wp-json\/wp\/v2\/product\/58569\/revisions\/87703"}],"wp:featuredmedia":[{"embeddable":true,"href":"https:\/\/skinstudio.ee\/lt\/wp-json\/wp\/v2\/media\/63066"}],"wp:attachment":[{"href":"https:\/\/skinstudio.ee\/lt\/wp-json\/wp\/v2\/media?parent=58569"}],"wp:term":[{"taxonomy":"pwb-brand","embeddable":true,"href":"https:\/\/skinstudio.ee\/lt\/wp-json\/wp\/v2\/pwb-brand?post=58569"},{"taxonomy":"product_brand","embeddable":true,"href":"https:\/\/skinstudio.ee\/lt\/wp-json\/wp\/v2\/product_brand?post=58569"},{"taxonomy":"product_cat","embeddable":true,"href":"https:\/\/skinstudio.ee\/lt\/wp-json\/wp\/v2\/product_cat?post=58569"},{"taxonomy":"product_tag","embeddable":true,"href":"https:\/\/skinstudio.ee\/lt\/wp-json\/wp\/v2\/product_tag?post=58569"},{"taxonomy":"giftcard-category","embeddable":true,"href":"https:\/\/skinstudio.ee\/lt\/wp-json\/wp\/v2\/giftcard-category?post=58569"}],"curies":[{"name":"wp","href":"https:\/\/api.w.org\/{rel}","templated":true}]}}