{"id":58580,"date":"2023-05-24T17:55:59","date_gmt":"2023-05-24T17:55:59","guid":{"rendered":"https:\/\/skinstudio.ee\/?post_type=product&#038;p=58580"},"modified":"2026-02-19T13:19:52","modified_gmt":"2026-02-19T13:19:52","slug":"daily-radiance-vitamin-c","status":"publish","type":"product","link":"https:\/\/skinstudio.ee\/lt\/catalog\/medik8\/daily-radiance-vitamin-c\/","title":{"rendered":"Daily Radiance Vitamin C\u2122"},"content":{"rendered":"<p data-start=\"2577\" data-end=\"3020\">Daugiafunkcis kremas <strong data-start=\"2615\" data-end=\"2644\">Daily Radiance Vitamin C\u2122<\/strong>, praturtintas vitaminu C, atkuria nat\u016bral\u0173 odos \u0161vyt\u0117jim\u0105 ir giliai dr\u0117kina, palikdamas j\u0105 lygi\u0105, skaistesn\u0119 ir vizualiai atjaunint\u0105. U\u017etepus krem\u0105, jo \u0161ilkin\u0117 tekst\u016bra greitai \u012fsigeria \u012f od\u0105, suteikdama nematom\u0105 SPF 30 plataus spektro apsaug\u0105 be riebios ar lipnios pl\u0117vel\u0117s. Lengva, bet maitinanti formul\u0117 apsaugo nuo oksidacinio streso ir pagerina odos ton\u0105 bei tekst\u016br\u0105.<\/p>\n<p data-start=\"3022\" data-end=\"3501\">\u2013 <strong data-start=\"3024\" data-end=\"3038\">UV filtrai<\/strong> \u2013 kruop\u0161\u010diai atrinktas saul\u0117s filtr\u0173 kompleksas, u\u017etikrinantis saugi\u0105, veiksming\u0105 ir ilgalaik\u0119 apsaug\u0105 nuo UVA ir UVB spinduli\u0173.<br data-start=\"3167\" data-end=\"3170\" \/>\u2013 <strong data-start=\"3172\" data-end=\"3193\">Hialurono r\u016bg\u0161tis<\/strong> dr\u0117kina ir maitina od\u0105.<br data-start=\"3217\" data-end=\"3220\" \/>\u2013 <strong data-start=\"3222\" data-end=\"3252\">Tetraheksildecilaskorbatas<\/strong> \u2013 riebaluose tirpi vitamino C forma, kuri suteikia antioksidacin\u0119 apsaug\u0105 nuo laisv\u0173j\u0173 radikal\u0173 ir stimuliuoja kolageno gamyb\u0105, kad oda atrodyt\u0173 jaunatvi\u0161kesn\u0117.<br data-start=\"3413\" data-end=\"3416\" \/>\u2013 <strong data-start=\"3418\" data-end=\"3433\">E vitaminas<\/strong> apsaugo od\u0105 nuo laisv\u0173j\u0173 radikal\u0173 ir atkuria vitamino C aktyvum\u0105.<\/p>\n<p data-start=\"3503\" data-end=\"3823\">\u0160is maitinamasis kremas tinka vis\u0173 tip\u0173 odai, padeda suma\u017einti smulkias rauk\u0161leles ir pagerina odos stangrum\u0105. Hialurono r\u016bg\u0161tis ir glicerinas pritraukia bei i\u0161laiko dr\u0117gm\u0119 odoje, u\u017etikrindami ilgalaik\u012f dr\u0117kinim\u0105 visos dienos metu. Rezultatas \u2013 tolygi, \u0161vytinti oda, apsaugota nuo sen\u0117jimo po\u017eymi\u0173 ir saul\u0117s pa\u017eeidim\u0173.<\/p>\n<p data-start=\"3825\" data-end=\"3843\"><strong data-start=\"3825\" data-end=\"3835\">T\u016bris:<\/strong> 12,5 ml \/ 50 ml<\/p>\n","protected":false},"excerpt":{"rendered":"<p data-start=\"2115\" data-end=\"2190\">Dieninis dr\u0117kinamasis antioksidantinis kremas su vitaminu C ir SPF<\/p>\n<h2 data-start=\"2192\" data-end=\"2508\"><strong data-start=\"2192\" data-end=\"2238\">MEDIK8 &#8211; Daily Radiance Vitamin C\u2122 savyb\u0117s<\/strong><\/h2>\n<p data-start=\"2192\" data-end=\"2508\">\u2714\ufe0f Suteikia odai nat\u016bral\u0173 spindes\u012f i\u0161 vidaus<br data-start=\"2285\" data-end=\"2288\" \/>\u2714\ufe0f Apsaugo nuo aplinkos streso ir prie\u0161laikinio sen\u0117jimo<br data-start=\"2344\" data-end=\"2347\" \/>\u2714\ufe0f Greitai \u012fsigeria, suteikdamas stipri\u0105 antioksidacin\u0119 apsaug\u0105<br data-start=\"2410\" data-end=\"2413\" \/>\u2714\ufe0f Atkuria odos glotnum\u0105 ir elastingum\u0105<br data-start=\"2452\" data-end=\"2455\" \/>\u2714\ufe0f Giliai dr\u0117kina, palikdamas od\u0105 \u0161velni\u0105 ir gaivi\u0105<\/p>\n","protected":false},"featured_media":58581,"template":"","meta":[],"pwb-brand":[1206],"product_brand":[],"product_cat":[738,752,740,750,732,754,730],"product_tag":[],"giftcard-category":[],"class_list":{"0":"post-58580","1":"product","2":"type-product","3":"status-publish","4":"has-post-thumbnail","6":"pwb-brand-medik8","7":"product_cat-drekinimas","8":"product_cat-pigmentacija-lt","9":"product_cat-sausai-odai","10":"product_cat-senstanti-oda","11":"product_cat-spf-apsauga","12":"product_cat-travel-size-lt","13":"product_cat-vitaminas-c","14":"pa_suurus-12-5ml-lt","15":"pa_suurus-50ml-lt","17":"first","18":"instock","19":"taxable","20":"shipping-taxable","21":"purchasable","22":"product-type-variable"},"acf":[],"brands":[{"id":1206,"name":"Medik8","slug":"medik8"}],"_links":{"self":[{"href":"https:\/\/skinstudio.ee\/lt\/wp-json\/wp\/v2\/product\/58580","targetHints":{"allow":["GET"]}}],"collection":[{"href":"https:\/\/skinstudio.ee\/lt\/wp-json\/wp\/v2\/product"}],"about":[{"href":"https:\/\/skinstudio.ee\/lt\/wp-json\/wp\/v2\/types\/product"}],"version-history":[{"count":1,"href":"https:\/\/skinstudio.ee\/lt\/wp-json\/wp\/v2\/product\/58580\/revisions"}],"predecessor-version":[{"id":82493,"href":"https:\/\/skinstudio.ee\/lt\/wp-json\/wp\/v2\/product\/58580\/revisions\/82493"}],"wp:featuredmedia":[{"embeddable":true,"href":"https:\/\/skinstudio.ee\/lt\/wp-json\/wp\/v2\/media\/58581"}],"wp:attachment":[{"href":"https:\/\/skinstudio.ee\/lt\/wp-json\/wp\/v2\/media?parent=58580"}],"wp:term":[{"taxonomy":"pwb-brand","embeddable":true,"href":"https:\/\/skinstudio.ee\/lt\/wp-json\/wp\/v2\/pwb-brand?post=58580"},{"taxonomy":"product_brand","embeddable":true,"href":"https:\/\/skinstudio.ee\/lt\/wp-json\/wp\/v2\/product_brand?post=58580"},{"taxonomy":"product_cat","embeddable":true,"href":"https:\/\/skinstudio.ee\/lt\/wp-json\/wp\/v2\/product_cat?post=58580"},{"taxonomy":"product_tag","embeddable":true,"href":"https:\/\/skinstudio.ee\/lt\/wp-json\/wp\/v2\/product_tag?post=58580"},{"taxonomy":"giftcard-category","embeddable":true,"href":"https:\/\/skinstudio.ee\/lt\/wp-json\/wp\/v2\/giftcard-category?post=58580"}],"curies":[{"name":"wp","href":"https:\/\/api.w.org\/{rel}","templated":true}]}}