{"id":58608,"date":"2023-05-24T17:55:59","date_gmt":"2023-05-24T17:55:59","guid":{"rendered":"https:\/\/skinstudio.ee\/?post_type=product&#038;p=58608"},"modified":"2025-12-29T09:39:20","modified_gmt":"2025-12-29T09:39:20","slug":"pure-c15","status":"publish","type":"product","link":"https:\/\/skinstudio.ee\/lt\/catalog\/medik8\/pure-c15\/","title":{"rendered":"Pure C15\u2122"},"content":{"rendered":"<p data-start=\"2277\" data-end=\"2665\"><strong data-start=\"2294\" data-end=\"2304\">Medik8<\/strong> s\u0117kmingai stabilizavo gryn\u0105 askorbo r\u016bg\u0161t\u012f serume <strong data-start=\"2355\" data-end=\"2368\">Pure C15\u2122<\/strong>, naudodamas <strong data-start=\"2381\" data-end=\"2409\">E vitamin\u0105 ir glutation\u0105<\/strong> \u2013 du galingus antioksidantus, veikian\u010dius kaip \u201e\u012fkraunamas\u201c apsauginis tinklas. \u0160i sistema imituoja nat\u016bral\u0173 odos mechanizm\u0105, palaikant\u012f vitamino C stabilum\u0105, i\u0161laikant jo veiksmingum\u0105 ir u\u017etikrinant ilgalaikius rezultatus odos spindesiui ir stangrumui.<\/p>\n<p data-start=\"2667\" data-end=\"2841\">Lengvos tekst\u016bros serumas greitai \u012fsigeria, suteikia odai energijos, maitina ir dr\u0117kina j\u0105. Reguliariai naudojant oda tampa lygesn\u0117, skaistesn\u0117 ir vizualiai jaunatvi\u0161kesn\u0117.<\/p>\n<p data-start=\"2843\" data-end=\"3233\">\u2013 <strong data-start=\"2845\" data-end=\"2870\">15% L-askorbo r\u016bg\u0161tis<\/strong> suteikia antioksidacin\u0119 apsaug\u0105 nuo laisv\u0173j\u0173 radikal\u0173 ir skatina kolageno gamyb\u0105.<br data-start=\"2952\" data-end=\"2955\" \/>\u2013 <strong data-start=\"2957\" data-end=\"2972\">E vitaminas<\/strong> apsaugo od\u0105 nuo laisv\u0173j\u0173 radikal\u0173 ir tuo pa\u010diu regeneruoja vitamino C aktyvum\u0105, sustiprindamas jo poveik\u012f.<br data-start=\"3079\" data-end=\"3082\" \/>\u2013 <strong data-start=\"3084\" data-end=\"3099\">Glutationas<\/strong> \u2013 nat\u016bralus antioksidantas, esantis odoje \u2013 atkuria vitamino C veiksmingum\u0105 ir u\u017etikrina intensyvi\u0105 apsaug\u0105 nuo oksidacinio streso.<\/p>\n<p data-start=\"3235\" data-end=\"3396\">D\u0117l trigubo antioksidant\u0173 komplekso sinergijos <strong data-start=\"3282\" data-end=\"3295\">Pure C15\u2122<\/strong> apsaugo od\u0105 nuo aplinkos poveikio, i\u0161lygina jos ton\u0105 ir atkuria nat\u016bral\u0173 spindes\u012f bei gyvybingum\u0105.<\/p>\n<p data-start=\"3398\" data-end=\"3420\"><strong data-start=\"3398\" data-end=\"3408\">T\u016bris:<\/strong> 2 \u00d7 15 ml<\/p>\n","protected":false},"excerpt":{"rendered":"<p data-start=\"1944\" data-end=\"1996\">Antioksidacinis serumas su grynu vitaminu C<\/p>\n<h2 data-start=\"1998\" data-end=\"2275\"><strong data-start=\"1998\" data-end=\"2028\">MEDIK8 &#8211; Pure C15\u2122 savyb\u0117s<\/strong><\/h2>\n<p data-start=\"1998\" data-end=\"2275\">\u2714\ufe0f Suteikia odai skaist\u0105 \u0161vyt\u0117jim\u0105 ir tolyg\u0173 atspalv\u012f<br data-start=\"2084\" data-end=\"2087\" \/>\u2714\ufe0f Ma\u017eina smulkias rauk\u0161leles ir mimikos linijas<br data-start=\"2135\" data-end=\"2138\" \/>\u2714\ufe0f Gerina odos tekst\u016br\u0105 ir elastingum\u0105<br data-start=\"2176\" data-end=\"2179\" \/>\u2714\ufe0f Suteikia stipri\u0105 antioksidacin\u0119 apsaug\u0105<br data-start=\"2221\" data-end=\"2224\" \/>\u2714\ufe0f Padeda i\u0161vengti prie\u0161laikini\u0173 sen\u0117jimo po\u017eymi\u0173<\/p>\n","protected":false},"featured_media":58609,"template":"","meta":[],"pwb-brand":[1206],"product_brand":[],"product_cat":[742,738,744,746,752,740,750,724,748,730],"product_tag":[],"giftcard-category":[],"class_list":{"0":"post-58608","1":"product","2":"type-product","3":"status-publish","4":"has-post-thumbnail","6":"pwb-brand-medik8","7":"product_cat-berimai","8":"product_cat-drekinimas","9":"product_cat-issipletusios-poros","10":"product_cat-jautriai-odai","11":"product_cat-pigmentacija-lt","12":"product_cat-sausai-odai","13":"product_cat-senstanti-oda","14":"product_cat-serumai","15":"product_cat-taukainai-adai-lt","16":"product_cat-vitaminas-c","18":"first","19":"instock","20":"taxable","21":"shipping-taxable","22":"purchasable","23":"product-type-simple"},"acf":[],"brands":[{"id":1206,"name":"Medik8","slug":"medik8"}],"_links":{"self":[{"href":"https:\/\/skinstudio.ee\/lt\/wp-json\/wp\/v2\/product\/58608","targetHints":{"allow":["GET"]}}],"collection":[{"href":"https:\/\/skinstudio.ee\/lt\/wp-json\/wp\/v2\/product"}],"about":[{"href":"https:\/\/skinstudio.ee\/lt\/wp-json\/wp\/v2\/types\/product"}],"version-history":[{"count":0,"href":"https:\/\/skinstudio.ee\/lt\/wp-json\/wp\/v2\/product\/58608\/revisions"}],"wp:featuredmedia":[{"embeddable":true,"href":"https:\/\/skinstudio.ee\/lt\/wp-json\/wp\/v2\/media\/58609"}],"wp:attachment":[{"href":"https:\/\/skinstudio.ee\/lt\/wp-json\/wp\/v2\/media?parent=58608"}],"wp:term":[{"taxonomy":"pwb-brand","embeddable":true,"href":"https:\/\/skinstudio.ee\/lt\/wp-json\/wp\/v2\/pwb-brand?post=58608"},{"taxonomy":"product_brand","embeddable":true,"href":"https:\/\/skinstudio.ee\/lt\/wp-json\/wp\/v2\/product_brand?post=58608"},{"taxonomy":"product_cat","embeddable":true,"href":"https:\/\/skinstudio.ee\/lt\/wp-json\/wp\/v2\/product_cat?post=58608"},{"taxonomy":"product_tag","embeddable":true,"href":"https:\/\/skinstudio.ee\/lt\/wp-json\/wp\/v2\/product_tag?post=58608"},{"taxonomy":"giftcard-category","embeddable":true,"href":"https:\/\/skinstudio.ee\/lt\/wp-json\/wp\/v2\/giftcard-category?post=58608"}],"curies":[{"name":"wp","href":"https:\/\/api.w.org\/{rel}","templated":true}]}}