{"id":58623,"date":"2023-05-24T17:55:59","date_gmt":"2023-05-24T17:55:59","guid":{"rendered":"https:\/\/skinstudio.ee\/?post_type=product&#038;p=58623"},"modified":"2026-02-19T13:15:44","modified_gmt":"2026-02-19T13:15:44","slug":"c-tetra","status":"publish","type":"product","link":"https:\/\/skinstudio.ee\/lt\/catalog\/medik8\/c-tetra\/","title":{"rendered":"C-Tetra\u00ae"},"content":{"rendered":"<p data-start=\"2360\" data-end=\"2667\">Naudojant <strong data-start=\"2387\" data-end=\"2406\">C ir E vitamin\u0173<\/strong> antioksidacines savybes, serumas <strong data-start=\"2440\" data-end=\"2452\">C-Tetra\u00ae<\/strong> efektyviai \u0161viesina ir tolygina odos atspalv\u012f, neutralizuoja laisvuosius radikalus ir padeda i\u0161vengti prie\u0161laikini\u0173 sen\u0117jimo po\u017eymi\u0173. Lengva, greitai \u012fsigerianti tekst\u016bra palieka od\u0105 \u0161velni\u0105, lygi\u0105 ir spindin\u010di\u0105.<\/p>\n<p data-start=\"2669\" data-end=\"3008\">Unikali <strong data-start=\"2677\" data-end=\"2716\">bevandeniu pagrindu sukurta formul\u0117<\/strong> u\u017etikrina 100% vitamino C stabilum\u0105 viso galiojimo metu, garantuodama maksimali\u0105 veiksmingum\u0105 kiekvien\u0105 kart\u0105 naudojant. Puikiai tinka pradedantiesiems, naudojantiems vitamin\u0105 C, bei tiems, kurie nori pereiti \u012f auk\u0161tesn\u012f lyg\u012f po <strong data-start=\"2946\" data-end=\"2963\">C-Tetra Cream<\/strong> ar <strong data-start=\"2967\" data-end=\"2995\">Daily Radiance Vitamin C<\/strong> naudojimo.<\/p>\n<p data-start=\"3010\" data-end=\"3404\"><strong data-start=\"3010\" data-end=\"3035\">Aktyv\u016bs ingredientai:<\/strong><br data-start=\"3035\" data-end=\"3038\" \/>\u2013 <strong data-start=\"3040\" data-end=\"3070\">Tetraheksildecilaskorbatas<\/strong> \u2013 riebaluose tirpi vitamino C forma, suteikianti i\u0161skirtin\u0119 antioksidacin\u0119 apsaug\u0105 ir skatinanti kolageno gamyb\u0105 tolygiam ir jaunatvi\u0161kam odos tonui.<br data-start=\"3220\" data-end=\"3223\" \/>\u2013 <strong data-start=\"3225\" data-end=\"3240\">E vitaminas<\/strong> \u2013 riebaluose tirpus antioksidantas, nat\u016braliai esantis odoje, apsaugo nuo laisv\u0173j\u0173 radikal\u0173 ir regeneruojamas C vitamino, kad b\u016bt\u0173 pasiektas maksimalus poveikis.<\/p>\n<p data-start=\"3406\" data-end=\"3424\"><strong data-start=\"3406\" data-end=\"3416\">T\u016bris:<\/strong> 8 ml \/ 30 ml<\/p>\n","protected":false},"excerpt":{"rendered":"<p data-start=\"1974\" data-end=\"2025\">Ypa\u010d lengvas kasdienis vitaminas C serumas<\/p>\n<h2 data-start=\"2027\" data-end=\"2316\"><strong data-start=\"2027\" data-end=\"2056\">MEDIK8 &#8211; C-Tetra\u00ae savyb\u0117s<\/strong><\/h2>\n<p data-start=\"2027\" data-end=\"2316\">\u2714\ufe0f Apsaugo od\u0105 nuo laisv\u0173j\u0173 radikal\u0173, saul\u0117s ir tar\u0161os poveikio<br data-start=\"2122\" data-end=\"2125\" \/>\u2714\ufe0f Stimuliuoja kolageno ir elastino gamyb\u0105<br data-start=\"2167\" data-end=\"2170\" \/>\u2714\ufe0f \u0160viesina ir tolygina odos atspalv\u012f<br data-start=\"2207\" data-end=\"2210\" \/>\u2714\ufe0f Atkuria odos glotnum\u0105 ir nat\u016bral\u0173 \u0161vyt\u0117jim\u0105<br data-start=\"2256\" data-end=\"2259\" \/>\u2714\ufe0f Suteikia stipri\u0105 antioksidacin\u0119 apsaug\u0105 visai dienai<\/p>\n","protected":false},"featured_media":63021,"template":"","meta":[],"pwb-brand":[1206],"product_brand":[],"product_cat":[752,740,750,724,754,730],"product_tag":[],"giftcard-category":[],"class_list":{"0":"post-58623","1":"product","2":"type-product","3":"status-publish","4":"has-post-thumbnail","6":"pwb-brand-medik8","7":"product_cat-pigmentacija-lt","8":"product_cat-sausai-odai","9":"product_cat-senstanti-oda","10":"product_cat-serumai","11":"product_cat-travel-size-lt","12":"product_cat-vitaminas-c","13":"pa_suurus-30ml-lt","14":"pa_suurus-8ml-lt","16":"first","17":"instock","18":"sale","19":"taxable","20":"shipping-taxable","21":"purchasable","22":"product-type-variable"},"acf":[],"brands":[{"id":1206,"name":"Medik8","slug":"medik8"}],"_links":{"self":[{"href":"https:\/\/skinstudio.ee\/lt\/wp-json\/wp\/v2\/product\/58623","targetHints":{"allow":["GET"]}}],"collection":[{"href":"https:\/\/skinstudio.ee\/lt\/wp-json\/wp\/v2\/product"}],"about":[{"href":"https:\/\/skinstudio.ee\/lt\/wp-json\/wp\/v2\/types\/product"}],"version-history":[{"count":1,"href":"https:\/\/skinstudio.ee\/lt\/wp-json\/wp\/v2\/product\/58623\/revisions"}],"predecessor-version":[{"id":82472,"href":"https:\/\/skinstudio.ee\/lt\/wp-json\/wp\/v2\/product\/58623\/revisions\/82472"}],"wp:featuredmedia":[{"embeddable":true,"href":"https:\/\/skinstudio.ee\/lt\/wp-json\/wp\/v2\/media\/63021"}],"wp:attachment":[{"href":"https:\/\/skinstudio.ee\/lt\/wp-json\/wp\/v2\/media?parent=58623"}],"wp:term":[{"taxonomy":"pwb-brand","embeddable":true,"href":"https:\/\/skinstudio.ee\/lt\/wp-json\/wp\/v2\/pwb-brand?post=58623"},{"taxonomy":"product_brand","embeddable":true,"href":"https:\/\/skinstudio.ee\/lt\/wp-json\/wp\/v2\/product_brand?post=58623"},{"taxonomy":"product_cat","embeddable":true,"href":"https:\/\/skinstudio.ee\/lt\/wp-json\/wp\/v2\/product_cat?post=58623"},{"taxonomy":"product_tag","embeddable":true,"href":"https:\/\/skinstudio.ee\/lt\/wp-json\/wp\/v2\/product_tag?post=58623"},{"taxonomy":"giftcard-category","embeddable":true,"href":"https:\/\/skinstudio.ee\/lt\/wp-json\/wp\/v2\/giftcard-category?post=58623"}],"curies":[{"name":"wp","href":"https:\/\/api.w.org\/{rel}","templated":true}]}}