{"id":58633,"date":"2023-05-24T17:55:59","date_gmt":"2023-05-24T17:55:59","guid":{"rendered":"https:\/\/skinstudio.ee\/?post_type=product&#038;p=58633"},"modified":"2025-12-29T09:39:20","modified_gmt":"2025-12-29T09:39:20","slug":"super-c-ferulic","status":"publish","type":"product","link":"https:\/\/skinstudio.ee\/lt\/catalog\/medik8\/super-c-ferulic\/","title":{"rendered":"Super C Ferulic"},"content":{"rendered":"<p data-start=\"2623\" data-end=\"2840\">Intensyvus <strong data-start=\"2651\" data-end=\"2670\">Super C Ferulic<\/strong> serumas i\u0161naudoja maksimal\u0173 ferulo r\u016bg\u0161ties antioksidacin\u012f potencial\u0105, kuris veikia sinergi\u0161kai su vitaminu C, suteikdamas odai i\u0161skirtin\u0119 apsaug\u0105 ir matom\u0105 \u0161vyt\u0117jim\u0105.<\/p>\n<p data-start=\"2842\" data-end=\"3243\">\u0160i itin veiksminga formul\u0117 idealiai tinka tiems, kurie nori suma\u017einti pigmentacij\u0105, sustiprinti odos strukt\u016br\u0105 ir sul\u0117tinti prie\u0161laikinio sen\u0117jimo po\u017eymius. Praturtintas ciber\u017eol\u0117s \u0161aknies ekstraktu, serumas skaistina ir atgaivina od\u0105, stiprina jos atsparum\u0105 oksidaciniam stresui. Augalini\u0173 antioksidant\u0173 ir vitamin\u0173 derinys lygina odos tekst\u016br\u0105, gerina elastingum\u0105 ir suteikia jaunatvi\u0161k\u0105 spindes\u012f.<\/p>\n<p data-start=\"3245\" data-end=\"4029\"><strong data-start=\"3245\" data-end=\"3270\">Aktyv\u016bs ingredientai:<\/strong><br data-start=\"3270\" data-end=\"3273\" \/>\u2013 <strong data-start=\"3275\" data-end=\"3309\">30% etilinta L-askorbo r\u016bg\u0161tis<\/strong> \u2013 stipri ir stabili vitamino C forma, suteikianti antioksidacin\u0119 apsaug\u0105 ir skatinanti kolageno gamyb\u0105.<br data-start=\"3413\" data-end=\"3416\" \/>\u2013 <strong data-start=\"3418\" data-end=\"3451\">Ciber\u017eol\u0117s \u0161aknies ekstraktas<\/strong> \u2013 nat\u016bralus ingredientas, padedantis blokuoti pigmento susidarym\u0105 ir turintis stipr\u0173 antioksidacin\u012f poveik\u012f.<br data-start=\"3560\" data-end=\"3563\" \/>\u2013 <strong data-start=\"3565\" data-end=\"3580\">E vitaminas<\/strong> \u2013 riebaluose tirpus antioksidantas, stiprinantis odos apsaugin\u012f barjer\u0105 ir saugantis nuo oksidacin\u0117s \u017ealos.<br data-start=\"3688\" data-end=\"3691\" \/>\u2013 <strong data-start=\"3693\" data-end=\"3718\">Greipfruto ekstraktas<\/strong> \u2013 nat\u016bralus antioksidantas su gaiviu aromatu, tonizuoja ir suteikia odai energijos.<br data-start=\"3802\" data-end=\"3805\" \/>\u2013 <strong data-start=\"3807\" data-end=\"3831\">Geraniumo ekstraktas<\/strong> \u2013 suteikia \u0161veln\u0173, gaivinant\u012f kvap\u0105 ir tonizuojant\u012f efekt\u0105.<br data-start=\"3891\" data-end=\"3894\" \/>\u2013 <strong data-start=\"3896\" data-end=\"3914\">Ferulo r\u016bg\u0161tis<\/strong> \u2013 stiprus augalin\u0117s kilm\u0117s antioksidantas, saugantis nuo laisv\u0173j\u0173 radikal\u0173 ir sustiprinantis vitamino C poveik\u012f.<\/p>\n<p data-start=\"4031\" data-end=\"4049\"><strong data-start=\"4031\" data-end=\"4041\">T\u016bris:<\/strong> 30 ml<\/p>\n","protected":false},"excerpt":{"rendered":"<p data-start=\"2270\" data-end=\"2335\">Stiprus antioksidacinis \u0161viesinamasis C vitamino serumas<\/p>\n<h2 data-start=\"2337\" data-end=\"2621\"><strong data-start=\"2337\" data-end=\"2373\">MEDIK8 &#8211; Super C Ferulic savyb\u0117s<\/strong><\/h2>\n<p data-start=\"2337\" data-end=\"2621\">\u2714\ufe0f Suteikia prie\u0161rauk\u0161lin\u012f ir stangrinam\u0105j\u012f poveik\u012f<br data-start=\"2427\" data-end=\"2430\" \/>\u2714\ufe0f Maitina, glotnina ir suteikia odai spindesio<br data-start=\"2477\" data-end=\"2480\" \/>\u2714\ufe0f \u0160viesina ir tolygina odos atspalv\u012f<br data-start=\"2517\" data-end=\"2520\" \/>\u2714\ufe0f Apsaugo nuo laisv\u0173j\u0173 radikal\u0173 ir aplinkos poveikio<br data-start=\"2573\" data-end=\"2576\" \/>\u2714\ufe0f Padeda suma\u017einti pigmentacij\u0105 ir pilkum\u0105<\/p>\n","protected":false},"featured_media":63026,"template":"","meta":[],"pwb-brand":[1206],"product_brand":[],"product_cat":[742,738,744,746,752,740,750,724,730],"product_tag":[],"giftcard-category":[],"class_list":{"0":"post-58633","1":"product","2":"type-product","3":"status-publish","4":"has-post-thumbnail","6":"pwb-brand-medik8","7":"product_cat-berimai","8":"product_cat-drekinimas","9":"product_cat-issipletusios-poros","10":"product_cat-jautriai-odai","11":"product_cat-pigmentacija-lt","12":"product_cat-sausai-odai","13":"product_cat-senstanti-oda","14":"product_cat-serumai","15":"product_cat-vitaminas-c","17":"first","18":"instock","19":"taxable","20":"shipping-taxable","21":"purchasable","22":"product-type-simple"},"acf":[],"brands":[{"id":1206,"name":"Medik8","slug":"medik8"}],"_links":{"self":[{"href":"https:\/\/skinstudio.ee\/lt\/wp-json\/wp\/v2\/product\/58633","targetHints":{"allow":["GET"]}}],"collection":[{"href":"https:\/\/skinstudio.ee\/lt\/wp-json\/wp\/v2\/product"}],"about":[{"href":"https:\/\/skinstudio.ee\/lt\/wp-json\/wp\/v2\/types\/product"}],"version-history":[{"count":0,"href":"https:\/\/skinstudio.ee\/lt\/wp-json\/wp\/v2\/product\/58633\/revisions"}],"wp:featuredmedia":[{"embeddable":true,"href":"https:\/\/skinstudio.ee\/lt\/wp-json\/wp\/v2\/media\/63026"}],"wp:attachment":[{"href":"https:\/\/skinstudio.ee\/lt\/wp-json\/wp\/v2\/media?parent=58633"}],"wp:term":[{"taxonomy":"pwb-brand","embeddable":true,"href":"https:\/\/skinstudio.ee\/lt\/wp-json\/wp\/v2\/pwb-brand?post=58633"},{"taxonomy":"product_brand","embeddable":true,"href":"https:\/\/skinstudio.ee\/lt\/wp-json\/wp\/v2\/product_brand?post=58633"},{"taxonomy":"product_cat","embeddable":true,"href":"https:\/\/skinstudio.ee\/lt\/wp-json\/wp\/v2\/product_cat?post=58633"},{"taxonomy":"product_tag","embeddable":true,"href":"https:\/\/skinstudio.ee\/lt\/wp-json\/wp\/v2\/product_tag?post=58633"},{"taxonomy":"giftcard-category","embeddable":true,"href":"https:\/\/skinstudio.ee\/lt\/wp-json\/wp\/v2\/giftcard-category?post=58633"}],"curies":[{"name":"wp","href":"https:\/\/api.w.org\/{rel}","templated":true}]}}