{"id":58643,"date":"2023-05-24T17:55:59","date_gmt":"2023-05-24T17:55:59","guid":{"rendered":"https:\/\/skinstudio.ee\/?post_type=product&#038;p=58643"},"modified":"2026-02-19T13:10:34","modified_gmt":"2026-02-19T13:10:34","slug":"press-glow","status":"publish","type":"product","link":"https:\/\/skinstudio.ee\/lt\/catalog\/medik8\/press-glow\/","title":{"rendered":"Press &amp; Glow"},"content":{"rendered":"<p data-start=\"2469\" data-end=\"2870\">Press &amp; Glow \u2013 tai dr\u0117kinantis r\u016bg\u0161tinis tonikas, kuris \u0161velniai eksfoliuoja odos pavir\u0161i\u0173, suteikdamas jai su kiekvienu naudojimu glotnumo, \u0161vyt\u0117jimo ir tolygesn\u012f atspalv\u012f. Formul\u0117 su polihidroksi r\u016bg\u0161timi glikonolaktonu veikia kaip dr\u0117gm\u0117s magnetas, u\u017etikrina \u0161veln\u0173 atsinaujinim\u0105 be dirginimo. Tonikas ned\u017eiovina, nelimpa ir nesukelia tempimo poj\u016b\u010dio, suteikdamas odai gaivumo ir komforto jausm\u0105.<\/p>\n<p data-start=\"2872\" data-end=\"3208\">Press &amp; Glow sujungia klinikini\u0173 rezultat\u0173 efektyvum\u0105 ir \u0161velnum\u0105, padeda i\u0161lyginti odos atspalv\u012f, pagerinti tekst\u016br\u0105 ir atkurti nat\u016bral\u0173 spindes\u012f. Dygliuotosios kriau\u0161\u0117s \u017eied\u0173 ekstraktas stimuliuoja l\u0105steli\u0173 atsinaujinim\u0105 ir sustiprina toniko poveik\u012f. Formul\u0117 idealiai dera su A vitaminu, sustiprindama \u0161vyt\u0117jim\u0105 be jautrumo rizikos.<\/p>\n<p data-start=\"3210\" data-end=\"3278\">Kelias \u012f lygi\u0105 ir \u0161vytin\u010di\u0105 od\u0105 dar niekada nebuvo toks paprastas.<\/p>\n<p data-start=\"3280\" data-end=\"3792\"><strong data-start=\"3280\" data-end=\"3305\">Aktyv\u016bs ingredientai:<\/strong><br data-start=\"3305\" data-end=\"3308\" \/><strong data-start=\"3308\" data-end=\"3333\">Glikonolaktonas (PHA)<\/strong> \u2013 giliai dr\u0117kina od\u0105 ir \u0161velniai pa\u0161alina negyvas l\u0105steles, pagerindamas tekst\u016br\u0105, atspalv\u012f ir nat\u016bral\u0173 \u0161vyt\u0117jim\u0105.<br data-start=\"3448\" data-end=\"3451\" \/><strong data-start=\"3451\" data-end=\"3494\">Dygliuotosios kriau\u0161\u0117s \u017eied\u0173 ekstraktas<\/strong> \u2013 aktyvina nat\u016bralius odos fermentus, pagreitina l\u0105steli\u0173 atsinaujinim\u0105 ir suteikia gaivumo.<br data-start=\"3587\" data-end=\"3590\" \/><strong data-start=\"3590\" data-end=\"3605\">A vitaminas<\/strong> \u2013 skatina odos atsinaujinim\u0105 ir gerina bendr\u0105 jos b\u016bkl\u0119.<br data-start=\"3662\" data-end=\"3665\" \/><strong data-start=\"3665\" data-end=\"3702\">Aloe vera ir acai uog\u0173 ekstraktas<\/strong> \u2013 ramina, ma\u017eina sudirginim\u0105 ir intensyviai dr\u0117kina od\u0105, suteikdami ilgalaik\u012f komfort\u0105.<\/p>\n<p data-start=\"3794\" data-end=\"3813\"><strong data-start=\"3794\" data-end=\"3804\">T\u016bris:<\/strong> 30 ml \/ 200 ml<\/p>\n","protected":false},"excerpt":{"rendered":"<p data-start=\"4335\" data-end=\"4403\">Kasdienis PHA eksfoliuojantis tonikas su fermentiniu aktyvatoriumi<\/p>\n<h2 data-start=\"4405\" data-end=\"4640\"><strong data-start=\"4405\" data-end=\"4438\">MEDIK8 &#8211; Press &amp; Glow Savyb\u0117s<\/strong><\/h2>\n<p data-start=\"4405\" data-end=\"4640\">\u2714\ufe0f \u0160velniai atnaujina od\u0105, suteikia glotnumo ir gaivumo<br data-start=\"4496\" data-end=\"4499\" \/>\u2714\ufe0f Pagerina nat\u016bral\u0173 \u0161vyt\u0117jim\u0105 ir atspalv\u012f<br data-start=\"4541\" data-end=\"4544\" \/>\u2714\ufe0f I\u0161lygina tekst\u016br\u0105 ir odos pavir\u0161i\u0173<br data-start=\"4581\" data-end=\"4584\" \/>\u2714\ufe0f Eksfoliuoja be dirginimo<br data-start=\"4611\" data-end=\"4614\" \/>\u2714\ufe0f Dr\u0117kina ir ramina od\u0105<\/p>\n<p data-start=\"4642\" data-end=\"4712\"><span style=\"text-decoration: underline; color: #0000ff;\"><a style=\"color: #0000ff; text-decoration: underline;\" href=\"https:\/\/skinstudio.ee\/lt\/toode\/medik8-lt\/press-glow-refill\/\">Taip pat prieinamas <span>Press &amp; Glow <\/span><span>Refill<\/span><\/a><\/span><\/p>\n","protected":false},"featured_media":63016,"template":"","meta":[],"pwb-brand":[1206],"product_brand":[],"product_cat":[742,752,748,722,754],"product_tag":[],"giftcard-category":[],"class_list":{"0":"post-58643","1":"product","2":"type-product","3":"status-publish","4":"has-post-thumbnail","6":"pwb-brand-medik8","7":"product_cat-berimai","8":"product_cat-pigmentacija-lt","9":"product_cat-taukainai-adai-lt","10":"product_cat-toneriai","11":"product_cat-travel-size-lt","12":"pa_suurus-200ml-lt","13":"pa_suurus-30ml-lt","15":"first","16":"instock","17":"sale","18":"taxable","19":"shipping-taxable","20":"purchasable","21":"product-type-variable"},"acf":[],"brands":[{"id":1206,"name":"Medik8","slug":"medik8"}],"_links":{"self":[{"href":"https:\/\/skinstudio.ee\/lt\/wp-json\/wp\/v2\/product\/58643","targetHints":{"allow":["GET"]}}],"collection":[{"href":"https:\/\/skinstudio.ee\/lt\/wp-json\/wp\/v2\/product"}],"about":[{"href":"https:\/\/skinstudio.ee\/lt\/wp-json\/wp\/v2\/types\/product"}],"version-history":[{"count":1,"href":"https:\/\/skinstudio.ee\/lt\/wp-json\/wp\/v2\/product\/58643\/revisions"}],"predecessor-version":[{"id":82451,"href":"https:\/\/skinstudio.ee\/lt\/wp-json\/wp\/v2\/product\/58643\/revisions\/82451"}],"wp:featuredmedia":[{"embeddable":true,"href":"https:\/\/skinstudio.ee\/lt\/wp-json\/wp\/v2\/media\/63016"}],"wp:attachment":[{"href":"https:\/\/skinstudio.ee\/lt\/wp-json\/wp\/v2\/media?parent=58643"}],"wp:term":[{"taxonomy":"pwb-brand","embeddable":true,"href":"https:\/\/skinstudio.ee\/lt\/wp-json\/wp\/v2\/pwb-brand?post=58643"},{"taxonomy":"product_brand","embeddable":true,"href":"https:\/\/skinstudio.ee\/lt\/wp-json\/wp\/v2\/product_brand?post=58643"},{"taxonomy":"product_cat","embeddable":true,"href":"https:\/\/skinstudio.ee\/lt\/wp-json\/wp\/v2\/product_cat?post=58643"},{"taxonomy":"product_tag","embeddable":true,"href":"https:\/\/skinstudio.ee\/lt\/wp-json\/wp\/v2\/product_tag?post=58643"},{"taxonomy":"giftcard-category","embeddable":true,"href":"https:\/\/skinstudio.ee\/lt\/wp-json\/wp\/v2\/giftcard-category?post=58643"}],"curies":[{"name":"wp","href":"https:\/\/api.w.org\/{rel}","templated":true}]}}