{"id":58652,"date":"2023-05-24T17:55:59","date_gmt":"2023-05-24T17:55:59","guid":{"rendered":"https:\/\/skinstudio.ee\/?post_type=product&#038;p=58652"},"modified":"2025-12-29T09:39:16","modified_gmt":"2025-12-29T09:39:16","slug":"c-tetra-eye","status":"publish","type":"product","link":"https:\/\/skinstudio.ee\/lt\/catalog\/medik8\/c-tetra-eye\/","title":{"rendered":"C-Tetra\u00ae Eye"},"content":{"rendered":"<p data-start=\"2116\" data-end=\"2446\">Lengvas, bet veiksmingas <strong data-start=\"2158\" data-end=\"2174\">C-Tetra\u00ae Eye<\/strong> serumas greitai \u012fsigeria, i\u0161lygina smulkias rauk\u0161leles aplink akis ir suteikia gaiv\u0173, jaunatvi\u0161k\u0105 \u017evilgsn\u012f. \u0160i \u0161viesinamoji formul\u0117 su <strong data-start=\"2310\" data-end=\"2331\">C ir E vitaminais<\/strong> suteikia dvigub\u0105 antioksidacin\u0119 apsaug\u0105, saugo jautri\u0105 paaki\u0173 zon\u0105 nuo oksidacinio streso ir ma\u017eina sudirginim\u0105.<\/p>\n<p data-start=\"2448\" data-end=\"2800\">Abu antioksidantai veikia sinergi\u0161kai, stiprindami vienas kito poveik\u012f ir u\u017etikrindami maksimal\u0173 efektyvum\u0105 nuo pirmojo naudojimo. 100% stabili formul\u0117 \u0161velniai dr\u0117kina, suteikia odai energijos ir spindesio, palikdama paaki\u0173 srit\u012f lygi\u0105, elasting\u0105 ir skaisti\u0105. Idealiai tinka rytiniam naudojimui, siekiant apsaugoti od\u0105 nuo ankstyv\u0173 sen\u0117jimo po\u017eymi\u0173.<\/p>\n<p data-start=\"2802\" data-end=\"3096\"><strong data-start=\"2802\" data-end=\"2827\">Aktyv\u016bs ingredientai:<\/strong><br data-start=\"2827\" data-end=\"2830\" \/>\u2013 <strong data-start=\"2832\" data-end=\"2862\">Tetraheksildecilaskorbatas<\/strong> \u2013 stabili, riebaluose tirpi vitamino C forma, kuri skatina kolageno gamyb\u0105 ir gerina odos stangrum\u0105.<br data-start=\"2963\" data-end=\"2966\" \/>\u2013 <strong data-start=\"2968\" data-end=\"2983\">E vitaminas<\/strong> \u2013 stiprus riebaluose tirpus antioksidantas, apsaugantis od\u0105 nuo oksidacin\u0117s \u017ealos ir stiprinantis jos barjer\u0105.<\/p>\n<p data-start=\"3098\" data-end=\"3115\"><strong data-start=\"3098\" data-end=\"3108\">T\u016bris:<\/strong> 7 ml<\/p>\n","protected":false},"excerpt":{"rendered":"<p data-start=\"1774\" data-end=\"1831\">Antioksidantinis serumas su lipidiniu vitaminu C<\/p>\n<h2 data-start=\"1833\" data-end=\"2114\"><strong data-start=\"1833\" data-end=\"1866\">MEDIK8 &#8211; C-Tetra\u00ae Eye savyb\u0117s<\/strong><\/h2>\n<p data-start=\"1833\" data-end=\"2114\">\u2714\ufe0f Apsaugo od\u0105 nuo laisv\u0173j\u0173 radikal\u0173 pa\u017eeidim\u0173<br data-start=\"1915\" data-end=\"1918\" \/>\u2714\ufe0f Skatina kolageno sintez\u0119 ir stiprina od\u0105<br data-start=\"1961\" data-end=\"1964\" \/>\u2714\ufe0f Didina dr\u0117gm\u0117s lyg\u012f ir elastingum\u0105<br data-start=\"2001\" data-end=\"2004\" \/>\u2714\ufe0f Suma\u017eina smulkias rauk\u0161leles ir linijas<br data-start=\"2046\" data-end=\"2049\" \/>\u2714\ufe0f Padeda i\u0161vengti prie\u0161laikinio sen\u0117jimo ir papilk\u0117jusios odos<\/p>\n","protected":false},"featured_media":63046,"template":"","meta":[],"pwb-brand":[1206],"product_brand":[],"product_cat":[738,746,734,752,740,750,724,748,730],"product_tag":[],"giftcard-category":[],"class_list":{"0":"post-58652","1":"product","2":"type-product","3":"status-publish","4":"has-post-thumbnail","6":"pwb-brand-medik8","7":"product_cat-drekinimas","8":"product_cat-jautriai-odai","9":"product_cat-oda-aplink-akis","10":"product_cat-pigmentacija-lt","11":"product_cat-sausai-odai","12":"product_cat-senstanti-oda","13":"product_cat-serumai","14":"product_cat-taukainai-adai-lt","15":"product_cat-vitaminas-c","17":"first","18":"instock","19":"taxable","20":"shipping-taxable","21":"purchasable","22":"product-type-simple"},"acf":[],"brands":[{"id":1206,"name":"Medik8","slug":"medik8"}],"_links":{"self":[{"href":"https:\/\/skinstudio.ee\/lt\/wp-json\/wp\/v2\/product\/58652","targetHints":{"allow":["GET"]}}],"collection":[{"href":"https:\/\/skinstudio.ee\/lt\/wp-json\/wp\/v2\/product"}],"about":[{"href":"https:\/\/skinstudio.ee\/lt\/wp-json\/wp\/v2\/types\/product"}],"version-history":[{"count":0,"href":"https:\/\/skinstudio.ee\/lt\/wp-json\/wp\/v2\/product\/58652\/revisions"}],"wp:featuredmedia":[{"embeddable":true,"href":"https:\/\/skinstudio.ee\/lt\/wp-json\/wp\/v2\/media\/63046"}],"wp:attachment":[{"href":"https:\/\/skinstudio.ee\/lt\/wp-json\/wp\/v2\/media?parent=58652"}],"wp:term":[{"taxonomy":"pwb-brand","embeddable":true,"href":"https:\/\/skinstudio.ee\/lt\/wp-json\/wp\/v2\/pwb-brand?post=58652"},{"taxonomy":"product_brand","embeddable":true,"href":"https:\/\/skinstudio.ee\/lt\/wp-json\/wp\/v2\/product_brand?post=58652"},{"taxonomy":"product_cat","embeddable":true,"href":"https:\/\/skinstudio.ee\/lt\/wp-json\/wp\/v2\/product_cat?post=58652"},{"taxonomy":"product_tag","embeddable":true,"href":"https:\/\/skinstudio.ee\/lt\/wp-json\/wp\/v2\/product_tag?post=58652"},{"taxonomy":"giftcard-category","embeddable":true,"href":"https:\/\/skinstudio.ee\/lt\/wp-json\/wp\/v2\/giftcard-category?post=58652"}],"curies":[{"name":"wp","href":"https:\/\/api.w.org\/{rel}","templated":true}]}}