{"id":58662,"date":"2023-05-24T17:55:59","date_gmt":"2023-05-24T17:55:59","guid":{"rendered":"https:\/\/skinstudio.ee\/?post_type=product&#038;p=58662"},"modified":"2025-12-29T09:39:18","modified_gmt":"2025-12-29T09:39:18","slug":"daily-refresh-balancing-toner","status":"publish","type":"product","link":"https:\/\/skinstudio.ee\/lt\/catalog\/medik8\/daily-refresh-balancing-toner\/","title":{"rendered":"Daily Refresh Balancing Toner\u2122"},"content":{"rendered":"<p data-start=\"2229\" data-end=\"2526\">\u0160velnus <strong data-start=\"2254\" data-end=\"2288\">Daily Refresh Balancing Toner\u2122<\/strong> \u2013 tai bealkoholinis tonikas-kondicionierius, sukurtas atkurti odos balans\u0105 ir gaivum\u0105 po valymo. Sud\u0117tyje esantys <strong data-start=\"2403\" data-end=\"2418\">prebiotikai<\/strong> palaiko nat\u016bral\u0173 odos mikrobiom\u0105, pad\u0117dami i\u0161laikyti sveik\u0105 pusiausvyr\u0105 ir apsaug\u0105 nuo i\u0161orini\u0173 veiksni\u0173.<\/p>\n<p data-start=\"2528\" data-end=\"2858\">Tonikas veikia penkiais aspektais \u2013 atkuria pH balans\u0105, valo poras, dr\u0117kina, ramina bei pasi\u017eymi antibakteriniu poveikiu. <strong data-start=\"2650\" data-end=\"2663\">Aloe vera<\/strong> ir <strong data-start=\"2667\" data-end=\"2683\">niacinamidas<\/strong> ma\u017eina sudirginim\u0105, <strong data-start=\"2704\" data-end=\"2718\">alantoinas<\/strong> intensyviai dr\u0117kina ir maitina, o <strong data-start=\"2753\" data-end=\"2776\">la\u0161men\u0117s ekstraktas<\/strong>\u0161velniai tonizuoja ir stangrina od\u0105. Oda tampa skaistesn\u0117, lygesn\u0117 ir gaivesn\u0117.<\/p>\n<p data-start=\"2860\" data-end=\"3330\"><strong data-start=\"2860\" data-end=\"2885\">Aktyv\u016bs ingredientai:<\/strong><br data-start=\"2885\" data-end=\"2888\" \/>\u2013 <strong data-start=\"2890\" data-end=\"2904\">Alantoinas<\/strong> \u2013 ramina ir giliai dr\u0117kina od\u0105.<br data-start=\"2936\" data-end=\"2939\" \/>\u2013 <strong data-start=\"2941\" data-end=\"2964\">La\u0161men\u0117s ekstraktas<\/strong> \u2013 \u0161velniai tonizuoja ir stiprina od\u0105, suteikdamas jai glotnumo.<br data-start=\"3028\" data-end=\"3031\" \/>\u2013 <strong data-start=\"3033\" data-end=\"3049\">Niacinamidas<\/strong> \u2013 prie\u0161u\u017edegimin\u0117 med\u017eiaga, stiprinanti odos apsaugin\u012f barjer\u0105.<br data-start=\"3113\" data-end=\"3116\" \/>\u2013 <strong data-start=\"3118\" data-end=\"3142\">Aloe vera ekstraktas<\/strong> \u2013 nat\u016brali raminanti ir prie\u0161u\u017edegimin\u0117 priemon\u0117.<br data-start=\"3192\" data-end=\"3195\" \/>\u2013 <strong data-start=\"3197\" data-end=\"3212\">Prebiotikai<\/strong> \u2013 skatina ger\u0173j\u0173 bakterij\u0173 augim\u0105 ir riboja kenksming\u0173 dauginim\u0105si, u\u017etikrina sveik\u0105 ir subalansuot\u0105 odos atspalv\u012f.<\/p>\n<p data-start=\"3332\" data-end=\"3351\"><strong data-start=\"3332\" data-end=\"3342\">T\u016bris:<\/strong> 150 ml<\/p>\n","protected":false},"excerpt":{"rendered":"<p data-start=\"1885\" data-end=\"1943\">Dr\u0117kinamasis tonikas-kondicionierius be alkoholio<\/p>\n<h2 data-start=\"1945\" data-end=\"2227\"><strong data-start=\"1945\" data-end=\"1996\">MEDIK8 &#8211; Daily Refresh Balancing Toner\u2122 savyb\u0117s<\/strong><\/h2>\n<p data-start=\"1945\" data-end=\"2227\">\u2714\ufe0f Atkuria nat\u016bral\u0173 odos pH balans\u0105 ir valo poras<br data-start=\"2048\" data-end=\"2051\" \/>\u2714\ufe0f Ramina, dr\u0117kina ir gaivina od\u0105<br data-start=\"2084\" data-end=\"2087\" \/>\u2714\ufe0f Palaiko sveik\u0105 mikrobiom\u0105 d\u0117l prebiotik\u0173<br data-start=\"2130\" data-end=\"2133\" \/>\u2714\ufe0f Stiprina ir tonizuoja od\u0105 be tempimo poj\u016b\u010dio<br data-start=\"2180\" data-end=\"2183\" \/>\u2714\ufe0f Tinka vis\u0173 tip\u0173 odai, \u012fskaitant jautri\u0105<\/p>\n","protected":false},"featured_media":63011,"template":"","meta":[],"pwb-brand":[1206],"product_brand":[],"product_cat":[742,744,746,740,750,748,722],"product_tag":[],"giftcard-category":[],"class_list":{"0":"post-58662","1":"product","2":"type-product","3":"status-publish","4":"has-post-thumbnail","6":"pwb-brand-medik8","7":"product_cat-berimai","8":"product_cat-issipletusios-poros","9":"product_cat-jautriai-odai","10":"product_cat-sausai-odai","11":"product_cat-senstanti-oda","12":"product_cat-taukainai-adai-lt","13":"product_cat-toneriai","15":"first","16":"instock","17":"taxable","18":"shipping-taxable","19":"purchasable","20":"product-type-simple"},"acf":[],"brands":[{"id":1206,"name":"Medik8","slug":"medik8"}],"_links":{"self":[{"href":"https:\/\/skinstudio.ee\/lt\/wp-json\/wp\/v2\/product\/58662","targetHints":{"allow":["GET"]}}],"collection":[{"href":"https:\/\/skinstudio.ee\/lt\/wp-json\/wp\/v2\/product"}],"about":[{"href":"https:\/\/skinstudio.ee\/lt\/wp-json\/wp\/v2\/types\/product"}],"version-history":[{"count":0,"href":"https:\/\/skinstudio.ee\/lt\/wp-json\/wp\/v2\/product\/58662\/revisions"}],"wp:featuredmedia":[{"embeddable":true,"href":"https:\/\/skinstudio.ee\/lt\/wp-json\/wp\/v2\/media\/63011"}],"wp:attachment":[{"href":"https:\/\/skinstudio.ee\/lt\/wp-json\/wp\/v2\/media?parent=58662"}],"wp:term":[{"taxonomy":"pwb-brand","embeddable":true,"href":"https:\/\/skinstudio.ee\/lt\/wp-json\/wp\/v2\/pwb-brand?post=58662"},{"taxonomy":"product_brand","embeddable":true,"href":"https:\/\/skinstudio.ee\/lt\/wp-json\/wp\/v2\/product_brand?post=58662"},{"taxonomy":"product_cat","embeddable":true,"href":"https:\/\/skinstudio.ee\/lt\/wp-json\/wp\/v2\/product_cat?post=58662"},{"taxonomy":"product_tag","embeddable":true,"href":"https:\/\/skinstudio.ee\/lt\/wp-json\/wp\/v2\/product_tag?post=58662"},{"taxonomy":"giftcard-category","embeddable":true,"href":"https:\/\/skinstudio.ee\/lt\/wp-json\/wp\/v2\/giftcard-category?post=58662"}],"curies":[{"name":"wp","href":"https:\/\/api.w.org\/{rel}","templated":true}]}}