{"id":58681,"date":"2023-05-24T17:55:59","date_gmt":"2023-05-24T17:55:59","guid":{"rendered":"https:\/\/skinstudio.ee\/?post_type=product&#038;p=58681"},"modified":"2025-12-29T09:39:20","modified_gmt":"2025-12-29T09:39:20","slug":"sleep-glycolic","status":"publish","type":"product","link":"https:\/\/skinstudio.ee\/lt\/catalog\/medik8\/sleep-glycolic\/","title":{"rendered":"Sleep Glycolic\u2122"},"content":{"rendered":"<p data-start=\"2545\" data-end=\"2893\"><strong data-start=\"2562\" data-end=\"2581\">Sleep Glycolic\u2122<\/strong> \u2013 tai inovatyvus naktinis serumas su 10% laisvos glikolio r\u016bg\u0161ties, suteikiantis profesionalaus pilingo efekt\u0105 nam\u0173 s\u0105lygomis \u2013 be sudirginimo ar diskomforto. Naudojant <strong data-start=\"2751\" data-end=\"2784\">l\u0117to i\u0161siskyrimo technologij\u0105<\/strong>, r\u016bg\u0161tis i\u0161siskiria palaipsniui visos nakties metu, u\u017etikrindama maksimal\u0173 veiksmingum\u0105 ir \u0161veln\u0173 poveik\u012f.<\/p>\n<p data-start=\"2895\" data-end=\"3107\"><strong data-start=\"2895\" data-end=\"2915\">Glikolio r\u016bg\u0161tis<\/strong>, turinti ma\u017eiausi\u0105 molekulin\u012f dyd\u012f tarp alfa hidroksi r\u016bg\u0161\u010di\u0173, lengvai prasiskverbia \u012f od\u0105, pa\u0161alina negyvas l\u0105steles ir skatina j\u0173 atsinaujinim\u0105. Ryte oda tampa lygesn\u0117, \u0161vytinti ir gaivi.<\/p>\n<p data-start=\"3109\" data-end=\"3401\">Formul\u0117 praturtinta <strong data-start=\"3129\" data-end=\"3142\">glicerinu<\/strong> ir <strong data-start=\"3146\" data-end=\"3178\">Lespedeza Capitata ekstraktu<\/strong>, kurie padeda atkurti odos dr\u0117gm\u0117s lyg\u012f, stiprina apsaugin\u012f barjer\u0105 ir suteikia sveik\u0105 spindes\u012f. <strong data-start=\"3276\" data-end=\"3295\">Sleep Glycolic\u2122<\/strong> puikiai tinka kaip pirmas \u017eingsnis prie\u0161 profesional\u0173 piling\u0105 arba rezultat\u0173 palaikymui tarp proced\u016br\u0173.<\/p>\n<p data-start=\"3403\" data-end=\"3737\"><strong data-start=\"3403\" data-end=\"3428\">Aktyv\u016bs ingredientai:<\/strong><br data-start=\"3428\" data-end=\"3431\" \/>\u2013 <strong data-start=\"3433\" data-end=\"3473\">L\u0117tai i\u0161siskirianti glikolio r\u016bg\u0161tis<\/strong> \u2013 \u0161velniai eksfoliuoja ir skatina nat\u016bral\u0173 odos atsinaujinim\u0105 nakties metu.<br data-start=\"3549\" data-end=\"3552\" \/>\u2013 <strong data-start=\"3554\" data-end=\"3568\">Glicerinas<\/strong> \u2013 giliai dr\u0117kina ir gerina odos komfort\u0105.<br data-start=\"3610\" data-end=\"3613\" \/>\u2013 <strong data-start=\"3615\" data-end=\"3648\">Lespedeza Capitata ekstraktas<\/strong> \u2013 skatina odos atsinaujinim\u0105 ir dr\u0117kinim\u0105, apsaugo barjer\u0105 ir suteikia odai \u0161vyt\u0117jimo.<\/p>\n<p data-start=\"3739\" data-end=\"3757\"><strong data-start=\"3739\" data-end=\"3749\">T\u016bris:<\/strong> 30 ml<\/p>\n","protected":false},"excerpt":{"rendered":"<p data-start=\"2157\" data-end=\"2223\">Naktinis serumas su glikolio r\u016bg\u0161timi (AHA) nam\u0173 pilingui<\/p>\n<h2 data-start=\"2225\" data-end=\"2543\"><strong data-start=\"2225\" data-end=\"2261\">MEDIK8 &#8211; Sleep Glycolic\u2122 savyb\u0117s<\/strong><\/h2>\n<p data-start=\"2225\" data-end=\"2543\">\u2714\ufe0f \u0160velniai eksfoliuoja ir atnaujina od\u0105, gerina jos tekst\u016br\u0105<br data-start=\"2325\" data-end=\"2328\" \/>\u2714\ufe0f I\u0161lygina smulkias rauk\u0161leles ir odos atspalv\u012f<br data-start=\"2376\" data-end=\"2379\" \/>\u2714\ufe0f Suteikia odai \u0161vyt\u0117jimo ir nat\u016bral\u0173 spindes\u012f<br data-start=\"2426\" data-end=\"2429\" \/>\u2714\ufe0f Palaiko apsaugin\u012f odos barjer\u0105 ir dr\u0117gm\u0117s balans\u0105<br data-start=\"2481\" data-end=\"2484\" \/>\u2714\ufe0f Suteikia pastebimus rezultatus be sausumo ir dirginimo<\/p>\n","protected":false},"featured_media":63041,"template":"","meta":[],"pwb-brand":[1206],"product_brand":[],"product_cat":[742,738,744,746,752,740,750,724,720,748],"product_tag":[],"giftcard-category":[],"class_list":{"0":"post-58681","1":"product","2":"type-product","3":"status-publish","4":"has-post-thumbnail","6":"pwb-brand-medik8","7":"product_cat-berimai","8":"product_cat-drekinimas","9":"product_cat-issipletusios-poros","10":"product_cat-jautriai-odai","11":"product_cat-pigmentacija-lt","12":"product_cat-sausai-odai","13":"product_cat-senstanti-oda","14":"product_cat-serumai","15":"product_cat-sveitikliai-ir-pilingai","16":"product_cat-taukainai-adai-lt","18":"first","19":"instock","20":"taxable","21":"shipping-taxable","22":"purchasable","23":"product-type-simple"},"acf":[],"brands":[{"id":1206,"name":"Medik8","slug":"medik8"}],"_links":{"self":[{"href":"https:\/\/skinstudio.ee\/lt\/wp-json\/wp\/v2\/product\/58681","targetHints":{"allow":["GET"]}}],"collection":[{"href":"https:\/\/skinstudio.ee\/lt\/wp-json\/wp\/v2\/product"}],"about":[{"href":"https:\/\/skinstudio.ee\/lt\/wp-json\/wp\/v2\/types\/product"}],"version-history":[{"count":0,"href":"https:\/\/skinstudio.ee\/lt\/wp-json\/wp\/v2\/product\/58681\/revisions"}],"wp:featuredmedia":[{"embeddable":true,"href":"https:\/\/skinstudio.ee\/lt\/wp-json\/wp\/v2\/media\/63041"}],"wp:attachment":[{"href":"https:\/\/skinstudio.ee\/lt\/wp-json\/wp\/v2\/media?parent=58681"}],"wp:term":[{"taxonomy":"pwb-brand","embeddable":true,"href":"https:\/\/skinstudio.ee\/lt\/wp-json\/wp\/v2\/pwb-brand?post=58681"},{"taxonomy":"product_brand","embeddable":true,"href":"https:\/\/skinstudio.ee\/lt\/wp-json\/wp\/v2\/product_brand?post=58681"},{"taxonomy":"product_cat","embeddable":true,"href":"https:\/\/skinstudio.ee\/lt\/wp-json\/wp\/v2\/product_cat?post=58681"},{"taxonomy":"product_tag","embeddable":true,"href":"https:\/\/skinstudio.ee\/lt\/wp-json\/wp\/v2\/product_tag?post=58681"},{"taxonomy":"giftcard-category","embeddable":true,"href":"https:\/\/skinstudio.ee\/lt\/wp-json\/wp\/v2\/giftcard-category?post=58681"}],"curies":[{"name":"wp","href":"https:\/\/api.w.org\/{rel}","templated":true}]}}