{"id":58719,"date":"2023-05-24T17:56:05","date_gmt":"2023-05-24T17:56:05","guid":{"rendered":"https:\/\/skinstudio.ee\/?post_type=product&#038;p=58719"},"modified":"2025-12-29T09:39:16","modified_gmt":"2025-12-29T09:39:16","slug":"advanced-night-eye","status":"publish","type":"product","link":"https:\/\/skinstudio.ee\/lt\/catalog\/medik8\/advanced-night-eye\/","title":{"rendered":"Advanced Night Eye\u2122"},"content":{"rendered":"<p data-start=\"2566\" data-end=\"2880\">Turtingos tekst\u016bros <strong data-start=\"2603\" data-end=\"2626\">Advanced Night Eye\u2122<\/strong> formul\u0117 intensyviai maitina ir atkuria jautri\u0105 od\u0105 aplink akis miego metu, kad ryte ji atrodyt\u0173 pails\u0117jusi ir spindinti. Lengva, greitai \u012fsigerianti tekst\u016bra suteikia ilgalaik\u012f dr\u0117kinim\u0105 ir padeda odai atsigauti po dienos metu patirto aplinkos streso.<\/p>\n<p data-start=\"2882\" data-end=\"3226\">Galingas <strong data-start=\"2891\" data-end=\"2919\">Midnight Repair Complex\u2122<\/strong>, kuriame yra saskat\u016bn\u0173 uog\u0173 ir drakono vaisiaus ekstraktai kartu su l\u0105steli\u0173 regeneracij\u0105 skatinan\u010diais peptidais, neutralizuoja laisvuosius radikalus, susidariusius d\u0117l UV spinduliuot\u0117s ir tar\u0161os. \u0160is kompleksas padeda i\u0161vengti prie\u0161laikinio sen\u0117jimo po\u017eymi\u0173 ir palaiko odos jaunatvi\u0161kum\u0105 bei skaistum\u0105.<\/p>\n<p data-start=\"3228\" data-end=\"3645\">Peptid\u0173 kompleksas <strong data-start=\"3247\" data-end=\"3265\">Matrixyl 3000\u00ae<\/strong> stangrina ir sustiprina aki\u0173 kont\u016bro od\u0105, ma\u017eina rauk\u0161leles ir linijas, o <strong data-start=\"3340\" data-end=\"3356\">hesperidinas<\/strong>ir <strong data-start=\"3360\" data-end=\"3372\">kofeinas<\/strong> gerina mikrocirkuliacij\u0105, ma\u017eina paburkim\u0105 ir \u0161viesina tamsius ratilus. Be to, <strong data-start=\"3452\" data-end=\"3477\">N-acetilgliukozaminas<\/strong> skatina nat\u016bral\u0173 hialurono r\u016bg\u0161ties gamyb\u0105 odoje, u\u017etikrindamas dr\u0117kinim\u0105 ir elastingum\u0105. Rezultatas \u2013 lygi, skaisti ir atsinaujinusi oda aplink akis kiekvien\u0105 ryt\u0105.<\/p>\n<p data-start=\"3647\" data-end=\"4189\"><strong data-start=\"3647\" data-end=\"3672\">Aktyv\u016bs ingredientai:<\/strong><br data-start=\"3672\" data-end=\"3675\" \/>\u2013 <strong data-start=\"3677\" data-end=\"3705\">Midnight Repair Complex\u2122<\/strong> (saskat\u016bn\u0173 uog\u0173 ekstraktas, peptidai, drakono vaisiaus ekstraktas) \u2013 kovoja su oksidaciniu stresu ir palaiko odos atsinaujinim\u0105 nakties metu.<br data-start=\"3847\" data-end=\"3850\" \/>\u2013 <strong data-start=\"3852\" data-end=\"3877\">N-acetilgliukozaminas<\/strong> \u2013 skatina hialurono r\u016bg\u0161ties gamyb\u0105, suteikia odai dr\u0117gm\u0117s ir elastingumo.<br data-start=\"3952\" data-end=\"3955\" \/>\u2013 <strong data-start=\"3957\" data-end=\"3973\">Hesperidinas<\/strong> \u2013 stiprina kapiliarus ir gerina kraujotak\u0105, ma\u017eina tamsius ratilus.<br data-start=\"4041\" data-end=\"4044\" \/>\u2013 <strong data-start=\"4046\" data-end=\"4064\">Matrixyl 3000\u00ae<\/strong> \u2013 peptid\u0173 kompleksas, kuris lygina rauk\u0161les ir stangrina od\u0105.<br data-start=\"4126\" data-end=\"4129\" \/>\u2013 <strong data-start=\"4131\" data-end=\"4143\">Kofeinas<\/strong> \u2013 ma\u017eina paburkim\u0105 ir atgaivina paaki\u0173 od\u0105.<\/p>\n<p data-start=\"4191\" data-end=\"4209\"><strong data-start=\"4191\" data-end=\"4201\">T\u016bris:<\/strong> 15 ml<\/p>\n","protected":false},"excerpt":{"rendered":"<p data-start=\"2258\" data-end=\"2309\">Atstatantis naktinis kremas paaki\u0173 sri\u010diai<\/p>\n<h2 data-start=\"2311\" data-end=\"2564\"><strong data-start=\"2311\" data-end=\"2351\">MEDIK8 &#8211; Advanced Night Eye\u2122 savyb\u0117s<\/strong><\/h2>\n<p data-start=\"2311\" data-end=\"2564\">\u2714\ufe0f Stiprina ir stangrina od\u0105 aplink akis<br data-start=\"2394\" data-end=\"2397\" \/>\u2714\ufe0f Ma\u017eina tamsius ratilus ir paburkim\u0105<br data-start=\"2435\" data-end=\"2438\" \/>\u2714\ufe0f Lygina rauk\u0161les ir suteikia \u0161vyt\u0117jimo<br data-start=\"2478\" data-end=\"2481\" \/>\u2714\ufe0f Atnaujina od\u0105 po dienos streso<br data-start=\"2514\" data-end=\"2517\" \/>\u2714\ufe0f Palieka od\u0105 \u0161velni\u0105, gaivi\u0105 ir jaunatvi\u0161k\u0105<\/p>\n","protected":false},"featured_media":62966,"template":"","meta":[],"pwb-brand":[1206],"product_brand":[],"product_cat":[738,746,734,740,750],"product_tag":[],"giftcard-category":[],"class_list":{"0":"post-58719","1":"product","2":"type-product","3":"status-publish","4":"has-post-thumbnail","6":"pwb-brand-medik8","7":"product_cat-drekinimas","8":"product_cat-jautriai-odai","9":"product_cat-oda-aplink-akis","10":"product_cat-sausai-odai","11":"product_cat-senstanti-oda","13":"first","14":"instock","15":"taxable","16":"shipping-taxable","17":"purchasable","18":"product-type-simple"},"acf":[],"brands":[{"id":1206,"name":"Medik8","slug":"medik8"}],"_links":{"self":[{"href":"https:\/\/skinstudio.ee\/lt\/wp-json\/wp\/v2\/product\/58719","targetHints":{"allow":["GET"]}}],"collection":[{"href":"https:\/\/skinstudio.ee\/lt\/wp-json\/wp\/v2\/product"}],"about":[{"href":"https:\/\/skinstudio.ee\/lt\/wp-json\/wp\/v2\/types\/product"}],"version-history":[{"count":0,"href":"https:\/\/skinstudio.ee\/lt\/wp-json\/wp\/v2\/product\/58719\/revisions"}],"wp:featuredmedia":[{"embeddable":true,"href":"https:\/\/skinstudio.ee\/lt\/wp-json\/wp\/v2\/media\/62966"}],"wp:attachment":[{"href":"https:\/\/skinstudio.ee\/lt\/wp-json\/wp\/v2\/media?parent=58719"}],"wp:term":[{"taxonomy":"pwb-brand","embeddable":true,"href":"https:\/\/skinstudio.ee\/lt\/wp-json\/wp\/v2\/pwb-brand?post=58719"},{"taxonomy":"product_brand","embeddable":true,"href":"https:\/\/skinstudio.ee\/lt\/wp-json\/wp\/v2\/product_brand?post=58719"},{"taxonomy":"product_cat","embeddable":true,"href":"https:\/\/skinstudio.ee\/lt\/wp-json\/wp\/v2\/product_cat?post=58719"},{"taxonomy":"product_tag","embeddable":true,"href":"https:\/\/skinstudio.ee\/lt\/wp-json\/wp\/v2\/product_tag?post=58719"},{"taxonomy":"giftcard-category","embeddable":true,"href":"https:\/\/skinstudio.ee\/lt\/wp-json\/wp\/v2\/giftcard-category?post=58719"}],"curies":[{"name":"wp","href":"https:\/\/api.w.org\/{rel}","templated":true}]}}