{"id":58728,"date":"2023-05-24T17:56:05","date_gmt":"2023-05-24T17:56:05","guid":{"rendered":"https:\/\/skinstudio.ee\/?post_type=product&#038;p=58728"},"modified":"2026-02-19T12:58:40","modified_gmt":"2026-02-19T12:58:40","slug":"advanced-night-restore","status":"publish","type":"product","link":"https:\/\/skinstudio.ee\/lt\/catalog\/medik8\/advanced-night-restore\/","title":{"rendered":"Advanced Night Restore\u2122"},"content":{"rendered":"<p data-start=\"2816\" data-end=\"3224\">Pa\u017eangus antioksidantinis naktinis kremas <strong data-start=\"2875\" data-end=\"2902\">Advanced Night Restore\u2122<\/strong> veikia, kol miegate \u2013 aktyviai atkuria ir giliai dr\u0117kina od\u0105. Formul\u0117s pagrindas \u2013 i\u0161skirtinis <strong data-start=\"2998\" data-end=\"3026\">Midnight Repair Complex\u2122<\/strong>, kuris sujungia galingus antioksidantus ir l\u0105steli\u0173 atsinaujinim\u0105 skatinan\u010dius peptidus, kad neutralizuot\u0173 dienos metu susidariusius laisvuosius radikalus ir paskatint\u0173 nat\u016bral\u0173 odos atsistatym\u0105.<\/p>\n<p data-start=\"3226\" data-end=\"3764\"><strong data-start=\"3226\" data-end=\"3282\">Ceramid\u0173, fitosteroli\u0173 ir riebal\u0173 r\u016bg\u0161\u010di\u0173 kompleksas<\/strong> stiprina nat\u016bral\u0173 odos lipid\u0173 barjer\u0105, palaiko optimal\u0173 dr\u0117gm\u0117s balans\u0105 ir apsaugo nuo i\u0161saus\u0117jimo. <strong data-start=\"3383\" data-end=\"3403\">Drakono vaisiaus<\/strong> ir <strong data-start=\"3407\" data-end=\"3425\">saskat\u016bn\u0173 uog\u0173<\/strong> ekstraktai suteikia antioksidacin\u0119 apsaug\u0105, pagerina odos stangrum\u0105 ir padeda i\u0161vengti prie\u0161laikinio sen\u0117jimo po\u017eymi\u0173. Aktyvus <strong data-start=\"3553\" data-end=\"3579\">gele\u017eies heksapeptidas<\/strong> palaiko l\u0105steli\u0173 regeneracij\u0105, o <strong data-start=\"3613\" data-end=\"3638\">N-acetilgliukozaminas<\/strong> veikia sinergi\u0161kai su vitaminu A, skatindamas hialurono r\u016bg\u0161ties gamyb\u0105 ir u\u017etikrindamas ilgalaik\u012f dr\u0117kinim\u0105 bei \u0161vyt\u0117jim\u0105.<\/p>\n<p data-start=\"3766\" data-end=\"3922\">\u0160ilkin\u0117s tekst\u016bros kremas greitai susigeria \u012f od\u0105, palikdamas j\u0105 \u0161velni\u0105, elasting\u0105 ir giliai pamaitint\u0105. Ryte oda atrodo lygesn\u0117, \u0161vytinti ir atsigavusi.<\/p>\n<p data-start=\"3924\" data-end=\"4431\"><strong data-start=\"3924\" data-end=\"3949\">Aktyv\u016bs ingredientai:<\/strong><br data-start=\"3949\" data-end=\"3952\" \/>\u2013 <strong data-start=\"3954\" data-end=\"3977\">Ceramid\u0173 kompleksas<\/strong> \u2013 atkuria ir stiprina nat\u016bral\u0173 odos apsaugin\u012f barjer\u0105.<br data-start=\"4032\" data-end=\"4035\" \/>\u2013 <strong data-start=\"4037\" data-end=\"4095\">L\u0105steles atkuriantis peptidas (gele\u017eies heksapeptidas)<\/strong> \u2013 neutralizuoja laisvuosius radikalus ir padeda i\u0161vengti sen\u0117jimo.<br data-start=\"4162\" data-end=\"4165\" \/>\u2013 <strong data-start=\"4167\" data-end=\"4196\">Saskat\u016bn\u0173 uog\u0173 ekstraktas<\/strong> \u2013 turtingas antioksidant\u0173, stiprina ir saugo od\u0105.<br data-start=\"4246\" data-end=\"4249\" \/>\u2013 <strong data-start=\"4251\" data-end=\"4282\">Drakono vaisiaus ekstraktas<\/strong> \u2013 tonizuoja, stangrina ir i\u0161lygina odos atspalv\u012f.<br data-start=\"4332\" data-end=\"4335\" \/>\u2013 <strong data-start=\"4337\" data-end=\"4362\">N-acetilgliukozaminas<\/strong> \u2013 skatina hialurono r\u016bg\u0161ties gamyb\u0105 ir stiprina retinolio poveik\u012f.<\/p>\n<p data-start=\"4433\" data-end=\"4451\"><strong data-start=\"4433\" data-end=\"4443\">T\u016bris:<\/strong> 12,5 ml \/ 50 ml<\/p>\n","protected":false},"excerpt":{"rendered":"<p data-start=\"2396\" data-end=\"2449\">Atkuriamasis ir atstatomasis naktinis kremas<\/p>\n<h2 data-start=\"2451\" data-end=\"2760\"><strong data-start=\"2451\" data-end=\"2495\">MEDIK8 &#8211; Advanced Night Restore\u2122 savyb\u0117s<\/strong><\/h2>\n<p data-start=\"2451\" data-end=\"2760\">\u2714\ufe0f Atkuria, maitina ir stiprina od\u0105 nakties metu<br data-start=\"2546\" data-end=\"2549\" \/>\u2714\ufe0f Sustiprina ir palaiko vitamino A poveik\u012f<br data-start=\"2592\" data-end=\"2595\" \/>\u2714\ufe0f Giliai dr\u0117kina ir gerina odos elastingum\u0105<br data-start=\"2639\" data-end=\"2642\" \/>\u2714\ufe0f Sustiprina odos apsaugin\u012f barjer\u0105 ir kovoja su laisvaisiais radikalais<br data-start=\"2715\" data-end=\"2718\" \/>\u2714\ufe0f Palieka od\u0105 lygi\u0105, stangri\u0105 ir gaivi\u0105<\/p>\n","protected":false},"featured_media":62946,"template":"","meta":[],"pwb-brand":[1206],"product_brand":[],"product_cat":[738,746,740,750,754],"product_tag":[],"giftcard-category":[],"class_list":{"0":"post-58728","1":"product","2":"type-product","3":"status-publish","4":"has-post-thumbnail","6":"pwb-brand-medik8","7":"product_cat-drekinimas","8":"product_cat-jautriai-odai","9":"product_cat-sausai-odai","10":"product_cat-senstanti-oda","11":"product_cat-travel-size-lt","12":"pa_suurus-12-5ml-lt","13":"pa_suurus-50ml-lt","15":"first","16":"instock","17":"sale","18":"taxable","19":"shipping-taxable","20":"purchasable","21":"product-type-variable"},"acf":[],"brands":[{"id":1206,"name":"Medik8","slug":"medik8"}],"_links":{"self":[{"href":"https:\/\/skinstudio.ee\/lt\/wp-json\/wp\/v2\/product\/58728","targetHints":{"allow":["GET"]}}],"collection":[{"href":"https:\/\/skinstudio.ee\/lt\/wp-json\/wp\/v2\/product"}],"about":[{"href":"https:\/\/skinstudio.ee\/lt\/wp-json\/wp\/v2\/types\/product"}],"version-history":[{"count":1,"href":"https:\/\/skinstudio.ee\/lt\/wp-json\/wp\/v2\/product\/58728\/revisions"}],"predecessor-version":[{"id":82425,"href":"https:\/\/skinstudio.ee\/lt\/wp-json\/wp\/v2\/product\/58728\/revisions\/82425"}],"wp:featuredmedia":[{"embeddable":true,"href":"https:\/\/skinstudio.ee\/lt\/wp-json\/wp\/v2\/media\/62946"}],"wp:attachment":[{"href":"https:\/\/skinstudio.ee\/lt\/wp-json\/wp\/v2\/media?parent=58728"}],"wp:term":[{"taxonomy":"pwb-brand","embeddable":true,"href":"https:\/\/skinstudio.ee\/lt\/wp-json\/wp\/v2\/pwb-brand?post=58728"},{"taxonomy":"product_brand","embeddable":true,"href":"https:\/\/skinstudio.ee\/lt\/wp-json\/wp\/v2\/product_brand?post=58728"},{"taxonomy":"product_cat","embeddable":true,"href":"https:\/\/skinstudio.ee\/lt\/wp-json\/wp\/v2\/product_cat?post=58728"},{"taxonomy":"product_tag","embeddable":true,"href":"https:\/\/skinstudio.ee\/lt\/wp-json\/wp\/v2\/product_tag?post=58728"},{"taxonomy":"giftcard-category","embeddable":true,"href":"https:\/\/skinstudio.ee\/lt\/wp-json\/wp\/v2\/giftcard-category?post=58728"}],"curies":[{"name":"wp","href":"https:\/\/api.w.org\/{rel}","templated":true}]}}