{"id":58842,"date":"2025-11-10T11:01:28","date_gmt":"2025-11-10T11:01:28","guid":{"rendered":"https:\/\/skinstudio.ee\/?post_type=product&#038;p=58842"},"modified":"2025-12-29T10:01:43","modified_gmt":"2025-12-29T10:01:43","slug":"reactivate-rx-moisturizer","status":"publish","type":"product","link":"https:\/\/skinstudio.ee\/lt\/catalog\/hydropeptide\/reactivate-rx-moisturizer\/","title":{"rendered":"ReActivate Rx Moisturizer"},"content":{"rendered":"<p data-start=\"1699\" data-end=\"2023\">ReActivate Rx Moisturizer \u2013 intensyvus prokolageno naktinis kremas, kuris veikia miegant, kad ryte oda b\u016bt\u0173 glotnesn\u0117, stangresn\u0117 ir \u0161vytinti. Sukurtas idealiai der\u0117ti su to paties asortimento serumu, jis pagerina nat\u016bral\u0173 odos atsinaujinimo proces\u0105 nakt\u012f, skatindamas kolageno gamyb\u0105 ir atkuriant jaunatvi\u0161k\u0105 elastingum\u0105.<\/p>\n<p data-start=\"2025\" data-end=\"2454\">Pa\u017eangi formul\u0117 sujungia NIMNI\u2122 technologij\u0105 (2X aminor\u016bg\u0161tys), 0,25% laipsni\u0161kai i\u0161siskiriant\u012f retinol\u012f, biomimetinius peptidus ir galingus antioksidantus, tokius kaip vitaminas C ir NMN, kurie kartu stimuliuoja l\u0105steli\u0173 regeneracij\u0105, gerina tekst\u016br\u0105 ir stiprina odos stangrum\u0105. Micellular CellRenew-16 kompleksas pagerina veikli\u0173j\u0173 med\u017eiag\u0173 \u012fsiskverbim\u0105 ir i\u0161laiko dr\u0117gm\u0119 vis\u0105 nakt\u012f, tod\u0117l oda lieka pamaitinta ir atgaivinta.<\/p>\n<p data-start=\"2456\" data-end=\"2623\">Klini\u0161kai \u012frodyti rezultatai:<\/p>\n<ul>\n<li data-start=\"2456\" data-end=\"2623\">+200% padid\u0117jusi kolageno sintez\u0117 per 90 valand\u0173<\/li>\n<li data-start=\"2456\" data-end=\"2623\">+350% padid\u0117j\u0119s elastino skaidul\u0173 formavimasis<\/li>\n<li data-start=\"2456\" data-end=\"2623\">+300% pager\u0117jusi dermos strukt\u016bra<\/li>\n<\/ul>\n<p data-start=\"2625\" data-end=\"2777\">Reguliariai naudojant, ReActivate Rx Moisturizer suma\u017eina smulkias rauk\u0161les, pagerina odos tekst\u016br\u0105 ir atspalv\u012f, tod\u0117l ji atrodo jaunesn\u0117 ir \u0161vytinti.<\/p>\n<p data-start=\"2779\" data-end=\"2797\"><strong data-start=\"2779\" data-end=\"2789\">T\u016bris:<\/strong> 50 ml<\/p>\n","protected":false},"excerpt":{"rendered":"<p data-start=\"2986\" data-end=\"3044\">Prokolageno naktinis kremas atsinaujinimui ir stangrumui<\/p>\n<h2 data-start=\"3046\" data-end=\"3315\"><strong data-start=\"3046\" data-end=\"3098\">HydroPeptide &#8211; ReActivate Rx Moisturizer Savyb\u0117s<\/strong><\/h2>\n<p data-start=\"3046\" data-end=\"3315\" data-is-last-node=\"\" data-is-only-node=\"\">\u2714\ufe0f Paspartina naktin\u0119 l\u0105steli\u0173 regeneracij\u0105<br data-start=\"3144\" data-end=\"3147\" \/>\u2714\ufe0f Ma\u017eina rauk\u0161les ir gerina odos tekst\u016br\u0105<br data-start=\"3189\" data-end=\"3192\" \/>\u2714\ufe0f Didina elastingum\u0105 ir stangrum\u0105<br data-start=\"3226\" data-end=\"3229\" \/>\u2714\ufe0f Skaistina ir suvienodina odos atspalv\u012f<br data-start=\"3270\" data-end=\"3273\" \/>\u2714\ufe0f Giliai dr\u0117kina ir stiprina odos barjer\u0105<\/p>\n","protected":false},"featured_media":61629,"template":"","meta":[],"pwb-brand":[1212],"product_brand":[],"product_cat":[738,654,750],"product_tag":[],"giftcard-category":[],"class_list":{"0":"post-58842","1":"product","2":"type-product","3":"status-publish","4":"has-post-thumbnail","6":"pwb-brand-hydropeptide","7":"product_cat-drekinimas","8":"product_cat-ph-formula-lt","9":"product_cat-senstanti-oda","11":"first","12":"instock","13":"taxable","14":"shipping-taxable","15":"purchasable","16":"product-type-simple"},"acf":[],"brands":[{"id":1212,"name":"HydroPeptide","slug":"hydropeptide"}],"_links":{"self":[{"href":"https:\/\/skinstudio.ee\/lt\/wp-json\/wp\/v2\/product\/58842","targetHints":{"allow":["GET"]}}],"collection":[{"href":"https:\/\/skinstudio.ee\/lt\/wp-json\/wp\/v2\/product"}],"about":[{"href":"https:\/\/skinstudio.ee\/lt\/wp-json\/wp\/v2\/types\/product"}],"version-history":[{"count":0,"href":"https:\/\/skinstudio.ee\/lt\/wp-json\/wp\/v2\/product\/58842\/revisions"}],"wp:featuredmedia":[{"embeddable":true,"href":"https:\/\/skinstudio.ee\/lt\/wp-json\/wp\/v2\/media\/61629"}],"wp:attachment":[{"href":"https:\/\/skinstudio.ee\/lt\/wp-json\/wp\/v2\/media?parent=58842"}],"wp:term":[{"taxonomy":"pwb-brand","embeddable":true,"href":"https:\/\/skinstudio.ee\/lt\/wp-json\/wp\/v2\/pwb-brand?post=58842"},{"taxonomy":"product_brand","embeddable":true,"href":"https:\/\/skinstudio.ee\/lt\/wp-json\/wp\/v2\/product_brand?post=58842"},{"taxonomy":"product_cat","embeddable":true,"href":"https:\/\/skinstudio.ee\/lt\/wp-json\/wp\/v2\/product_cat?post=58842"},{"taxonomy":"product_tag","embeddable":true,"href":"https:\/\/skinstudio.ee\/lt\/wp-json\/wp\/v2\/product_tag?post=58842"},{"taxonomy":"giftcard-category","embeddable":true,"href":"https:\/\/skinstudio.ee\/lt\/wp-json\/wp\/v2\/giftcard-category?post=58842"}],"curies":[{"name":"wp","href":"https:\/\/api.w.org\/{rel}","templated":true}]}}