{"id":58867,"date":"2025-11-10T11:17:53","date_gmt":"2025-11-10T11:17:53","guid":{"rendered":"https:\/\/skinstudio.ee\/?post_type=product&#038;p=58867"},"modified":"2025-12-29T10:01:43","modified_gmt":"2025-12-29T10:01:43","slug":"reactivate-rx-serum","status":"publish","type":"product","link":"https:\/\/skinstudio.ee\/lt\/catalog\/hydropeptide\/reactivate-rx-serum\/","title":{"rendered":"ReActivate RX Serum"},"content":{"rendered":"<p data-start=\"1875\" data-end=\"2187\">ReActivate Rx Serum \u2013 inovatyvus sen\u0117jim\u0105 stabdantis serumas, sukurtas visapusi\u0161kam odos atstatymui ir vis\u0173 sen\u0117jimo po\u017eymi\u0173 ma\u017einimui. Naujos kartos peptid\u0173 pagrindu sukurta formul\u0117 veikia l\u0105steli\u0173 lygiu, akivaizd\u017eiai gerina odos ton\u0105, elastingum\u0105 ir tekst\u016br\u0105, ma\u017eina u\u017edegimus bei stiprina apsaugin\u012f barjer\u0105.<\/p>\n<p data-start=\"2189\" data-end=\"2624\">Kartu su ReActivate Rx Moisturizer \u0161i sistema veikia kaip galingas naktinis kompleksas, kuris stimuliuoja kolageno gamyb\u0105, stiprina audini\u0173 strukt\u016br\u0105 ir atkuria odos gyvybingum\u0105. Serume yra dviguba aminor\u016bg\u0161\u010di\u0173 koncentracija, laipsni\u0161kai i\u0161siskiriantis retinolis, biomimetiniai peptidai ir galingi antioksidantai \u2013 stabili vitamino C forma ir NMN \u2013 kurie sinergi\u0161kai skatina intensyv\u0173 l\u0105steli\u0173 atsinaujinim\u0105 ir didina odos stangrum\u0105.<\/p>\n<p data-start=\"2626\" data-end=\"2894\">ReActivate Rx \u2013 tai daugiau nei dvide\u0161imt met\u0173 peptid\u0173 technologij\u0173 ir regeneracin\u0117s estetikos tyrim\u0173 rezultatas. Tai ne tik odos prie\u017ei\u016bra, bet ir visapusi\u0161ka strategija, stiprinanti odos strukt\u016br\u0105 l\u0105steli\u0173 lygiu, skatinanti jos ilgaam\u017ei\u0161kum\u0105 ir nat\u016bral\u0173 \u0161vyt\u0117jim\u0105.<\/p>\n<p data-start=\"2896\" data-end=\"3111\">Klini\u0161kai \u012frodyta:<br data-start=\"2914\" data-end=\"2917\" \/>+200% padid\u0117jusi kolageno sintez\u0117 po 90 valand\u0173<br data-start=\"2964\" data-end=\"2967\" \/>+350% padid\u0117jusi elastino skaidul\u0173 formacija, gerinanti odos elastingum\u0105<br data-start=\"3039\" data-end=\"3042\" \/>+300% pager\u0117jusi dermos strukt\u016bra glotnesnei ir tankesnei tekst\u016brai<\/p>\n<p data-start=\"3113\" data-end=\"3131\"><strong data-start=\"3113\" data-end=\"3123\">T\u016bris:<\/strong> 30 ml<\/p>\n","protected":false},"excerpt":{"rendered":"<p data-start=\"3287\" data-end=\"3339\">Atkuriamasis serumas odos stangrumui ir \u0161vyt\u0117jimui<\/p>\n<h2 data-start=\"3341\" data-end=\"3570\"><strong data-start=\"3341\" data-end=\"3387\">HydroPeptide &#8211; ReActivate Rx Serum Savyb\u0117s<\/strong><\/h2>\n<p data-start=\"3341\" data-end=\"3570\" data-is-last-node=\"\" data-is-only-node=\"\">\u2714\ufe0f Stimuliuoja kolageno ir elastino gamyb\u0105<br data-start=\"3432\" data-end=\"3435\" \/>\u2714\ufe0f Didina odos tank\u012f ir stangrum\u0105<br data-start=\"3468\" data-end=\"3471\" \/>\u2714\ufe0f I\u0161lygina ton\u0105 ir gerina tekst\u016br\u0105<br data-start=\"3506\" data-end=\"3509\" \/>\u2714\ufe0f Stiprina apsaugin\u012f barjer\u0105<br data-start=\"3538\" data-end=\"3541\" \/>\u2714\ufe0f Atkuria nat\u016bral\u0173 \u0161vyt\u0117jim\u0105<\/p>\n","protected":false},"featured_media":61624,"template":"","meta":[],"pwb-brand":[1212],"product_brand":[],"product_cat":[654,752,750,724],"product_tag":[],"giftcard-category":[],"class_list":{"0":"post-58867","1":"product","2":"type-product","3":"status-publish","4":"has-post-thumbnail","6":"pwb-brand-hydropeptide","7":"product_cat-ph-formula-lt","8":"product_cat-pigmentacija-lt","9":"product_cat-senstanti-oda","10":"product_cat-serumai","12":"first","13":"instock","14":"taxable","15":"shipping-taxable","16":"purchasable","17":"product-type-simple"},"acf":[],"brands":[{"id":1212,"name":"HydroPeptide","slug":"hydropeptide"}],"_links":{"self":[{"href":"https:\/\/skinstudio.ee\/lt\/wp-json\/wp\/v2\/product\/58867","targetHints":{"allow":["GET"]}}],"collection":[{"href":"https:\/\/skinstudio.ee\/lt\/wp-json\/wp\/v2\/product"}],"about":[{"href":"https:\/\/skinstudio.ee\/lt\/wp-json\/wp\/v2\/types\/product"}],"version-history":[{"count":0,"href":"https:\/\/skinstudio.ee\/lt\/wp-json\/wp\/v2\/product\/58867\/revisions"}],"wp:featuredmedia":[{"embeddable":true,"href":"https:\/\/skinstudio.ee\/lt\/wp-json\/wp\/v2\/media\/61624"}],"wp:attachment":[{"href":"https:\/\/skinstudio.ee\/lt\/wp-json\/wp\/v2\/media?parent=58867"}],"wp:term":[{"taxonomy":"pwb-brand","embeddable":true,"href":"https:\/\/skinstudio.ee\/lt\/wp-json\/wp\/v2\/pwb-brand?post=58867"},{"taxonomy":"product_brand","embeddable":true,"href":"https:\/\/skinstudio.ee\/lt\/wp-json\/wp\/v2\/product_brand?post=58867"},{"taxonomy":"product_cat","embeddable":true,"href":"https:\/\/skinstudio.ee\/lt\/wp-json\/wp\/v2\/product_cat?post=58867"},{"taxonomy":"product_tag","embeddable":true,"href":"https:\/\/skinstudio.ee\/lt\/wp-json\/wp\/v2\/product_tag?post=58867"},{"taxonomy":"giftcard-category","embeddable":true,"href":"https:\/\/skinstudio.ee\/lt\/wp-json\/wp\/v2\/giftcard-category?post=58867"}],"curies":[{"name":"wp","href":"https:\/\/api.w.org\/{rel}","templated":true}]}}