{"id":58895,"date":"2023-05-24T17:56:05","date_gmt":"2023-05-24T17:56:05","guid":{"rendered":"https:\/\/skinstudio.ee\/?post_type=product&#038;p=58895"},"modified":"2025-12-29T09:39:15","modified_gmt":"2025-12-29T09:39:15","slug":"advanced-day-eye-protect","status":"publish","type":"product","link":"https:\/\/skinstudio.ee\/lt\/catalog\/medik8\/advanced-day-eye-protect\/","title":{"rendered":"Advanced Day Eye Protect\u2122"},"content":{"rendered":"<p data-start=\"2644\" data-end=\"2965\">Apsaugokite jautri\u0105 od\u0105 aplink akis naudodami <strong data-start=\"2707\" data-end=\"2736\">Advanced Day Eye Protect\u2122<\/strong> \u2013 lengv\u0105, bet veiksming\u0105 maitinam\u0105j\u012f dienin\u012f krem\u0105, kuris suteikia visapusi\u0161k\u0105 apsaug\u0105 nuo aplinkos poveikio ir matom\u0173 sen\u0117jimo po\u017eymi\u0173. Bekvapis kremas greitai susigeria, suteikia ilgalaik\u012f dr\u0117kinim\u0105 ir komfort\u0105 visai dienai.<\/p>\n<p data-start=\"2967\" data-end=\"3252\">Patobulinta formul\u0117 suteikia <strong data-start=\"2996\" data-end=\"3032\">pla\u010dios apsaugos SPF 30 \/ 5\u2605 UVA<\/strong> kartu su apsauga nuo tar\u0161os, infraraudon\u0173j\u0173 ir m\u0117lynos \u0161viesos spinduli\u0173. <strong data-start=\"3107\" data-end=\"3119\">Kofeinas<\/strong> ir <strong data-start=\"3123\" data-end=\"3139\">hesperidinas<\/strong> veikia kartu \u2013 ma\u017eina paburkim\u0105, gerina mikrocirkuliacij\u0105 ir skaistina paaki\u0173 srit\u012f, suteikdami akims \u017evalumo.<\/p>\n<p data-start=\"3254\" data-end=\"3589\">Stiprus antioksidant\u0173 kompleksas \u2013 <strong data-start=\"3289\" data-end=\"3312\">moringos ekstraktas<\/strong>, <strong data-start=\"3314\" data-end=\"3328\">karnosinas<\/strong> ir <strong data-start=\"3332\" data-end=\"3354\">kakavos ekstraktas<\/strong> \u2013 sukuria nematom\u0105 apsaugin\u012f sluoksn\u012f, kuris kovoja su laisvaisiais radikalais ir apsaugo od\u0105 nuo UV spinduli\u0173 bei tar\u0161os poveikio. Nepaisant auk\u0161to SPF, kremo tekst\u016bra yra itin lengva, tod\u0117l jis puikiai tinka kasdieniam naudojimui.<\/p>\n<p data-start=\"3591\" data-end=\"4031\"><strong data-start=\"3591\" data-end=\"3616\">Aktyv\u016bs ingredientai:<\/strong><br data-start=\"3616\" data-end=\"3619\" \/>\u2013 <strong data-start=\"3621\" data-end=\"3644\">Moringos ekstraktas<\/strong> \u2013 sukuria apsaugin\u012f barjer\u0105 nuo tar\u0161os ir toksin\u0173.<br data-start=\"3695\" data-end=\"3698\" \/>\u2013 <strong data-start=\"3700\" data-end=\"3714\">Karnosinas<\/strong> \u2013 apsauginis peptidas, neleid\u017eia glikuotis kolagenui ir apsaugo nuo infraraudon\u0173j\u0173 spinduli\u0173.<br data-start=\"3808\" data-end=\"3811\" \/>\u2013 <strong data-start=\"3813\" data-end=\"3835\">Kakavos ekstraktas<\/strong> \u2013 apsaugo nuo m\u0117lynos \u0161viesos ir skatina kolageno gamyb\u0105.<br data-start=\"3893\" data-end=\"3896\" \/>\u2013 <strong data-start=\"3898\" data-end=\"3910\">Kofeinas<\/strong> \u2013 ma\u017eina paburkim\u0105 ir suteikia gaivumo poj\u016bt\u012f.<br data-start=\"3957\" data-end=\"3960\" \/>\u2013 <strong data-start=\"3962\" data-end=\"3978\">Hesperidinas<\/strong> \u2013 stiprina kapiliarus ir gerina mikrocirkuliacij\u0105.<\/p>\n<p data-start=\"4033\" data-end=\"4051\"><strong data-start=\"4033\" data-end=\"4043\">T\u016bris:<\/strong> 15 ml<\/p>\n","protected":false},"excerpt":{"rendered":"<p data-start=\"2272\" data-end=\"2322\">Daugiafunkcinis atstatantis paaki\u0173 kremas<\/p>\n<h2 data-start=\"2324\" data-end=\"2642\"><strong data-start=\"2324\" data-end=\"2370\">MEDIK8 &#8211; Advanced Day Eye Protect\u2122 savyb\u0117s<\/strong><\/h2>\n<p data-start=\"2324\" data-end=\"2642\">\u2714\ufe0f Giliai maitina ir dr\u0117kina jautri\u0105 od\u0105 aplink akis<br data-start=\"2425\" data-end=\"2428\" \/>\u2714\ufe0f Ma\u017eina paburkim\u0105 ir pa\u0161viesina tamsius ratilus<br data-start=\"2477\" data-end=\"2480\" \/>\u2714\ufe0f Apsaugo nuo UV spinduli\u0173, tar\u0161os ir m\u0117lynos \u0161viesos<br data-start=\"2534\" data-end=\"2537\" \/>\u2714\ufe0f Ma\u017eina rauk\u0161les ir padeda i\u0161vengti prie\u0161laikinio sen\u0117jimo<br data-start=\"2597\" data-end=\"2600\" \/>\u2714\ufe0f Palieka od\u0105 lygi\u0105, stangri\u0105 ir gaivi\u0105<\/p>\n","protected":false},"featured_media":62981,"template":"","meta":[],"pwb-brand":[1206],"product_brand":[],"product_cat":[738,746,734,752,740,750,732],"product_tag":[],"giftcard-category":[],"class_list":{"0":"post-58895","1":"product","2":"type-product","3":"status-publish","4":"has-post-thumbnail","6":"pwb-brand-medik8","7":"product_cat-drekinimas","8":"product_cat-jautriai-odai","9":"product_cat-oda-aplink-akis","10":"product_cat-pigmentacija-lt","11":"product_cat-sausai-odai","12":"product_cat-senstanti-oda","13":"product_cat-spf-apsauga","15":"first","16":"instock","17":"taxable","18":"shipping-taxable","19":"purchasable","20":"product-type-simple"},"acf":[],"brands":[{"id":1206,"name":"Medik8","slug":"medik8"}],"_links":{"self":[{"href":"https:\/\/skinstudio.ee\/lt\/wp-json\/wp\/v2\/product\/58895","targetHints":{"allow":["GET"]}}],"collection":[{"href":"https:\/\/skinstudio.ee\/lt\/wp-json\/wp\/v2\/product"}],"about":[{"href":"https:\/\/skinstudio.ee\/lt\/wp-json\/wp\/v2\/types\/product"}],"version-history":[{"count":0,"href":"https:\/\/skinstudio.ee\/lt\/wp-json\/wp\/v2\/product\/58895\/revisions"}],"wp:featuredmedia":[{"embeddable":true,"href":"https:\/\/skinstudio.ee\/lt\/wp-json\/wp\/v2\/media\/62981"}],"wp:attachment":[{"href":"https:\/\/skinstudio.ee\/lt\/wp-json\/wp\/v2\/media?parent=58895"}],"wp:term":[{"taxonomy":"pwb-brand","embeddable":true,"href":"https:\/\/skinstudio.ee\/lt\/wp-json\/wp\/v2\/pwb-brand?post=58895"},{"taxonomy":"product_brand","embeddable":true,"href":"https:\/\/skinstudio.ee\/lt\/wp-json\/wp\/v2\/product_brand?post=58895"},{"taxonomy":"product_cat","embeddable":true,"href":"https:\/\/skinstudio.ee\/lt\/wp-json\/wp\/v2\/product_cat?post=58895"},{"taxonomy":"product_tag","embeddable":true,"href":"https:\/\/skinstudio.ee\/lt\/wp-json\/wp\/v2\/product_tag?post=58895"},{"taxonomy":"giftcard-category","embeddable":true,"href":"https:\/\/skinstudio.ee\/lt\/wp-json\/wp\/v2\/giftcard-category?post=58895"}],"curies":[{"name":"wp","href":"https:\/\/api.w.org\/{rel}","templated":true}]}}