{"id":58925,"date":"2023-05-24T17:56:05","date_gmt":"2023-05-24T17:56:05","guid":{"rendered":"https:\/\/skinstudio.ee\/?post_type=product&#038;p=58925"},"modified":"2025-12-29T09:39:15","modified_gmt":"2025-12-29T09:39:15","slug":"advanced-day-total-protect","status":"publish","type":"product","link":"https:\/\/skinstudio.ee\/lt\/catalog\/medik8\/advanced-day-total-protect\/","title":{"rendered":"Advanced Day Total Protect\u2122"},"content":{"rendered":"<p data-start=\"2350\" data-end=\"2676\"><strong data-start=\"2367\" data-end=\"2398\">Advanced Day Total Protect\u2122<\/strong> sujungia apsaug\u0105 nuo tar\u0161os, infraraudonos ir m\u0117lynos \u0161viesos su sen\u0117jim\u0105 stabdan\u010diu poveikiu, u\u017etikrindamas SPF 30 ir 5* UVA apsaug\u0105. \u0160is lengvas dieninis kremas efektyviai apsaugo od\u0105 nuo aplinkos poveikio ir laisv\u0173j\u0173 radikal\u0173, pad\u0117damas i\u0161vengti ankstyv\u0173 sen\u0117jimo po\u017eymi\u0173.<\/p>\n<p data-start=\"2678\" data-end=\"2919\">Nepaisant auk\u0161to SPF, kremas turi ypa\u010d lengv\u0105 tekst\u016br\u0105, greitai susigeria ir nepalieka balt\u0173 \u017eymi\u0173. Jis idealiai tinka kasdieniam naudojimui ir puikiai veikia kaip makia\u017eo pagrindas, i\u0161laikydamas od\u0105 dr\u0117gn\u0105, lygi\u0105 ir spindin\u010di\u0105 vis\u0105 dien\u0105.<\/p>\n<p data-start=\"2921\" data-end=\"3383\"><strong data-start=\"2921\" data-end=\"2946\">Aktyv\u016bs ingredientai:<\/strong><br data-start=\"2946\" data-end=\"2949\" \/>\u2013 <strong data-start=\"2951\" data-end=\"2970\">Moringa extract<\/strong> \u2013 naujos kartos antioksidantas, sukuriantis apsaugin\u012f sluoksn\u012f ant odos pavir\u0161iaus ir apsaugantis nuo aplinkos tar\u0161os poveikio.<br data-start=\"3098\" data-end=\"3101\" \/>\u2013 <strong data-start=\"3103\" data-end=\"3116\">Carnosine<\/strong> \u2013 apsauginis peptidas, kuris stabdo kolageno glikacij\u0105, ma\u017eina rauk\u0161li\u0173 formavim\u0105si ir saugo od\u0105 nuo infraraudonosios spinduliuot\u0117s.<br data-start=\"3249\" data-end=\"3252\" \/>\u2013 <strong data-start=\"3254\" data-end=\"3271\">Cocoa extract<\/strong> \u2013 galingas antioksidantas i\u0161 kakavos pupeli\u0173, saugantis od\u0105 nuo m\u0117lynos \u0161viesos ir didinantis kolageno kiek\u012f.<\/p>\n<p data-start=\"3385\" data-end=\"3403\"><strong data-start=\"3385\" data-end=\"3395\">T\u016bris:<\/strong> 50 ml<\/p>\n","protected":false},"excerpt":{"rendered":"<p data-start=\"1953\" data-end=\"2017\">Jauninantis dr\u0117kinamasis kremas su SPF 30 ir UV apsauga<\/p>\n<h2 data-start=\"2019\" data-end=\"2348\"><strong data-start=\"2019\" data-end=\"2067\">Medik8 &#8211; Advanced Day Total Protect\u2122 savyb\u0117s<\/strong><\/h2>\n<p data-start=\"2019\" data-end=\"2348\">\u2714\ufe0f Padeda i\u0161vengti prie\u0161laikinio odos sen\u0117jimo<br data-start=\"2116\" data-end=\"2119\" \/>\u2714\ufe0f Giliai dr\u0117kina ir stiprina apsaugin\u012f barjer\u0105<br data-start=\"2166\" data-end=\"2169\" \/>\u2714\ufe0f Apsaugo nuo tar\u0161os, m\u0117lynos ir infraraudonos \u0161viesos<br data-start=\"2224\" data-end=\"2227\" \/>\u2714\ufe0f Ma\u017eina smulkias rauk\u0161les ir gerina odos stangrum\u0105<br data-start=\"2279\" data-end=\"2282\" \/>\u2714\ufe0f Puikiai tinka kasdieniam naudojimui ir kaip makia\u017eo pagrindas<\/p>\n","protected":false},"featured_media":62976,"template":"","meta":[],"pwb-brand":[1206],"product_brand":[],"product_cat":[738,746,752,740,750,732],"product_tag":[],"giftcard-category":[],"class_list":{"0":"post-58925","1":"product","2":"type-product","3":"status-publish","4":"has-post-thumbnail","6":"pwb-brand-medik8","7":"product_cat-drekinimas","8":"product_cat-jautriai-odai","9":"product_cat-pigmentacija-lt","10":"product_cat-sausai-odai","11":"product_cat-senstanti-oda","12":"product_cat-spf-apsauga","13":"pa_suurus-15ml-lt","14":"pa_suurus-50ml-lt","16":"first","17":"instock","18":"taxable","19":"shipping-taxable","20":"purchasable","21":"product-type-simple"},"acf":[],"brands":[{"id":1206,"name":"Medik8","slug":"medik8"}],"_links":{"self":[{"href":"https:\/\/skinstudio.ee\/lt\/wp-json\/wp\/v2\/product\/58925","targetHints":{"allow":["GET"]}}],"collection":[{"href":"https:\/\/skinstudio.ee\/lt\/wp-json\/wp\/v2\/product"}],"about":[{"href":"https:\/\/skinstudio.ee\/lt\/wp-json\/wp\/v2\/types\/product"}],"version-history":[{"count":0,"href":"https:\/\/skinstudio.ee\/lt\/wp-json\/wp\/v2\/product\/58925\/revisions"}],"wp:featuredmedia":[{"embeddable":true,"href":"https:\/\/skinstudio.ee\/lt\/wp-json\/wp\/v2\/media\/62976"}],"wp:attachment":[{"href":"https:\/\/skinstudio.ee\/lt\/wp-json\/wp\/v2\/media?parent=58925"}],"wp:term":[{"taxonomy":"pwb-brand","embeddable":true,"href":"https:\/\/skinstudio.ee\/lt\/wp-json\/wp\/v2\/pwb-brand?post=58925"},{"taxonomy":"product_brand","embeddable":true,"href":"https:\/\/skinstudio.ee\/lt\/wp-json\/wp\/v2\/product_brand?post=58925"},{"taxonomy":"product_cat","embeddable":true,"href":"https:\/\/skinstudio.ee\/lt\/wp-json\/wp\/v2\/product_cat?post=58925"},{"taxonomy":"product_tag","embeddable":true,"href":"https:\/\/skinstudio.ee\/lt\/wp-json\/wp\/v2\/product_tag?post=58925"},{"taxonomy":"giftcard-category","embeddable":true,"href":"https:\/\/skinstudio.ee\/lt\/wp-json\/wp\/v2\/giftcard-category?post=58925"}],"curies":[{"name":"wp","href":"https:\/\/api.w.org\/{rel}","templated":true}]}}