{"id":59030,"date":"2023-05-24T17:56:05","date_gmt":"2023-05-24T17:56:05","guid":{"rendered":"https:\/\/skinstudio.ee\/?post_type=product&#038;p=59030"},"modified":"2025-12-29T09:39:18","modified_gmt":"2025-12-29T09:39:18","slug":"intelligent-retinol-eye-tr","status":"publish","type":"product","link":"https:\/\/skinstudio.ee\/lt\/catalog\/medik8\/intelligent-retinol-eye-tr\/","title":{"rendered":"Intelligent Retinol Eye TR\u2122"},"content":{"rendered":"<p data-start=\"2234\" data-end=\"2958\">Sukurta papildyti nat\u016bral\u0173 odos naktin\u012f regeneracijos cikl\u0105, <strong data-start=\"2295\" data-end=\"2326\">Intelligent Retinol Eye TR\u2122<\/strong> stiprina ir atjaunina od\u0105 aplink akis, kol miegate \u2013 kad pabustum\u0117te su gaiviomis, pails\u0117jusiomis ir \u0161vytin\u010diomis akimis.<br data-start=\"2448\" data-end=\"2451\" \/>Formul\u0117je derinamas <strong data-start=\"2471\" data-end=\"2496\">0,1% grynas retinolis<\/strong> ir <strong data-start=\"2500\" data-end=\"2515\">E vitaminas<\/strong>, kurie kartu gerina odos tekst\u016br\u0105, ma\u017eina smulkias rauk\u0161leles ir linijas bei didina elastingum\u0105 ir stangrum\u0105.<br data-start=\"2625\" data-end=\"2628\" \/><strong data-start=\"2628\" data-end=\"2644\">Time Release<\/strong> technologija u\u017etikrina laipsni\u0161k\u0105 retinolio i\u0161siskyrim\u0105 \u012f gilesnius odos sluoksnius, kad b\u016bt\u0173 pasiekti maksimal\u016bs rezultatai be sudirginimo. Lengva, bekvap\u0117 tekst\u016bra greitai \u012fsigeria, dr\u0117kina ir maitina od\u0105 neu\u017ekem\u0161ant por\u0173. Po keli\u0173 naudojim\u0173 oda aplink akis tampa lygesn\u0117, stangresn\u0117 ir akivaizd\u017eiai \u0161vytinti.<\/p>\n<p data-start=\"2960\" data-end=\"3574\"><strong data-start=\"2960\" data-end=\"2985\">Aktyv\u016bs ingredientai:<\/strong><br data-start=\"2985\" data-end=\"2988\" \/>\u2013 <strong data-start=\"2990\" data-end=\"3010\">Retinolis (0,1%)<\/strong> \u2013 grynas A vitaminas, kuris spartina l\u0105steli\u0173 atsinaujinim\u0105, skatina kolageno sintez\u0119 ir i\u0161lygina odos atspalv\u012f.<br data-start=\"3123\" data-end=\"3126\" \/>\u2013 <strong data-start=\"3128\" data-end=\"3143\">E vitaminas<\/strong> \u2013 stiprus antioksidantas, neutralizuoja laisvuosius radikalus ir stabilizuoja retinol\u012f, kad padidint\u0173 jo veiksmingum\u0105.<br data-start=\"3262\" data-end=\"3265\" \/>\u2013 <strong data-start=\"3267\" data-end=\"3296\">Time Release technologija<\/strong> \u2013 u\u017etikrina laipsni\u0161k\u0105 retinolio i\u0161siskyrim\u0105 \u0161velniam, bet intensyviam poveikiui be sudirginimo.<br data-start=\"3393\" data-end=\"3396\" \/>\u2013 <strong data-start=\"3398\" data-end=\"3423\">Augaliniai emolientai<\/strong> \u2013 mink\u0161tina, maitina ir gerina odos elastingum\u0105.<br data-start=\"3472\" data-end=\"3475\" \/>\u2013 <strong data-start=\"3477\" data-end=\"3505\">Antioksidant\u0173 kompleksas<\/strong> \u2013 stiprina apsaug\u0105 nuo aplinkos poveikio ir palaiko odos spindes\u012f.<\/p>\n<p data-start=\"3576\" data-end=\"3593\"><strong data-start=\"3576\" data-end=\"3586\">T\u016bris:<\/strong> 7 ml<\/p>\n","protected":false},"excerpt":{"rendered":"<p data-start=\"3972\" data-end=\"4009\">Pa\u017eangus aki\u0173 serumas su A vitaminu<\/p>\n<h2 data-start=\"4011\" data-end=\"4287\"><strong data-start=\"4011\" data-end=\"4059\">MEDIK8 &#8211; Intelligent Retinol Eye TR\u2122 savyb\u0117s<\/strong><\/h2>\n<p data-start=\"4011\" data-end=\"4287\">\u2714\ufe0f Lygina smulkias rauk\u0161leles ir nuovargio po\u017eymius<br data-start=\"4113\" data-end=\"4116\" \/>\u2714\ufe0f Skatina kolageno gamyb\u0105 ir l\u0105steli\u0173 atsinaujinim\u0105<br data-start=\"4168\" data-end=\"4171\" \/>\u2714\ufe0f Gerina odos stangrum\u0105 ir tank\u012f<br data-start=\"4204\" data-end=\"4207\" \/>\u2714\ufe0f Mink\u0161tina, maitina ir dr\u0117kina<br data-start=\"4239\" data-end=\"4242\" \/>\u2714\ufe0f Suteikia \u017evilgsniui \u0161vyt\u0117jimo ir gaivumo<\/p>\n","protected":false},"featured_media":62956,"template":"","meta":[],"pwb-brand":[1206],"product_brand":[],"product_cat":[738,744,746,734,752,740,750,724,728],"product_tag":[],"giftcard-category":[],"class_list":{"0":"post-59030","1":"product","2":"type-product","3":"status-publish","4":"has-post-thumbnail","6":"pwb-brand-medik8","7":"product_cat-drekinimas","8":"product_cat-issipletusios-poros","9":"product_cat-jautriai-odai","10":"product_cat-oda-aplink-akis","11":"product_cat-pigmentacija-lt","12":"product_cat-sausai-odai","13":"product_cat-senstanti-oda","14":"product_cat-serumai","15":"product_cat-vitaminas-a-retinolis","17":"first","18":"instock","19":"taxable","20":"shipping-taxable","21":"purchasable","22":"product-type-simple"},"acf":[],"brands":[{"id":1206,"name":"Medik8","slug":"medik8"}],"_links":{"self":[{"href":"https:\/\/skinstudio.ee\/lt\/wp-json\/wp\/v2\/product\/59030","targetHints":{"allow":["GET"]}}],"collection":[{"href":"https:\/\/skinstudio.ee\/lt\/wp-json\/wp\/v2\/product"}],"about":[{"href":"https:\/\/skinstudio.ee\/lt\/wp-json\/wp\/v2\/types\/product"}],"version-history":[{"count":0,"href":"https:\/\/skinstudio.ee\/lt\/wp-json\/wp\/v2\/product\/59030\/revisions"}],"wp:featuredmedia":[{"embeddable":true,"href":"https:\/\/skinstudio.ee\/lt\/wp-json\/wp\/v2\/media\/62956"}],"wp:attachment":[{"href":"https:\/\/skinstudio.ee\/lt\/wp-json\/wp\/v2\/media?parent=59030"}],"wp:term":[{"taxonomy":"pwb-brand","embeddable":true,"href":"https:\/\/skinstudio.ee\/lt\/wp-json\/wp\/v2\/pwb-brand?post=59030"},{"taxonomy":"product_brand","embeddable":true,"href":"https:\/\/skinstudio.ee\/lt\/wp-json\/wp\/v2\/product_brand?post=59030"},{"taxonomy":"product_cat","embeddable":true,"href":"https:\/\/skinstudio.ee\/lt\/wp-json\/wp\/v2\/product_cat?post=59030"},{"taxonomy":"product_tag","embeddable":true,"href":"https:\/\/skinstudio.ee\/lt\/wp-json\/wp\/v2\/product_tag?post=59030"},{"taxonomy":"giftcard-category","embeddable":true,"href":"https:\/\/skinstudio.ee\/lt\/wp-json\/wp\/v2\/giftcard-category?post=59030"}],"curies":[{"name":"wp","href":"https:\/\/api.w.org\/{rel}","templated":true}]}}