{"id":59051,"date":"2023-05-24T17:56:05","date_gmt":"2023-05-24T17:56:05","guid":{"rendered":"https:\/\/skinstudio.ee\/?post_type=product&#038;p=59051"},"modified":"2025-12-29T09:39:19","modified_gmt":"2025-12-29T09:39:19","slug":"physical-sunscreen","status":"publish","type":"product","link":"https:\/\/skinstudio.ee\/lt\/catalog\/medik8\/physical-sunscreen\/","title":{"rendered":"Physical Sunscreen\u2122"},"content":{"rendered":"<p data-start=\"2333\" data-end=\"2862\">Sukurta maksimaliam apsaugos lygiui nuo saul\u0117s spinduli\u0173 ir aplinkos poveikio, <strong data-start=\"2412\" data-end=\"2442\">Physical Sunscreen\u2122 SPF 30<\/strong> sujungia naujos kartos fizinius filtrus su stipriais antioksidantais, apsaugodamas od\u0105 nuo fotosen\u0117jimo ir UV pa\u017eeidim\u0173.<br data-start=\"2563\" data-end=\"2566\" \/>Formul\u0117 su <strong data-start=\"2577\" data-end=\"2593\">cinko oksidu<\/strong> veikia kaip veidrodis, atspind\u0117damas \u017ealingus saul\u0117s spindulius, neerzindama ir neperkaitindama odos \u2013 prie\u0161ingai nei cheminiai kremai nuo saul\u0117s. Lengva, bekvap\u0117 tekst\u016bra greitai \u012fsigeria, nepalieka riebumo ar balto atspalvio ir suteikia komfort\u0105 net jautriai odai.<\/p>\n<p data-start=\"2864\" data-end=\"3409\">Pa\u017eangios <strong data-start=\"2874\" data-end=\"2892\">anti-pollution<\/strong>, <strong data-start=\"2894\" data-end=\"2906\">infrared<\/strong> ir <strong data-start=\"2910\" data-end=\"2925\">anti-A.G.E.<\/strong> apsaugos sistemos neutralizuoja laisvuosius radikalus, u\u017ekirsdamos keli\u0105 prie\u0161laikiniam sen\u0117jimui, smulkioms rauk\u0161l\u0117ms ir pigmentacijai. Vynuogi\u0173 kauliuk\u0173 ir \u017ealiosios arbatos ekstraktai ramina ir atstato od\u0105, bisabololis ir alantoinas stiprina apsaugin\u012f barjer\u0105. <strong data-start=\"3190\" data-end=\"3203\">Skvalanas<\/strong> ir <strong data-start=\"3207\" data-end=\"3243\">daugiar\u016bg\u0161tin\u0117 hialurono r\u016bg\u0161tis<\/strong>u\u017etikrina gili\u0105 dr\u0117gm\u0119, palikdami od\u0105 \u0161velni\u0105, elasting\u0105 ir lygi\u0105. \u0160is kremas puikiai tinka kaip makia\u017eo pagrindas \u2013 oda i\u0161lieka apsaugota, sudr\u0117kinta ir \u0161vytinti.<\/p>\n<p data-start=\"3411\" data-end=\"3922\"><strong data-start=\"3411\" data-end=\"3436\">Aktyv\u016bs ingredientai:<\/strong><br data-start=\"3436\" data-end=\"3439\" \/>\u2013 <strong data-start=\"3441\" data-end=\"3458\">Cinko oksidas<\/strong> \u2013 mineralinis UV filtras, u\u017etikrinantis plataus spektro UVA ir UVB apsaug\u0105, atspind\u0117damas saul\u0117s spindulius.<br data-start=\"3567\" data-end=\"3570\" \/>\u2013 <strong data-start=\"3572\" data-end=\"3598\">Post Treatment Complex<\/strong> \u2013 vynuogi\u0173 kauliuk\u0173, \u017ealiosios arbatos, bisabololio ir alantoino mi\u0161inys, kuris ramina ir atkuria od\u0105.<br data-start=\"3701\" data-end=\"3704\" \/>\u2013 <strong data-start=\"3706\" data-end=\"3719\">Skvalanas<\/strong> \u2013 giliai maitina ir palaiko odos elastingum\u0105.<br data-start=\"3765\" data-end=\"3768\" \/>\u2013 <strong data-start=\"3770\" data-end=\"3806\">Daugiar\u016bg\u0161tin\u0117 hialurono r\u016bg\u0161tis<\/strong> \u2013 suteikia ilgalaik\u012f dr\u0117kinim\u0105.<br data-start=\"3838\" data-end=\"3841\" \/>\u2013 <strong data-start=\"3843\" data-end=\"3871\">Antioksidant\u0173 kompleksas<\/strong> \u2013 apsaugo nuo laisv\u0173j\u0173 radikal\u0173 ir fotosen\u0117jimo.<\/p>\n<p data-start=\"3924\" data-end=\"3942\"><strong data-start=\"3924\" data-end=\"3934\">T\u016bris:<\/strong> 60 ml<\/p>\n","protected":false},"excerpt":{"rendered":"<p data-start=\"4087\" data-end=\"4129\">Plataus spektro SPF 30 kremas nuo saul\u0117s<\/p>\n<h2 data-start=\"4131\" data-end=\"4424\"><strong data-start=\"4131\" data-end=\"4171\">MEDIK8 &#8211; Physical Sunscreen\u2122 savyb\u0117s<\/strong><\/h2>\n<p data-start=\"4131\" data-end=\"4424\">\u2714\ufe0f U\u017etikrina plataus spektro UVA ir UVB apsaug\u0105<br data-start=\"4221\" data-end=\"4224\" \/>\u2714\ufe0f Ramina, dr\u0117kina ir \u0161velnina od\u0105<br data-start=\"4258\" data-end=\"4261\" \/>\u2714\ufe0f Apsaugo nuo tar\u0161os ir infraraudon\u0173j\u0173 spinduli\u0173<br data-start=\"4310\" data-end=\"4313\" \/>\u2714\ufe0f Padeda i\u0161vengti fotosen\u0117jimo ir smulki\u0173 rauk\u0161leli\u0173<br data-start=\"4366\" data-end=\"4369\" \/>\u2714\ufe0f Lengvos, neriebios tekst\u016bros kasdieniam naudojimui<\/p>\n","protected":false},"featured_media":62971,"template":"","meta":[],"pwb-brand":[1206],"product_brand":[],"product_cat":[746,752,740,750,732],"product_tag":[],"giftcard-category":[],"class_list":{"0":"post-59051","1":"product","2":"type-product","3":"status-publish","4":"has-post-thumbnail","6":"pwb-brand-medik8","7":"product_cat-jautriai-odai","8":"product_cat-pigmentacija-lt","9":"product_cat-sausai-odai","10":"product_cat-senstanti-oda","11":"product_cat-spf-apsauga","13":"first","14":"instock","15":"taxable","16":"shipping-taxable","17":"purchasable","18":"product-type-simple"},"acf":[],"brands":[{"id":1206,"name":"Medik8","slug":"medik8"}],"_links":{"self":[{"href":"https:\/\/skinstudio.ee\/lt\/wp-json\/wp\/v2\/product\/59051","targetHints":{"allow":["GET"]}}],"collection":[{"href":"https:\/\/skinstudio.ee\/lt\/wp-json\/wp\/v2\/product"}],"about":[{"href":"https:\/\/skinstudio.ee\/lt\/wp-json\/wp\/v2\/types\/product"}],"version-history":[{"count":0,"href":"https:\/\/skinstudio.ee\/lt\/wp-json\/wp\/v2\/product\/59051\/revisions"}],"wp:featuredmedia":[{"embeddable":true,"href":"https:\/\/skinstudio.ee\/lt\/wp-json\/wp\/v2\/media\/62971"}],"wp:attachment":[{"href":"https:\/\/skinstudio.ee\/lt\/wp-json\/wp\/v2\/media?parent=59051"}],"wp:term":[{"taxonomy":"pwb-brand","embeddable":true,"href":"https:\/\/skinstudio.ee\/lt\/wp-json\/wp\/v2\/pwb-brand?post=59051"},{"taxonomy":"product_brand","embeddable":true,"href":"https:\/\/skinstudio.ee\/lt\/wp-json\/wp\/v2\/product_brand?post=59051"},{"taxonomy":"product_cat","embeddable":true,"href":"https:\/\/skinstudio.ee\/lt\/wp-json\/wp\/v2\/product_cat?post=59051"},{"taxonomy":"product_tag","embeddable":true,"href":"https:\/\/skinstudio.ee\/lt\/wp-json\/wp\/v2\/product_tag?post=59051"},{"taxonomy":"giftcard-category","embeddable":true,"href":"https:\/\/skinstudio.ee\/lt\/wp-json\/wp\/v2\/giftcard-category?post=59051"}],"curies":[{"name":"wp","href":"https:\/\/api.w.org\/{rel}","templated":true}]}}